{"id":9602,"date":"2020-10-01T05:49:32","date_gmt":"2020-10-01T04:49:32","guid":{"rendered":"https:\/\/sos-shop.ch\/?post_type=product&#038;p=9602"},"modified":"2025-03-17T04:41:41","modified_gmt":"2025-03-17T03:41:41","slug":"gobelet-transparent__trashed","status":"publish","type":"product","link":"https:\/\/dev.sos-shop.ch\/en\/shop\/gobelet-transparent__trashed\/","title":{"rendered":"Gobelet transparent"},"content":{"rendered":"<p>Gobelets transparent PP 40 cl<br \/>\nPaquet de 40 pi\u00e8ces<br \/>\nCarton de 800 pieces<\/p>\n<p>Quantite de vente:<br \/>\n40 pi\u00e8ces<\/p>\n<h5><a class=\"nav-link active\" role=\"tab\" href=\"https:\/\/packonline.ch\/jetable\/215-gobelets-transparent-pp-4-dl.html#product-details\" data-toggle=\"tab\">D\u00c9TAILS DU PRODUIT<\/a><\/h5>\n<div class=\"product-reference\"><label class=\"label\">R\u00e9f\u00e9rence<\/label>\u00a0875.0<\/div>\n<div class=\"product-quantities\"><label class=\"label\">En stock<\/label>\u00a0<span data-stock=\"500\" data-allow-oosp=\"1\">500 Produits<\/span><\/div>\n<div class=\"product-out-of-stock\"><\/div>\n<div class=\"product-condition\"><label class=\"label\">\u00c9tat<\/label>\u00a0Nouveau produit<\/div>","protected":false},"excerpt":{"rendered":"<p>Gobelets transparent PP 40 cl Paquet de 40 pi\u00e8ces Carton de 800 pieces Quantite de vente: 40 pi\u00e8ces D\u00c9TAILS DU PRODUIT R\u00e9f\u00e9rence\u00a0875.0 En stock\u00a0500 Produits \u00c9tat\u00a0Nouveau produit<\/p>","protected":false},"featured_media":9603,"template":"","meta":[],"product_cat":[683],"product_tag":[],"acf":[],"_links":{"self":[{"href":"https:\/\/dev.sos-shop.ch\/en\/wp-json\/wp\/v2\/product\/9602"}],"collection":[{"href":"https:\/\/dev.sos-shop.ch\/en\/wp-json\/wp\/v2\/product"}],"about":[{"href":"https:\/\/dev.sos-shop.ch\/en\/wp-json\/wp\/v2\/types\/product"}],"version-history":[{"count":0,"href":"https:\/\/dev.sos-shop.ch\/en\/wp-json\/wp\/v2\/product\/9602\/revisions"}],"wp:featuredmedia":[{"embeddable":true,"href":"https:\/\/dev.sos-shop.ch\/en\/wp-json\/wp\/v2\/media\/9603"}],"wp:attachment":[{"href":"https:\/\/dev.sos-shop.ch\/en\/wp-json\/wp\/v2\/media?parent=9602"}],"wp:term":[{"taxonomy":"product_cat","embeddable":true,"href":"https:\/\/dev.sos-shop.ch\/en\/wp-json\/wp\/v2\/product_cat?post=9602"},{"taxonomy":"product_tag","embeddable":true,"href":"https:\/\/dev.sos-shop.ch\/en\/wp-json\/wp\/v2\/product_tag?post=9602"}],"curies":[{"name":"wp","href":"https:\/\/api.w.org\/{rel}","templated":true}]}}