{"id":9599,"date":"2020-10-01T05:41:21","date_gmt":"2020-10-01T04:41:21","guid":{"rendered":"https:\/\/sos-shop.ch\/?post_type=product&#038;p=9599"},"modified":"2025-03-17T04:41:41","modified_gmt":"2025-03-17T03:41:41","slug":"nappe-papier-creme__trashed","status":"publish","type":"product","link":"https:\/\/dev.sos-shop.ch\/en\/shop\/nappe-papier-creme__trashed\/","title":{"rendered":"Nappe papier cr\u00e8me"},"content":{"rendered":"<p>Le vendeur assume l&#8217;enti\u00e8re responsabilit\u00e9 de cette annonce.<\/p>\n<h5 class=\"secHd\">Caract\u00e9ristiques de l&#8217;objet<\/h5>\n<table role=\"presentation\" width=\"100%\" cellspacing=\"0\" cellpadding=\"0\">\n<tbody>\n<tr>\n<td class=\"attrLabels\">\u00c9tat\u00a0:<\/td>\n<td width=\"50.0%\">\n<div>Neuf:\u00a0<span id=\"vi-cond-addl-info\">Objet neuf et intact, n&#8217;ayant jamais servi, non ouvert, vendu dans son emballage d&#8217;origine\u00a0<\/span><span id=\"readFull\" class=\"infoLink u-nowrap\">&#8230;\u00a0<a>En savoir plus<b class=\"g-hdn\"><\/b><\/a><\/span><\/div>\n<\/td>\n<td class=\"attrLabels\">Echelle:<\/td>\n<td width=\"50.0%\"><span>100X100 CM<\/span><\/td>\n<\/tr>\n<tr>\n<td class=\"attrLabels\">Num\u00e9ro de pi\u00e8ce fabricant:<\/td>\n<td width=\"50.0%\"><span>I-0670<\/span><\/td>\n<td class=\"attrLabels\">Couleur:<\/td>\n<td width=\"50.0%\"><span>Cream<\/span><\/td>\n<\/tr>\n<tr>\n<td class=\"attrLabels\"><span>Type:<\/span><\/td>\n<td width=\"50.0%\"><span>Mousseline de soie<\/span><\/td>\n<td class=\"attrLabels\">Mod\u00e8le:<\/td>\n<td width=\"50.0%\">Nappes<\/td>\n<\/tr>\n<tr>\n<td class=\"attrLabels\">Mat\u00e9riau:<\/td>\n<td width=\"50.0%\">Papier<\/td>\n<td class=\"attrLabels\">Quantit\u00e9:<\/td>\n<td width=\"50.0%\"><span>50<\/span><\/td>\n<\/tr>\n<tr>\n<td class=\"attrLabels\"><span>EAN:<\/span><\/td>\n<td width=\"50.0%\"><span>Non applicable<\/span><\/td>\n<td class=\"attrLabels\">Marque:<\/td>\n<td width=\"50.0%\">Infibra<\/td>\n<\/tr>\n<\/tbody>\n<\/table>\n<p>&nbsp;<\/p>","protected":false},"excerpt":{"rendered":"<p>Le vendeur assume l&#8217;enti\u00e8re responsabilit\u00e9 de cette annonce. Caract\u00e9ristiques de l&#8217;objet \u00c9tat\u00a0: Neuf:\u00a0Objet neuf et intact, n&#8217;ayant jamais servi, non ouvert, vendu dans son emballage d&#8217;origine\u00a0&#8230;\u00a0En savoir plus Echelle: 100X100 CM Num\u00e9ro de pi\u00e8ce fabricant: I-0670 Couleur: Cr\u00e8me Type: Mousseline de soie Mod\u00e8le: Nappes Mat\u00e9riau: Papier Quantit\u00e9: 50 EAN: Non applicable Marque: Infibra &nbsp;<\/p>","protected":false},"featured_media":9600,"template":"","meta":[],"product_cat":[683],"product_tag":[],"acf":[],"_links":{"self":[{"href":"https:\/\/dev.sos-shop.ch\/en\/wp-json\/wp\/v2\/product\/9599"}],"collection":[{"href":"https:\/\/dev.sos-shop.ch\/en\/wp-json\/wp\/v2\/product"}],"about":[{"href":"https:\/\/dev.sos-shop.ch\/en\/wp-json\/wp\/v2\/types\/product"}],"version-history":[{"count":0,"href":"https:\/\/dev.sos-shop.ch\/en\/wp-json\/wp\/v2\/product\/9599\/revisions"}],"wp:featuredmedia":[{"embeddable":true,"href":"https:\/\/dev.sos-shop.ch\/en\/wp-json\/wp\/v2\/media\/9600"}],"wp:attachment":[{"href":"https:\/\/dev.sos-shop.ch\/en\/wp-json\/wp\/v2\/media?parent=9599"}],"wp:term":[{"taxonomy":"product_cat","embeddable":true,"href":"https:\/\/dev.sos-shop.ch\/en\/wp-json\/wp\/v2\/product_cat?post=9599"},{"taxonomy":"product_tag","embeddable":true,"href":"https:\/\/dev.sos-shop.ch\/en\/wp-json\/wp\/v2\/product_tag?post=9599"}],"curies":[{"name":"wp","href":"https:\/\/api.w.org\/{rel}","templated":true}]}}