{"id":9515,"date":"2020-10-05T08:40:54","date_gmt":"2020-10-05T07:40:54","guid":{"rendered":"https:\/\/sos-shop.ch\/?post_type=product&#038;p=9515"},"modified":"2025-03-17T04:41:20","modified_gmt":"2025-03-17T03:41:20","slug":"pez-figur-impuls__trashed","status":"publish","type":"product","link":"https:\/\/dev.sos-shop.ch\/en\/shop\/pez-figur-impuls__trashed\/","title":{"rendered":"Pez Figur Impuls"},"content":{"rendered":"<p><span>Les fans de Scooby Doo adoreront ces packs Pez Candy &amp; Dispenser Impulse.\u00a0Pr\u00eat pour la sortie du nouveau film, chaque pack contient: 1 distributeur et 2 tubes emball\u00e9s individuellement de bonbons de recharge Pez.\u00a0Ce sont les articles impulsifs parfaits, assurez-vous qu&#8217;ils sont affich\u00e9s dans un endroit bien en vue dans votre magasin.<\/span><\/p>\n<p><span>Les distributeurs PEZ color\u00e9s avec les nombreux visages diff\u00e9rents ont \u00e9t\u00e9 un \u00e9norme succ\u00e8s depuis 1962, prenant le monde d&#8217;assaut depuis.<\/span><\/p>","protected":false},"excerpt":{"rendered":"<p>Les fans de Scooby Doo adoreront ces packs Pez Candy &amp; Dispenser Impulse.\u00a0Pr\u00eat pour la sortie du nouveau film, chaque pack contient: 1 distributeur et 2 tubes emball\u00e9s individuellement de bonbons de recharge Pez.\u00a0Ce sont les articles impulsifs parfaits, assurez-vous qu&#8217;ils sont affich\u00e9s dans un endroit bien en vue dans votre magasin. Les distributeurs PEZ&hellip;<\/p>","protected":false},"featured_media":9516,"template":"","meta":[],"product_cat":[116],"product_tag":[],"acf":[],"_links":{"self":[{"href":"https:\/\/dev.sos-shop.ch\/en\/wp-json\/wp\/v2\/product\/9515"}],"collection":[{"href":"https:\/\/dev.sos-shop.ch\/en\/wp-json\/wp\/v2\/product"}],"about":[{"href":"https:\/\/dev.sos-shop.ch\/en\/wp-json\/wp\/v2\/types\/product"}],"version-history":[{"count":0,"href":"https:\/\/dev.sos-shop.ch\/en\/wp-json\/wp\/v2\/product\/9515\/revisions"}],"wp:featuredmedia":[{"embeddable":true,"href":"https:\/\/dev.sos-shop.ch\/en\/wp-json\/wp\/v2\/media\/9516"}],"wp:attachment":[{"href":"https:\/\/dev.sos-shop.ch\/en\/wp-json\/wp\/v2\/media?parent=9515"}],"wp:term":[{"taxonomy":"product_cat","embeddable":true,"href":"https:\/\/dev.sos-shop.ch\/en\/wp-json\/wp\/v2\/product_cat?post=9515"},{"taxonomy":"product_tag","embeddable":true,"href":"https:\/\/dev.sos-shop.ch\/en\/wp-json\/wp\/v2\/product_tag?post=9515"}],"curies":[{"name":"wp","href":"https:\/\/api.w.org\/{rel}","templated":true}]}}