{"id":9489,"date":"2020-09-30T12:54:00","date_gmt":"2020-09-30T11:54:00","guid":{"rendered":"https:\/\/sos-shop.ch\/?post_type=product&#038;p=9489"},"modified":"2025-03-17T04:41:42","modified_gmt":"2025-03-17T03:41:42","slug":"ebnat-eponge-nettoyage-9-piece__trashed","status":"publish","type":"product","link":"https:\/\/dev.sos-shop.ch\/en\/shop\/ebnat-eponge-nettoyage-9-piece__trashed\/","title":{"rendered":"Ebnat Eponge nettoyage 9 pi\u00e8ce"},"content":{"rendered":"<div class=\"qk_qq\" data-testid=\"more-information-top\">\n<p class=\"font__p1\">La salet\u00e9 en prend un coup! Avec cette \u00e9ponge \u00e0 r\u00e9curer, vous allez m\u00eame \u00e9liminer les salissures tenaces. Le tampon abrasif convient \u00e0 toutes les mati\u00e8res insensibles aux rayures comme les plaques de cuisson, les po\u00eales avec rev\u00eatement et les casseroles en acier. Des rainures des deux c\u00f4t\u00e9s de l&#8217;\u00e9ponge assurent un maintien parfait en r\u00e9curant.<\/p>\n<\/div>\n<div class=\"xs_v4\" data-testid=\"more-information-tabs\">\n<div id=\"Technische Attribute\">\n<h5 class=\"font__h2 font__h2--white font__h2--uppercase xs_xt\">D\u00c9TAILS PRODUIT<\/h5>\n<div class=\"xs_xu\">\n<ul class=\"xs_xv xs_xw\">\n<li class=\"xs_xy\"><span class=\"font__h4 font__h4--blue-darker xs_x0\">Dimensions de l\u2019emballage (LxlxH)<\/span><span class=\"font__p1 xs_x1\">21 cm x 9,5 cm x 5 cm<\/span>\n<div data-name=\"CollapseButtonHydration\"><\/div>\n<\/li>\n<li class=\"xs_xy\"><span class=\"font__h4 font__h4--blue-darker xs_x0\">Poids, emballage inclus<\/span><span class=\"font__p1 xs_x1\">0,029 kg<\/span>\n<div data-name=\"CollapseButtonHydration\"><\/div>\n<\/li>\n<li class=\"xs_xy\"><span class=\"font__h4 font__h4--blue-darker xs_x0\">Largeur<\/span><span class=\"font__p1 xs_x1\">7 cm<\/span>\n<div data-name=\"CollapseButtonHydration\"><\/div>\n<\/li>\n<li class=\"xs_xy\"><span class=\"font__h4 font__h4--blue-darker xs_x0\">Hauteur<\/span><span class=\"font__p1 xs_x1\">4,5 cm<\/span>\n<div data-name=\"CollapseButtonHydration\"><\/div>\n<\/li>\n<li class=\"xs_xy\"><span class=\"font__h4 font__h4--blue-darker xs_x0\">Longueur<\/span><span class=\"font__p1 xs_x1\">9 cm<\/span>\n<div data-name=\"CollapseButtonHydration\"><\/div>\n<\/li>\n<li class=\"xs_xy\"><span class=\"font__h4 font__h4--blue-darker xs_x0\">\u00c9paisseur<\/span><span class=\"font__p1 xs_x1\">4,5 cm<\/span>\n<div data-name=\"CollapseButtonHydration\"><\/div>\n<\/li>\n<li class=\"xs_xy\"><span class=\"font__h4 font__h4--blue-darker xs_x0\">Couleur<\/span><span class=\"font__p1 xs_x1\">Jaune, Vert<\/span>\n<div data-name=\"CollapseButtonHydration\"><\/div>\n<\/li>\n<li class=\"xs_xy\"><span class=\"font__h4 font__h4--blue-darker xs_x0\">Etendue de livraison \/ Accessoires<\/span><span class=\"font__p1 xs_x1\">3<\/span>\n<div data-name=\"CollapseButtonHydration\"><\/div>\n<\/li>\n<\/ul>\n<ul class=\"xs_xv xs_xx\">\n<li class=\"xs_xy\"><span class=\"font__h4 font__h4--blue-darker xs_x0\">Peut \u00eatre blanchi?<\/span><span class=\"font__p1 xs_x1\">NON<\/span>\n<div data-name=\"CollapseButtonHydration\"><\/div>\n<\/li>\n<li class=\"xs_xy\"><span class=\"font__h4 font__h4--blue-darker xs_x0\">Mat\u00e9riau<\/span><span class=\"font__p1 xs_x1\">Polyur\u00e9thane<\/span>\n<div data-name=\"CollapseButtonHydration\"><\/div>\n<\/li>\n<li class=\"xs_xy\"><span class=\"font__h4 font__h4--blue-darker xs_x0\">Composition du mat\u00e9riau<\/span><span class=\"font__p1 xs_x1\">Eponge: Pad en polyur\u00e9thane: Polyester<\/span>\n<div data-name=\"CollapseButtonHydration\"><\/div>\n<\/li>\n<li class=\"xs_xy\"><span class=\"font__h4 font__h4--blue-darker xs_x0\">Lavable jusqu\u2019\u00e0 40\u00b0C?<\/span><span class=\"font__p1 xs_x1\">OUI<\/span>\n<div data-name=\"CollapseButtonHydration\"><\/div>\n<\/li>\n<li class=\"xs_xy\"><span class=\"font__h4 font__h4--blue-darker xs_x0\">Lavable jusqu\u2019\u00e0 60\u00b0C?<\/span><span class=\"font__p1 xs_x1\">NON<\/span>\n<div data-name=\"CollapseButtonHydration\"><\/div>\n<\/li>\n<li class=\"xs_xy\"><span class=\"font__h4 font__h4--blue-darker xs_x0\">Lavable avec de l\u2019assouplissant?<\/span><span class=\"font__p1 xs_x1\">NON<\/span>\n<div data-name=\"CollapseButtonHydration\"><\/div>\n<\/li>\n<li class=\"xs_xy\"><span class=\"font__h4 font__h4--blue-darker xs_x0\">Id\u00e9alement adapt\u00e9 pour<\/span><span class=\"font__p1 xs_x1\">Cuisine, Salle de bains<\/span>\n<div data-name=\"CollapseButtonHydration\"><\/div>\n<\/li>\n<li class=\"xs_xy\"><span class=\"font__h4 font__h4--blue-darker xs_x0\">Num\u00e9ro EAN<\/span><span class=\"font__p1 xs_x1\">7614600661726<\/span><\/li>\n<\/ul>\n<\/div>\n<\/div>\n<\/div>","protected":false},"excerpt":{"rendered":"<p>La salet\u00e9 en prend un coup! Avec cette \u00e9ponge \u00e0 r\u00e9curer, vous allez m\u00eame \u00e9liminer les salissures tenaces. Le tampon abrasif convient \u00e0 toutes les mati\u00e8res insensibles aux rayures comme les plaques de cuisson, les po\u00eales avec rev\u00eatement et les casseroles en acier. Des rainures des deux c\u00f4t\u00e9s de l&#8217;\u00e9ponge assurent un maintien parfait en&hellip;<\/p>","protected":false},"featured_media":9490,"template":"","meta":[],"product_cat":[683],"product_tag":[],"acf":[],"_links":{"self":[{"href":"https:\/\/dev.sos-shop.ch\/en\/wp-json\/wp\/v2\/product\/9489"}],"collection":[{"href":"https:\/\/dev.sos-shop.ch\/en\/wp-json\/wp\/v2\/product"}],"about":[{"href":"https:\/\/dev.sos-shop.ch\/en\/wp-json\/wp\/v2\/types\/product"}],"version-history":[{"count":0,"href":"https:\/\/dev.sos-shop.ch\/en\/wp-json\/wp\/v2\/product\/9489\/revisions"}],"wp:featuredmedia":[{"embeddable":true,"href":"https:\/\/dev.sos-shop.ch\/en\/wp-json\/wp\/v2\/media\/9490"}],"wp:attachment":[{"href":"https:\/\/dev.sos-shop.ch\/en\/wp-json\/wp\/v2\/media?parent=9489"}],"wp:term":[{"taxonomy":"product_cat","embeddable":true,"href":"https:\/\/dev.sos-shop.ch\/en\/wp-json\/wp\/v2\/product_cat?post=9489"},{"taxonomy":"product_tag","embeddable":true,"href":"https:\/\/dev.sos-shop.ch\/en\/wp-json\/wp\/v2\/product_tag?post=9489"}],"curies":[{"name":"wp","href":"https:\/\/api.w.org\/{rel}","templated":true}]}}