{"id":9430,"date":"2020-09-30T11:47:45","date_gmt":"2020-09-30T10:47:45","guid":{"rendered":"https:\/\/sos-shop.ch\/?post_type=product&#038;p=9430"},"modified":"2025-03-17T04:41:42","modified_gmt":"2025-03-17T03:41:42","slug":"ebnat-torchon-a-vaisselle__trashed","status":"publish","type":"product","link":"https:\/\/dev.sos-shop.ch\/en\/shop\/ebnat-torchon-a-vaisselle__trashed\/","title":{"rendered":"Ebnat Torchon \u00e0 vaisselle"},"content":{"rendered":"<p>On n&#8217;a pas forc\u00e9ment besoin de la variante pro pour simplement la vaisselle faire. Ce chiffon remplit \u00e9galement son objectif. Le tissu en nid d&#8217;abeille absorbe facilement l&#8217;eau et la salet\u00e9. S&#8217;il ne suffit pas de rincer simplement le chiffon, il peut se laver en machine \u00e0 60 \u00b0Celsius.<\/p>\n<ul class=\"xs_xv xs_xw\">\n<li class=\"xs_xy\"><span class=\"font__h4 font__h4--blue-darker xs_x0\">Dimensions de l\u2019emballage (LxlxH)<\/span><span class=\"font__p1 xs_x1\"><span>20,5 cm x 14 cm x 2 cm<\/span><\/span>\n<div data-name=\"CollapseButtonHydration\"><\/div>\n<\/li>\n<li class=\"xs_xy\"><span class=\"font__h4 font__h4--blue-darker xs_x0\">Poids, emballage inclus<\/span><span class=\"font__p1 xs_x1\"><span>0,054 kg<\/span><\/span>\n<div data-name=\"CollapseButtonHydration\"><\/div>\n<\/li>\n<li class=\"xs_xy\"><span class=\"font__h4 font__h4--blue-darker xs_x0\">Largeur<\/span><span class=\"font__p1 xs_x1\"><span>35 cm<\/span><\/span>\n<div data-name=\"CollapseButtonHydration\"><\/div>\n<\/li>\n<li class=\"xs_xy\"><span class=\"font__h4 font__h4--blue-darker xs_x0\">Longueur<\/span><span class=\"font__p1 xs_x1\"><span>35 cm<\/span><\/span>\n<div data-name=\"CollapseButtonHydration\"><\/div>\n<\/li>\n<li class=\"xs_xy\"><span class=\"font__h4 font__h4--blue-darker xs_x0\">Couleur<\/span><span class=\"font__p1 xs_x1\"><span>Blanc<\/span><\/span>\n<div data-name=\"CollapseButtonHydration\"><\/div>\n<\/li>\n<li class=\"xs_xy\"><span class=\"font__h4 font__h4--blue-darker xs_x0\">Etendue de livraison \/ Accessoires<\/span><span class=\"font__p1 xs_x1\"><span>2<\/span><\/span>\n<div data-name=\"CollapseButtonHydration\"><\/div>\n<\/li>\n<li class=\"xs_xy\"><span class=\"font__h4 font__h4--blue-darker xs_x0\">Peut \u00eatre blanchi?<\/span><span class=\"font__p1 xs_x1\">OUI<\/span>\n<div data-name=\"CollapseButtonHydration\"><\/div>\n<\/li>\n<li class=\"xs_xy\"><span class=\"font__h4 font__h4--blue-darker xs_x0\">Peut \u00eatre nettoy\u00e9 chimiquement?<\/span><span class=\"font__p1 xs_x1\"><span>NON<\/span><\/span>\n<div data-name=\"CollapseButtonHydration\"><\/div>\n<\/li>\n<\/ul>\n<ul class=\"xs_xv xs_xx\">\n<li class=\"xs_xy\"><span class=\"font__h4 font__h4--blue-darker xs_x0\">Mat\u00e9riau<\/span><span class=\"font__p1 xs_x1\">Coton<\/span>\n<div data-name=\"CollapseButtonHydration\"><\/div>\n<\/li>\n<li class=\"xs_xy\"><span class=\"font__h4 font__h4--blue-darker xs_x0\">Composition du mat\u00e9riau<\/span><span class=\"font__p1 xs_x1\">80 % de coton et 20 % d\u2019autres fibres<\/span>\n<div data-name=\"CollapseButtonHydration\"><\/div>\n<\/li>\n<li class=\"xs_xy\"><span class=\"font__h4 font__h4--blue-darker xs_x0\">Lavable jusqu\u2019\u00e0 40\u00b0C?<\/span><span class=\"font__p1 xs_x1\"><span>OUI<\/span><\/span>\n<div data-name=\"CollapseButtonHydration\"><\/div>\n<\/li>\n<li class=\"xs_xy\"><span class=\"font__h4 font__h4--blue-darker xs_x0\">Lavable jusqu\u2019\u00e0 60\u00b0C?<\/span><span class=\"font__p1 xs_x1\"><span>OUI<\/span><\/span>\n<div data-name=\"CollapseButtonHydration\"><\/div>\n<\/li>\n<li class=\"xs_xy\"><span class=\"font__h4 font__h4--blue-darker xs_x0\">Lavable avec de l\u2019assouplissant?<\/span><span class=\"font__p1 xs_x1\"><span>OUI<\/span><\/span>\n<div data-name=\"CollapseButtonHydration\"><\/div>\n<\/li>\n<li class=\"xs_xy\"><span class=\"font__h4 font__h4--blue-darker xs_x0\">Id\u00e9alement adapt\u00e9 pour<\/span><span class=\"font__p1 xs_x1\">Cuisine, Lavage<\/span><\/li>\n<\/ul>","protected":false},"excerpt":{"rendered":"<p>On n&#8217;a pas forc\u00e9ment besoin de la variante pro pour simplement la vaisselle faire. Ce chiffon remplit \u00e9galement son objectif. Le tissu en nid d&#8217;abeille absorbe facilement l&#8217;eau et la salet\u00e9. S&#8217;il ne suffit pas de rincer simplement le chiffon, il peut se laver en machine \u00e0 60 \u00b0Celsius. Dimensions de l\u2019emballage (LxlxH)20,5 cm x&hellip;<\/p>","protected":false},"featured_media":9431,"template":"","meta":[],"product_cat":[683],"product_tag":[],"acf":[],"_links":{"self":[{"href":"https:\/\/dev.sos-shop.ch\/en\/wp-json\/wp\/v2\/product\/9430"}],"collection":[{"href":"https:\/\/dev.sos-shop.ch\/en\/wp-json\/wp\/v2\/product"}],"about":[{"href":"https:\/\/dev.sos-shop.ch\/en\/wp-json\/wp\/v2\/types\/product"}],"version-history":[{"count":0,"href":"https:\/\/dev.sos-shop.ch\/en\/wp-json\/wp\/v2\/product\/9430\/revisions"}],"wp:featuredmedia":[{"embeddable":true,"href":"https:\/\/dev.sos-shop.ch\/en\/wp-json\/wp\/v2\/media\/9431"}],"wp:attachment":[{"href":"https:\/\/dev.sos-shop.ch\/en\/wp-json\/wp\/v2\/media?parent=9430"}],"wp:term":[{"taxonomy":"product_cat","embeddable":true,"href":"https:\/\/dev.sos-shop.ch\/en\/wp-json\/wp\/v2\/product_cat?post=9430"},{"taxonomy":"product_tag","embeddable":true,"href":"https:\/\/dev.sos-shop.ch\/en\/wp-json\/wp\/v2\/product_tag?post=9430"}],"curies":[{"name":"wp","href":"https:\/\/api.w.org\/{rel}","templated":true}]}}