{"id":9246,"date":"2020-10-05T08:40:34","date_gmt":"2020-10-05T07:40:34","guid":{"rendered":"https:\/\/sos-shop.ch\/?post_type=product&#038;p=9246"},"modified":"2025-03-17T04:41:21","modified_gmt":"2025-03-17T03:41:21","slug":"hals-original-box__trashed","status":"publish","type":"product","link":"https:\/\/dev.sos-shop.ch\/en\/shop\/hals-original-box__trashed\/","title":{"rendered":"Hals Original Box"},"content":{"rendered":"<p><span>Hal was NY BORN, NY MADE .\u00a0<\/span><span>Il adorait taquiner ses fils en appelant les croustilles \u00abcraquelins\u00bb.\u00a0<\/span><span>Aujourd&#8217;hui, nous rendons hommage \u00e0 Hal en vous offrant de d\u00e9licieuses croustilles (ou craquelins) cuites \u00e0 la marmite de New York de Hal dans les saveurs qu&#8217;il aimait.<\/span><\/p>","protected":false},"excerpt":{"rendered":"<p>Hal was NY BORN, NY MADE .\u00a0Il adorait taquiner ses fils en appelant les croustilles \u00abcraquelins\u00bb.\u00a0Aujourd&#8217;hui, nous rendons hommage \u00e0 Hal en vous offrant de d\u00e9licieuses croustilles (ou craquelins) cuites \u00e0 la marmite de New York de Hal dans les saveurs qu&#8217;il aimait.<\/p>","protected":false},"featured_media":9247,"template":"","meta":[],"product_cat":[116],"product_tag":[],"acf":[],"_links":{"self":[{"href":"https:\/\/dev.sos-shop.ch\/en\/wp-json\/wp\/v2\/product\/9246"}],"collection":[{"href":"https:\/\/dev.sos-shop.ch\/en\/wp-json\/wp\/v2\/product"}],"about":[{"href":"https:\/\/dev.sos-shop.ch\/en\/wp-json\/wp\/v2\/types\/product"}],"version-history":[{"count":0,"href":"https:\/\/dev.sos-shop.ch\/en\/wp-json\/wp\/v2\/product\/9246\/revisions"}],"wp:featuredmedia":[{"embeddable":true,"href":"https:\/\/dev.sos-shop.ch\/en\/wp-json\/wp\/v2\/media\/9247"}],"wp:attachment":[{"href":"https:\/\/dev.sos-shop.ch\/en\/wp-json\/wp\/v2\/media?parent=9246"}],"wp:term":[{"taxonomy":"product_cat","embeddable":true,"href":"https:\/\/dev.sos-shop.ch\/en\/wp-json\/wp\/v2\/product_cat?post=9246"},{"taxonomy":"product_tag","embeddable":true,"href":"https:\/\/dev.sos-shop.ch\/en\/wp-json\/wp\/v2\/product_tag?post=9246"}],"curies":[{"name":"wp","href":"https:\/\/api.w.org\/{rel}","templated":true}]}}