{"id":9210,"date":"2020-10-05T08:40:31","date_gmt":"2020-10-05T07:40:31","guid":{"rendered":"https:\/\/sos-shop.ch\/?post_type=product&#038;p=9210"},"modified":"2025-03-17T04:41:21","modified_gmt":"2025-03-17T03:41:21","slug":"nimm-2-sachet__trashed","status":"publish","type":"product","link":"https:\/\/dev.sos-shop.ch\/en\/shop\/nimm-2-sachet__trashed\/","title":{"rendered":"Nimm 2 Sachet"},"content":{"rendered":"<p>Le bonbon multivitamin\u00e9 pour toute la famille ! Les bonbons nimm2 ont toujours eu un go\u00fbt de fruits particuli\u00e8rement intense.<br \/>\nChacune de ces d\u00e9licatesses contient une combinaison \u00e9quilibr\u00e9e de vitamines pr\u00e9cieuses.<br \/>\nSeulement deux de ces bonbons par jour sont suffisants pour compl\u00e9ter efficacement l&#8217;\u00e9quilibre vitaminique. Et donc le nom \u00e9tait \u00e9vident : nimm2. ( prends-en deux ! en Allemand )<\/p>","protected":false},"excerpt":{"rendered":"<p>Le bonbon multivitamin\u00e9 pour toute la famille ! Les bonbons nimm2 ont toujours eu un go\u00fbt de fruits particuli\u00e8rement intense. Chacune de ces d\u00e9licatesses contient une combinaison \u00e9quilibr\u00e9e de vitamines pr\u00e9cieuses. Seulement deux de ces bonbons par jour sont suffisants pour compl\u00e9ter efficacement l&#8217;\u00e9quilibre vitaminique. Et donc le nom \u00e9tait \u00e9vident : nimm2. ( prends-en&hellip;<\/p>","protected":false},"featured_media":9211,"template":"","meta":[],"product_cat":[116],"product_tag":[],"acf":[],"_links":{"self":[{"href":"https:\/\/dev.sos-shop.ch\/en\/wp-json\/wp\/v2\/product\/9210"}],"collection":[{"href":"https:\/\/dev.sos-shop.ch\/en\/wp-json\/wp\/v2\/product"}],"about":[{"href":"https:\/\/dev.sos-shop.ch\/en\/wp-json\/wp\/v2\/types\/product"}],"version-history":[{"count":0,"href":"https:\/\/dev.sos-shop.ch\/en\/wp-json\/wp\/v2\/product\/9210\/revisions"}],"wp:featuredmedia":[{"embeddable":true,"href":"https:\/\/dev.sos-shop.ch\/en\/wp-json\/wp\/v2\/media\/9211"}],"wp:attachment":[{"href":"https:\/\/dev.sos-shop.ch\/en\/wp-json\/wp\/v2\/media?parent=9210"}],"wp:term":[{"taxonomy":"product_cat","embeddable":true,"href":"https:\/\/dev.sos-shop.ch\/en\/wp-json\/wp\/v2\/product_cat?post=9210"},{"taxonomy":"product_tag","embeddable":true,"href":"https:\/\/dev.sos-shop.ch\/en\/wp-json\/wp\/v2\/product_tag?post=9210"}],"curies":[{"name":"wp","href":"https:\/\/api.w.org\/{rel}","templated":true}]}}