{"id":9183,"date":"2020-10-05T08:40:29","date_gmt":"2020-10-05T07:40:29","guid":{"rendered":"https:\/\/sos-shop.ch\/?post_type=product&#038;p=9183"},"modified":"2025-03-17T04:41:22","modified_gmt":"2025-03-17T03:41:22","slug":"astra-mini-langues-citriques-mini__trashed","status":"publish","type":"product","link":"https:\/\/dev.sos-shop.ch\/en\/shop\/astra-mini-langues-citriques-mini__trashed\/","title":{"rendered":"Astra mini langues citriques Mini"},"content":{"rendered":"<p>Le bonbon en forme de mini langue multicolore et acidul\u00e9e, en vente dans votre boutique Planet Bonbons<\/p>\n<p>Valeur \u00e9nerg\u00e9tique (kJ)<span>1402<\/span><\/p>\n<p>Valeur \u00e9nerg\u00e9tique (kcal)<\/p>\n<p><span>330<\/span>Mati\u00e8res grasses (g)<span>0,2<\/span><\/p>\n<p>Acides gras satur\u00e9s (g)<span>0,1<\/span><\/p>\n<p>Glucides (g)<span>76,5<\/span><\/p>\n<p>Sucres (g)<span>62,7<\/span><\/p>\n<p>Prot\u00e9ines (g)<span>5,4<\/span><\/p>\n<p>Sel (g)<span>0,02<\/span><\/p>","protected":false},"excerpt":{"rendered":"<p>Le bonbon en forme de mini langue multicolore et acidul\u00e9e, en vente dans votre boutique Planet Bonbons Valeur \u00e9nerg\u00e9tique (kJ)1402 Valeur \u00e9nerg\u00e9tique (kcal) 330Mati\u00e8res grasses (g)0,2 Acides gras satur\u00e9s (g)0,1 Glucides (g)76,5 Sucres (g)62,7 Prot\u00e9ines (g)5,4 Sel (g)0,02<\/p>","protected":false},"featured_media":9184,"template":"","meta":[],"product_cat":[116],"product_tag":[],"acf":[],"_links":{"self":[{"href":"https:\/\/dev.sos-shop.ch\/en\/wp-json\/wp\/v2\/product\/9183"}],"collection":[{"href":"https:\/\/dev.sos-shop.ch\/en\/wp-json\/wp\/v2\/product"}],"about":[{"href":"https:\/\/dev.sos-shop.ch\/en\/wp-json\/wp\/v2\/types\/product"}],"version-history":[{"count":0,"href":"https:\/\/dev.sos-shop.ch\/en\/wp-json\/wp\/v2\/product\/9183\/revisions"}],"wp:featuredmedia":[{"embeddable":true,"href":"https:\/\/dev.sos-shop.ch\/en\/wp-json\/wp\/v2\/media\/9184"}],"wp:attachment":[{"href":"https:\/\/dev.sos-shop.ch\/en\/wp-json\/wp\/v2\/media?parent=9183"}],"wp:term":[{"taxonomy":"product_cat","embeddable":true,"href":"https:\/\/dev.sos-shop.ch\/en\/wp-json\/wp\/v2\/product_cat?post=9183"},{"taxonomy":"product_tag","embeddable":true,"href":"https:\/\/dev.sos-shop.ch\/en\/wp-json\/wp\/v2\/product_tag?post=9183"}],"curies":[{"name":"wp","href":"https:\/\/api.w.org\/{rel}","templated":true}]}}