{"id":9052,"date":"2020-10-05T08:40:21","date_gmt":"2020-10-05T07:40:21","guid":{"rendered":"https:\/\/sos-shop.ch\/?post_type=product&#038;p=9052"},"modified":"2025-03-17T04:41:23","modified_gmt":"2025-03-17T03:41:23","slug":"mars-king-size__trashed","status":"publish","type":"product","link":"https:\/\/dev.sos-shop.ch\/en\/shop\/mars-king-size__trashed\/","title":{"rendered":"Mars King Size"},"content":{"rendered":"<p><strong><span>Mars Kingsize<\/span><\/strong><strong>\u00a0<\/strong><span>est la c\u00e9l\u00e8bre tablette de chocolat avec couche de caramel et cr\u00e8me de bonbon, tremp\u00e9e dans un succulent chocolat au lait au format king-size.<\/span><\/p>","protected":false},"excerpt":{"rendered":"<p>Mars Kingsize\u00a0est la c\u00e9l\u00e8bre tablette de chocolat avec couche de caramel et cr\u00e8me de bonbon, tremp\u00e9e dans un succulent chocolat au lait au format king-size.<\/p>","protected":false},"featured_media":9053,"template":"","meta":[],"product_cat":[116],"product_tag":[],"acf":[],"_links":{"self":[{"href":"https:\/\/dev.sos-shop.ch\/en\/wp-json\/wp\/v2\/product\/9052"}],"collection":[{"href":"https:\/\/dev.sos-shop.ch\/en\/wp-json\/wp\/v2\/product"}],"about":[{"href":"https:\/\/dev.sos-shop.ch\/en\/wp-json\/wp\/v2\/types\/product"}],"version-history":[{"count":0,"href":"https:\/\/dev.sos-shop.ch\/en\/wp-json\/wp\/v2\/product\/9052\/revisions"}],"wp:featuredmedia":[{"embeddable":true,"href":"https:\/\/dev.sos-shop.ch\/en\/wp-json\/wp\/v2\/media\/9053"}],"wp:attachment":[{"href":"https:\/\/dev.sos-shop.ch\/en\/wp-json\/wp\/v2\/media?parent=9052"}],"wp:term":[{"taxonomy":"product_cat","embeddable":true,"href":"https:\/\/dev.sos-shop.ch\/en\/wp-json\/wp\/v2\/product_cat?post=9052"},{"taxonomy":"product_tag","embeddable":true,"href":"https:\/\/dev.sos-shop.ch\/en\/wp-json\/wp\/v2\/product_tag?post=9052"}],"curies":[{"name":"wp","href":"https:\/\/api.w.org\/{rel}","templated":true}]}}