{"id":9000,"date":"2020-10-05T07:40:19","date_gmt":"2020-10-05T06:40:19","guid":{"rendered":"https:\/\/sos-shop.ch\/?post_type=product&#038;p=9000"},"modified":"2025-03-17T04:41:25","modified_gmt":"2025-03-17T03:41:25","slug":"schar-crackers-sans-gluten","status":"publish","type":"product","link":"https:\/\/dev.sos-shop.ch\/en\/shop\/schar-crackers-sans-gluten\/","title":{"rendered":"Sch\u00e4r Crackers sans gluten 210g"},"content":{"rendered":"<p>Le craquelin classique! Les assiettes de craquelins ultra fines enchanteront par leur go\u00fbt extraordinairement fin.<\/p>\n<h5 class=\"food_info_heading\">Description du produit<\/h5>\n<table class=\"table_top\">\n<tbody>\n<tr>\n<td class=\"descr\">Description de l&#8217;article<\/td>\n<td class=\"black\">Crackers &#8211; sans gluten<\/td>\n<\/tr>\n<tr>\n<td class=\"descr\">Marque<\/td>\n<td class=\"black\">Sch\u00e4r<\/td>\n<\/tr>\n<tr>\n<td class=\"descr\">Description du produit<\/td>\n<td class=\"black\">Crackers &#8211; sans gluten<\/td>\n<\/tr>\n<tr>\n<td class=\"descr\">Quantit\u00e9 de remplissage nette<\/td>\n<td class=\"black\">210 g<\/td>\n<\/tr>\n<tr>\n<td class=\"descr\">Nombre de portions par paquet<\/td>\n<td class=\"black\">5<\/td>\n<\/tr>\n<tr>\n<td class=\"descr\">Pays d&#8217;origine de l&#8217;article<\/td>\n<td class=\"black\">Allemagne<\/td>\n<\/tr>\n<\/tbody>\n<\/table>\n<h5 class=\"food_info_heading\">Valeurs nutritionnelles 100g contiennent:<\/h5>\n<table class=\"nutdetail\">\n<tbody>\n<tr>\n<td class=\"naehr1\"><\/td>\n<td class=\"naehr2\"><\/td>\n<td class=\"naehr5\"><\/td>\n<td class=\"naehr3\">quantit\u00e9<\/td>\n<td class=\"naehr4\">Pourcentage**<\/td>\n<\/tr>\n<tr class=\"\">\n<td class=\"naehr1\">\u00c9nergie en KJ<\/td>\n<td class=\"naehr2\"><\/td>\n<td class=\"black naehr5\"><\/td>\n<td class=\"black naehr3\">1878 KJ<\/td>\n<td class=\"black naehr4\"><\/td>\n<\/tr>\n<tr class=\"backgreen\">\n<td class=\"naehr1\">\u00c9nergie en Kcal<\/td>\n<td class=\"naehr2\"><\/td>\n<td class=\"black naehr5\"><\/td>\n<td class=\"black naehr3\">446 kilocalories<\/td>\n<td class=\"black naehr4\"><\/td>\n<\/tr>\n<tr class=\"\">\n<td class=\"naehr1\">Graisse totale<\/td>\n<td class=\"naehr2\"><\/td>\n<td class=\"black naehr5\"><\/td>\n<td class=\"black naehr3\">12 grammes<\/td>\n<td class=\"black naehr4\"><\/td>\n<\/tr>\n<tr class=\"backgreen\">\n<td colspan=\"5\">\u00e0 partir de ce:<\/td>\n<\/tr>\n<tr class=\"\">\n<td class=\"naehr1\">&#8212;<\/td>\n<td class=\"naehr2\">Gras satur\u00e9<\/td>\n<td class=\"black naehr5\"><\/td>\n<td class=\"black naehr3\">7,1 grammes<\/td>\n<td class=\"black naehr4\"><\/td>\n<\/tr>\n<tr class=\"backgreen\">\n<td class=\"naehr1\">Glucides totaux<\/td>\n<td class=\"naehr2\"><\/td>\n<td class=\"black naehr5\"><\/td>\n<td class=\"black naehr3\">79 grammes<\/td>\n<td class=\"black naehr4\"><\/td>\n<\/tr>\n<tr class=\"\">\n<td colspan=\"5\">\u00e0 partir de ce:<\/td>\n<\/tr>\n<tr class=\"backgreen\">\n<td class=\"naehr1\">&#8212;<\/td>\n<td class=\"naehr2\">sucre<\/td>\n<td class=\"black naehr5\"><\/td>\n<td class=\"black naehr3\">5,2 g<\/td>\n<td class=\"black naehr4\"><\/td>\n<\/tr>\n<tr class=\"\">\n<td class=\"naehr1\">Fibre<\/td>\n<td class=\"naehr2\"><\/td>\n<td class=\"black naehr5\"><\/td>\n<td class=\"black naehr3\">4,4 g<\/td>\n<td class=\"black naehr4\"><\/td>\n<\/tr>\n<tr class=\"backgreen\">\n<td class=\"naehr1\">Prot\u00e9ine<\/td>\n<td class=\"naehr2\"><\/td>\n<td class=\"black naehr5\"><\/td>\n<td class=\"black naehr3\">3,3 grammes<\/td>\n<td class=\"black naehr4\"><\/td>\n<\/tr>\n<tr class=\"\">\n<td class=\"naehr1\">sel<\/td>\n<td class=\"naehr2\"><\/td>\n<td class=\"black naehr5\"><\/td>\n<td class=\"black naehr3\">1,6 g<\/td>\n<td class=\"black naehr4\"><\/td>\n<\/tr>\n<\/tbody>\n<\/table>\n<p id=\"referenzmenge\">** Apport de r\u00e9f\u00e9rence pour un adulte moyen (8400kJ \/ 2000kcal)<\/p>","protected":false},"excerpt":{"rendered":"<p>Le craquelin classique! Les assiettes de craquelins ultra fines enchanteront par leur go\u00fbt extraordinairement fin. Description du produit Description de l&#8217;article Crackers &#8211; sans gluten Marque Sch\u00e4r Description du produit Crackers &#8211; sans gluten Quantit\u00e9 de remplissage nette 210 g Nombre de portions par paquet 5 Pays d&#8217;origine de l&#8217;article Allemagne Valeurs nutritionnelles 100g contiennent:&hellip;<\/p>","protected":false},"featured_media":9001,"template":"","meta":[],"product_cat":[116],"product_tag":[],"acf":[],"_links":{"self":[{"href":"https:\/\/dev.sos-shop.ch\/en\/wp-json\/wp\/v2\/product\/9000"}],"collection":[{"href":"https:\/\/dev.sos-shop.ch\/en\/wp-json\/wp\/v2\/product"}],"about":[{"href":"https:\/\/dev.sos-shop.ch\/en\/wp-json\/wp\/v2\/types\/product"}],"version-history":[{"count":0,"href":"https:\/\/dev.sos-shop.ch\/en\/wp-json\/wp\/v2\/product\/9000\/revisions"}],"wp:featuredmedia":[{"embeddable":true,"href":"https:\/\/dev.sos-shop.ch\/en\/wp-json\/wp\/v2\/media\/9001"}],"wp:attachment":[{"href":"https:\/\/dev.sos-shop.ch\/en\/wp-json\/wp\/v2\/media?parent=9000"}],"wp:term":[{"taxonomy":"product_cat","embeddable":true,"href":"https:\/\/dev.sos-shop.ch\/en\/wp-json\/wp\/v2\/product_cat?post=9000"},{"taxonomy":"product_tag","embeddable":true,"href":"https:\/\/dev.sos-shop.ch\/en\/wp-json\/wp\/v2\/product_tag?post=9000"}],"curies":[{"name":"wp","href":"https:\/\/api.w.org\/{rel}","templated":true}]}}