{"id":8946,"date":"2020-09-26T08:48:02","date_gmt":"2020-09-26T07:48:02","guid":{"rendered":"https:\/\/sos-shop.ch\/?post_type=product&#038;p=8946"},"modified":"2025-03-17T04:41:43","modified_gmt":"2025-03-17T03:41:43","slug":"ovo-sport__trashed","status":"publish","type":"product","link":"https:\/\/dev.sos-shop.ch\/en\/shop\/ovo-sport__trashed\/","title":{"rendered":"Ovo Sport"},"content":{"rendered":"<h5 class=\"productInformation__title col-12 col-md-3\">La description<\/h5>\n<div class=\"productInformation__content col-12 col-md-9\">\n<div class=\"line-clamp--truncated\" data-line-clamp=\"4\" data-line-clamp-no-reset=\"\">\n<div class=\"line-clamp__content\" data-line-clamp-content=\"\">\u00abBar \u00e0 boisson malt\u00e9e en poudre\u00bb<br \/>\nOvo Sport.\u00a0Une pr\u00e9cieuse source d&#8217;\u00e9nergie et de force.<br \/>\n2x60g.<\/div>\n<div data-line-clamp-content=\"\">\n<h5 class=\"nutritionInformation-heading\"><span class=\"nutritionInformation-heading__label\">Valeurs nutritionnelles par: <\/span><a class=\"nutritionInformation-heading__option-link nutritionInformation-heading__option-link--active\" href=\"https:\/\/www.coop.ch\/en\/food\/sweets-snacks-superfoods\/chocolate-confectionery\/chocolate-sticks-snacks\/chocolate-snacks\/ovomaltine-ovo-sport-bars-2-pieces\/p\/3003005#\" data-nutritioninformation-switch=\"unit\">100g<\/a><\/h5>\n<div class=\"list--dotted__wrapper\">\n<ul class=\"list--dotted col-12 col-md-5\">\n<li class=\"list--dotted-item\"><span class=\"list--dotted-item__label\" data-nutritioninformation-list-item__label=\"\"><span class=\"list--dotted-item__label-text\">\u00c9nergie en kJ<\/span><\/span><span class=\"list--dotted-item__amount\"><span data-nutritioninformation-list-item-value=\"\">Californie.\u00a01619<\/span><\/span><\/li>\n<li class=\"list--dotted-item\"><span class=\"list--dotted-item__label\" data-nutritioninformation-list-item__label=\"\"><span class=\"list--dotted-item__label-text\">\u00c9nergie en kcal<\/span><\/span><span class=\"list--dotted-item__amount\"><span data-nutritioninformation-list-item-value=\"\">Californie.\u00a0382<\/span><\/span><\/li>\n<li class=\"list--dotted-item\"><span class=\"list--dotted-item__label\" data-nutritioninformation-list-item__label=\"\"><span class=\"list--dotted-item__label-text\">Graisse<\/span><\/span><span class=\"list--dotted-item__amount\"><span data-nutritioninformation-list-item-value=\"\">Californie.\u00a02,6 g<\/span><\/span><\/li>\n<li class=\"list--dotted-item list--dotted-item--indented\"><span class=\"list--dotted-item__label\" data-nutritioninformation-list-item__label=\"\"><span class=\"list--dotted-item__label-text\">les acides gras satur\u00e9s<\/span><\/span><span class=\"list--dotted-item__amount\"><span data-nutritioninformation-list-item-value=\"\">Californie.\u00a00,8 g<\/span><\/span><\/li>\n<li class=\"list--dotted-item\"><span class=\"list--dotted-item__label\" data-nutritioninformation-list-item__label=\"\"><span class=\"list--dotted-item__label-text\">Glucides<\/span><\/span><span class=\"list--dotted-item__amount\"><span data-nutritioninformation-list-item-value=\"\">Californie.\u00a078,2 g<\/span><\/span><\/li>\n<li class=\"list--dotted-item list--dotted-item--indented\"><span class=\"list--dotted-item__label\" data-nutritioninformation-list-item__label=\"\"><span class=\"list--dotted-item__label-text\">dont les sucres<\/span><\/span><span class=\"list--dotted-item__amount\"><span data-nutritioninformation-list-item-value=\"\">Californie.\u00a063,7 g<\/span><\/span><\/li>\n<li class=\"list--dotted-item\"><span class=\"list--dotted-item__label\" data-nutritioninformation-list-item__label=\"\"><span class=\"list--dotted-item__label-text\">Fibre alimentaire<\/span><\/span><span class=\"list--dotted-item__amount\"><span data-nutritioninformation-list-item-value=\"\">Californie.\u00a02,5 g<\/span><\/span><\/li>\n<li class=\"list--dotted-item\"><span class=\"list--dotted-item__label\" data-nutritioninformation-list-item__label=\"\"><span class=\"list--dotted-item__label-text\">Prot\u00e9ine<\/span><\/span><span class=\"list--dotted-item__amount\"><span data-nutritioninformation-list-item-value=\"\">Californie.\u00a010,2 g<\/span><\/span><\/li>\n<li class=\"list--dotted-item\"><span class=\"list--dotted-item__label\" data-nutritioninformation-list-item__label=\"\"><span class=\"list--dotted-item__label-text\">Sel<\/span><\/span><span class=\"list--dotted-item__amount\"><span data-nutritioninformation-list-item-value=\"\">Californie.\u00a00,9 g<\/span><\/span><\/li>\n<li class=\"list--dotted-item\"><span class=\"list--dotted-item__label\" data-nutritioninformation-list-item__label=\"\"><span class=\"list--dotted-item__label-text\">Vitamine A<\/span><\/span><span class=\"list--dotted-item__amount\"><span data-nutritioninformation-list-item-value=\"\">Californie.\u00a0800 \u00b5g<\/span><\/span><\/li>\n<li class=\"list--dotted-item\"><span class=\"list--dotted-item__label\" data-nutritioninformation-list-item__label=\"\"><span class=\"list--dotted-item__label-text\">Vitamine D<\/span><\/span><span class=\"list--dotted-item__amount\"><span data-nutritioninformation-list-item-value=\"\">Californie.\u00a05 \u00b5g<\/span><\/span><\/li>\n<li class=\"list--dotted-item\"><span class=\"list--dotted-item__label\" data-nutritioninformation-list-item__label=\"\"><span class=\"list--dotted-item__label-text\">Vitamine E<\/span><\/span><span class=\"list--dotted-item__amount\"><span data-nutritioninformation-list-item-value=\"\">Californie.\u00a02,4 mg\u00a0<\/span><sup>[1]<\/sup><\/span><\/li>\n<li class=\"list--dotted-item\"><span class=\"list--dotted-item__label\" data-nutritioninformation-list-item__label=\"\"><span class=\"list--dotted-item__label-text\">Vitamine C<\/span><\/span><span class=\"list--dotted-item__amount\"><span data-nutritioninformation-list-item-value=\"\">Californie.\u00a020 mg\u00a0<\/span><sup>[2]<\/sup><\/span><\/li>\n<\/ul>\n<ul class=\"list--dotted col-12 col-md-5\">\n<li class=\"list--dotted-item\"><span class=\"list--dotted-item__label\" data-nutritioninformation-list-item__label=\"\"><span class=\"list--dotted-item__label-text\">Vitamine K<\/span><\/span><span class=\"list--dotted-item__amount\"><span data-nutritioninformation-list-item-value=\"\">Californie.\u00a015 \u00b5g<\/span><\/span><\/li>\n<li class=\"list--dotted-item\"><span class=\"list--dotted-item__label\" data-nutritioninformation-list-item__label=\"\"><span class=\"list--dotted-item__label-text\">Vitamine B1<\/span><\/span><span class=\"list--dotted-item__amount\"><span data-nutritioninformation-list-item-value=\"\">Californie.\u00a01,1 mg\u00a0<\/span><sup>[3]<\/sup><\/span><\/li>\n<li class=\"list--dotted-item\"><span class=\"list--dotted-item__label\" data-nutritioninformation-list-item__label=\"\"><span class=\"list--dotted-item__label-text\">Vitamine B2<\/span><\/span><span class=\"list--dotted-item__amount\"><span data-nutritioninformation-list-item-value=\"\">Californie.\u00a01,4 mg\u00a0<\/span><sup>[4]<\/sup><\/span><\/li>\n<li class=\"list--dotted-item\"><span class=\"list--dotted-item__label\" data-nutritioninformation-list-item__label=\"\"><span class=\"list--dotted-item__label-text\">Niacine<\/span><\/span><span class=\"list--dotted-item__amount\"><span data-nutritioninformation-list-item-value=\"\">Californie.\u00a016 mg\u00a0<\/span><sup>[5]<\/sup><\/span><\/li>\n<li class=\"list--dotted-item\"><span class=\"list--dotted-item__label\" data-nutritioninformation-list-item__label=\"\"><span class=\"list--dotted-item__label-text\">Vitamine B6<\/span><\/span><span class=\"list--dotted-item__amount\"><span data-nutritioninformation-list-item-value=\"\">Californie.\u00a01,4 mg\u00a0<\/span><sup>[6]<\/sup><\/span><\/li>\n<li class=\"list--dotted-item\"><span class=\"list--dotted-item__label\" data-nutritioninformation-list-item__label=\"\"><span class=\"list--dotted-item__label-text\">Acide folique<\/span><\/span><span class=\"list--dotted-item__amount\"><span data-nutritioninformation-list-item-value=\"\">Californie.\u00a0200 \u00b5g<\/span><\/span><\/li>\n<li class=\"list--dotted-item\"><span class=\"list--dotted-item__label\" data-nutritioninformation-list-item__label=\"\"><span class=\"list--dotted-item__label-text\">Vitamine B12<\/span><\/span><span class=\"list--dotted-item__amount\"><span data-nutritioninformation-list-item-value=\"\">Californie.\u00a02,5 \u00b5g<\/span><\/span><\/li>\n<li class=\"list--dotted-item\"><span class=\"list--dotted-item__label\" data-nutritioninformation-list-item__label=\"\"><span class=\"list--dotted-item__label-text\">Biotine<\/span><\/span><span class=\"list--dotted-item__amount\"><span data-nutritioninformation-list-item-value=\"\">Californie.\u00a010 \u00b5g<\/span><\/span><\/li>\n<li class=\"list--dotted-item\"><span class=\"list--dotted-item__label\" data-nutritioninformation-list-item__label=\"\"><span class=\"list--dotted-item__label-text\">Acide pantoth\u00e9nique<\/span><\/span><span class=\"list--dotted-item__amount\"><span data-nutritioninformation-list-item-value=\"\">Californie.\u00a06 mg\u00a0<\/span><sup>[7]<\/sup><\/span><\/li>\n<li class=\"list--dotted-item\"><span class=\"list--dotted-item__label\" data-nutritioninformation-list-item__label=\"\"><span class=\"list--dotted-item__label-text\">Calcium<\/span><\/span><span class=\"list--dotted-item__amount\"><span data-nutritioninformation-list-item-value=\"\">Californie.\u00a0400 mg\u00a0<\/span><sup>[8]<\/sup><\/span><\/li>\n<li class=\"list--dotted-item\"><span class=\"list--dotted-item__label\" data-nutritioninformation-list-item__label=\"\"><span class=\"list--dotted-item__label-text\">Phosphore<\/span><\/span><span class=\"list--dotted-item__amount\"><span data-nutritioninformation-list-item-value=\"\">Californie.\u00a0450 mg\u00a0<\/span><sup>[9]<\/sup><\/span><\/li>\n<li class=\"list--dotted-item\"><span class=\"list--dotted-item__label\" data-nutritioninformation-list-item__label=\"\"><span class=\"list--dotted-item__label-text\">Le fer<\/span><\/span><span class=\"list--dotted-item__amount\"><span data-nutritioninformation-list-item-value=\"\">Californie.\u00a06,5 mg\u00a0<\/span><sup>[10]<\/sup><\/span><\/li>\n<li class=\"list--dotted-item\"><span class=\"list--dotted-item__label\" data-nutritioninformation-list-item__label=\"\"><span class=\"list--dotted-item__label-text\">Magn\u00e9sium<\/span><\/span><span class=\"list--dotted-item__amount\"><span data-nutritioninformation-list-item-value=\"\">Californie.\u00a0130 mg\u00a0<\/span><sup>[11]<\/sup><\/span><\/li>\n<\/ul>\n<\/div>\n<\/div>\n<\/div>\n<\/div>","protected":false},"excerpt":{"rendered":"<p>La description \u00abBar \u00e0 boisson malt\u00e9e en poudre\u00bb Ovo Sport.\u00a0Une pr\u00e9cieuse source d&#8217;\u00e9nergie et de force. 2x60g. Valeurs nutritionnelles par: 100g \u00c9nergie en kJCalifornie.\u00a01619 \u00c9nergie en kcalCalifornie.\u00a0382 GraisseCalifornie.\u00a02,6 g les acides gras satur\u00e9sCalifornie.\u00a00,8 g GlucidesCalifornie.\u00a078,2 g dont les sucresCalifornie.\u00a063,7 g Fibre alimentaireCalifornie.\u00a02,5 g Prot\u00e9ineCalifornie.\u00a010,2 g SelCalifornie.\u00a00,9 g Vitamine ACalifornie.\u00a0800 \u00b5g Vitamine DCalifornie.\u00a05 \u00b5g Vitamine ECalifornie.\u00a02,4&hellip;<\/p>","protected":false},"featured_media":8947,"template":"","meta":[],"product_cat":[116],"product_tag":[],"acf":[],"_links":{"self":[{"href":"https:\/\/dev.sos-shop.ch\/en\/wp-json\/wp\/v2\/product\/8946"}],"collection":[{"href":"https:\/\/dev.sos-shop.ch\/en\/wp-json\/wp\/v2\/product"}],"about":[{"href":"https:\/\/dev.sos-shop.ch\/en\/wp-json\/wp\/v2\/types\/product"}],"version-history":[{"count":0,"href":"https:\/\/dev.sos-shop.ch\/en\/wp-json\/wp\/v2\/product\/8946\/revisions"}],"wp:featuredmedia":[{"embeddable":true,"href":"https:\/\/dev.sos-shop.ch\/en\/wp-json\/wp\/v2\/media\/8947"}],"wp:attachment":[{"href":"https:\/\/dev.sos-shop.ch\/en\/wp-json\/wp\/v2\/media?parent=8946"}],"wp:term":[{"taxonomy":"product_cat","embeddable":true,"href":"https:\/\/dev.sos-shop.ch\/en\/wp-json\/wp\/v2\/product_cat?post=8946"},{"taxonomy":"product_tag","embeddable":true,"href":"https:\/\/dev.sos-shop.ch\/en\/wp-json\/wp\/v2\/product_tag?post=8946"}],"curies":[{"name":"wp","href":"https:\/\/api.w.org\/{rel}","templated":true}]}}