{"id":8887,"date":"2020-10-05T07:40:13","date_gmt":"2020-10-05T06:40:13","guid":{"rendered":"https:\/\/sos-shop.ch\/?post_type=product&#038;p=8887"},"modified":"2025-03-17T04:41:26","modified_gmt":"2025-03-17T03:41:26","slug":"zwicky-melange-de-graines-grillee","status":"publish","type":"product","link":"https:\/\/dev.sos-shop.ch\/en\/shop\/zwicky-melange-de-graines-grillee\/","title":{"rendered":"Zwicky M\u00e9lange Graines Grill\u00e9es 200g"},"content":{"rendered":"<div class=\"property-box\">\n<p class=\"short\">R\u00e9partir sur des salades, garnir divers mets, soupes, comme m\u00e9lange cuit sur du pain et d&#8217;autres metsrelev\u00e9s, tartes pr\u00e9paration aux oefs et aux l\u00e9gumes.<\/p>\n<\/div>\n<h5 class=\"header properties toggle-js\">Valeurs nutritives<\/h5>\n<div class=\"content properties\">\n<table class=\"properties table table-striped\">\n<thead>\n<tr>\n<th colspan=\"2\">100g inclus<\/th>\n<\/tr>\n<\/thead>\n<tbody>\n<tr class=\"item\">\n<td class=\"name\">\u00c9nergie en KJ<\/td>\n<td class=\"value\">2480 kJ<\/td>\n<\/tr>\n<tr class=\"item\">\n<td class=\"name\">\u00c9nergie en Kcal<\/td>\n<td class=\"value\">593 kcal<\/td>\n<\/tr>\n<tr class=\"item\">\n<td class=\"name\">Gras<\/td>\n<td class=\"value\">48,0 g<\/td>\n<\/tr>\n<tr class=\"item tap\">\n<td class=\"name\">\n<div class=\"char\">&#8211;<\/div>\n<div class=\"space\">davon Acide gras satur\u00e9<\/div>\n<\/td>\n<td class=\"value\">6,0 g<\/td>\n<\/tr>\n<tr class=\"item\">\n<td class=\"name\">Hydrates de carbone<\/td>\n<td class=\"value\">12,0 g<\/td>\n<\/tr>\n<tr class=\"item tap\">\n<td class=\"name\">\n<div class=\"char\">&#8211;<\/div>\n<div class=\"space\">dont sucres<\/div>\n<\/td>\n<td class=\"value\">1,0 g<\/td>\n<\/tr>\n<tr class=\"item\">\n<td class=\"name\">Acide gras satur\u00e9<\/td>\n<td class=\"value\">8,0 g<\/td>\n<\/tr>\n<tr class=\"item\">\n<td class=\"name\">Prot\u00e9ine<\/td>\n<td class=\"value\">25,0 g<\/td>\n<\/tr>\n<tr class=\"item\">\n<td class=\"name\">Cellule<\/td>\n<td class=\"value\">50 mg<\/td>\n<\/tr>\n<\/tbody>\n<\/table>\n<\/div>","protected":false},"excerpt":{"rendered":"<p>R\u00e9partir sur des salades, garnir divers mets, soupes, comme m\u00e9lange cuit sur du pain et d&#8217;autres metsrelev\u00e9s, tartes pr\u00e9paration aux oefs et aux l\u00e9gumes. Valeurs nutritives 100g inclus \u00c9nergie en KJ 2480 kJ \u00c9nergie en Kcal 593 kcal Gras 48,0 g &#8211; davon Acide gras satur\u00e9 6,0 g Hydrates de carbone 12,0 g &#8211; dont&hellip;<\/p>","protected":false},"featured_media":8888,"template":"","meta":[],"product_cat":[116],"product_tag":[],"acf":[],"_links":{"self":[{"href":"https:\/\/dev.sos-shop.ch\/en\/wp-json\/wp\/v2\/product\/8887"}],"collection":[{"href":"https:\/\/dev.sos-shop.ch\/en\/wp-json\/wp\/v2\/product"}],"about":[{"href":"https:\/\/dev.sos-shop.ch\/en\/wp-json\/wp\/v2\/types\/product"}],"version-history":[{"count":0,"href":"https:\/\/dev.sos-shop.ch\/en\/wp-json\/wp\/v2\/product\/8887\/revisions"}],"wp:featuredmedia":[{"embeddable":true,"href":"https:\/\/dev.sos-shop.ch\/en\/wp-json\/wp\/v2\/media\/8888"}],"wp:attachment":[{"href":"https:\/\/dev.sos-shop.ch\/en\/wp-json\/wp\/v2\/media?parent=8887"}],"wp:term":[{"taxonomy":"product_cat","embeddable":true,"href":"https:\/\/dev.sos-shop.ch\/en\/wp-json\/wp\/v2\/product_cat?post=8887"},{"taxonomy":"product_tag","embeddable":true,"href":"https:\/\/dev.sos-shop.ch\/en\/wp-json\/wp\/v2\/product_tag?post=8887"}],"curies":[{"name":"wp","href":"https:\/\/api.w.org\/{rel}","templated":true}]}}