{"id":8722,"date":"2020-09-25T10:58:31","date_gmt":"2020-09-25T09:58:31","guid":{"rendered":"https:\/\/sos-shop.ch\/?post_type=product&#038;p=8722"},"modified":"2025-03-17T04:41:45","modified_gmt":"2025-03-17T03:41:45","slug":"dogtat-halva","status":"publish","type":"product","link":"https:\/\/dev.sos-shop.ch\/en\/shop\/dogtat-halva\/","title":{"rendered":"Dogtat Halva 350g"},"content":{"rendered":"<p>Notre halva fait avec des ann\u00e9es d&#8217;exp\u00e9rience est devenue indispensable pour chaque repas avec son go\u00fbt et son go\u00fbt.\u00a0Diff\u00e9rentes vari\u00e9t\u00e9s sont une source de joie dans nos tables.\u00a0Notre halva se distingue \u00e9galement de ses concurrents par ses mat\u00e9riaux sp\u00e9ciaux utilis\u00e9s dans sa construction.<\/p>","protected":false},"excerpt":{"rendered":"<p>Notre halva fait avec des ann\u00e9es d&#8217;exp\u00e9rience est devenue indispensable pour chaque repas avec son go\u00fbt et son go\u00fbt.\u00a0Diff\u00e9rentes vari\u00e9t\u00e9s sont une source de joie dans nos tables.\u00a0Notre halva se distingue \u00e9galement de ses concurrents par ses mat\u00e9riaux sp\u00e9ciaux utilis\u00e9s dans sa construction.<\/p>","protected":false},"featured_media":8723,"template":"","meta":[],"product_cat":[116],"product_tag":[],"acf":[],"_links":{"self":[{"href":"https:\/\/dev.sos-shop.ch\/en\/wp-json\/wp\/v2\/product\/8722"}],"collection":[{"href":"https:\/\/dev.sos-shop.ch\/en\/wp-json\/wp\/v2\/product"}],"about":[{"href":"https:\/\/dev.sos-shop.ch\/en\/wp-json\/wp\/v2\/types\/product"}],"version-history":[{"count":0,"href":"https:\/\/dev.sos-shop.ch\/en\/wp-json\/wp\/v2\/product\/8722\/revisions"}],"wp:featuredmedia":[{"embeddable":true,"href":"https:\/\/dev.sos-shop.ch\/en\/wp-json\/wp\/v2\/media\/8723"}],"wp:attachment":[{"href":"https:\/\/dev.sos-shop.ch\/en\/wp-json\/wp\/v2\/media?parent=8722"}],"wp:term":[{"taxonomy":"product_cat","embeddable":true,"href":"https:\/\/dev.sos-shop.ch\/en\/wp-json\/wp\/v2\/product_cat?post=8722"},{"taxonomy":"product_tag","embeddable":true,"href":"https:\/\/dev.sos-shop.ch\/en\/wp-json\/wp\/v2\/product_tag?post=8722"}],"curies":[{"name":"wp","href":"https:\/\/api.w.org\/{rel}","templated":true}]}}