{"id":8453,"date":"2020-09-25T05:01:17","date_gmt":"2020-09-25T04:01:17","guid":{"rendered":"https:\/\/sos-shop.ch\/?post_type=product&#038;p=8453"},"modified":"2025-03-17T04:41:46","modified_gmt":"2025-03-17T03:41:46","slug":"frami-ragout-feijoada__trashed","status":"publish","type":"product","link":"https:\/\/dev.sos-shop.ch\/en\/shop\/frami-ragout-feijoada__trashed\/","title":{"rendered":"Frami Rago\u00fbt Feijoada 425g"},"content":{"rendered":"<h5>Description<\/h5>\n<p>du produit<br \/>\nDescription du produit Rago\u00fbt de haricots \u00e0 la viande<br \/>\nNom de marque Frami<br \/>\nDescription du produit Feijoada \u00e0 Transmontana<br \/>\nPoids net 425g<br \/>\nCode du statut de pr\u00e9paration NON SP\u00c9CIFI\u00c9 (non sp\u00e9cifi\u00e9)<br \/>\nPays d&#8217;origine de l&#8217;article Portugal<\/p>\n<p>Valeurs nutritionnelles<br \/>\n100g contiennent:<br \/>\nPourcentage de quantit\u00e9 **<br \/>\n\u00c9nergie en KJ 618 KJ<br \/>\n\u00c9nergie en Kcal 148 Kcal<br \/>\nMati\u00e8res grasses totales 7,9 g<br \/>\n\u00e0 partir de ce:<br \/>\n&#8212; Acides gras satur\u00e9s 0,2 g<br \/>\nTotal glucides 6,4 g<br \/>\n\u00e0 partir de ce:<br \/>\n&#8212; sucre 0 g<br \/>\nFibres alimentaires 4,2 g<br \/>\nProt\u00e9ines 10,8 g<br \/>\nSel 1725 g<\/p>","protected":false},"excerpt":{"rendered":"<p>Description du produit Description du produit Rago\u00fbt de haricots \u00e0 la viande Nom de marque Frami Description du produit Feijoada \u00e0 Transmontana Poids net 425g Code du statut de pr\u00e9paration NON SP\u00c9CIFI\u00c9 (non sp\u00e9cifi\u00e9) Pays d&#8217;origine de l&#8217;article Portugal Valeurs nutritionnelles 100g contiennent: Pourcentage de quantit\u00e9 ** \u00c9nergie en KJ 618 KJ \u00c9nergie en Kcal&hellip;<\/p>","protected":false},"featured_media":8454,"template":"","meta":[],"product_cat":[116],"product_tag":[],"acf":[],"_links":{"self":[{"href":"https:\/\/dev.sos-shop.ch\/en\/wp-json\/wp\/v2\/product\/8453"}],"collection":[{"href":"https:\/\/dev.sos-shop.ch\/en\/wp-json\/wp\/v2\/product"}],"about":[{"href":"https:\/\/dev.sos-shop.ch\/en\/wp-json\/wp\/v2\/types\/product"}],"version-history":[{"count":0,"href":"https:\/\/dev.sos-shop.ch\/en\/wp-json\/wp\/v2\/product\/8453\/revisions"}],"wp:featuredmedia":[{"embeddable":true,"href":"https:\/\/dev.sos-shop.ch\/en\/wp-json\/wp\/v2\/media\/8454"}],"wp:attachment":[{"href":"https:\/\/dev.sos-shop.ch\/en\/wp-json\/wp\/v2\/media?parent=8453"}],"wp:term":[{"taxonomy":"product_cat","embeddable":true,"href":"https:\/\/dev.sos-shop.ch\/en\/wp-json\/wp\/v2\/product_cat?post=8453"},{"taxonomy":"product_tag","embeddable":true,"href":"https:\/\/dev.sos-shop.ch\/en\/wp-json\/wp\/v2\/product_tag?post=8453"}],"curies":[{"name":"wp","href":"https:\/\/api.w.org\/{rel}","templated":true}]}}