{"id":8439,"date":"2020-09-25T04:30:09","date_gmt":"2020-09-25T03:30:09","guid":{"rendered":"https:\/\/sos-shop.ch\/?post_type=product&#038;p=8439"},"modified":"2025-03-17T04:41:47","modified_gmt":"2025-03-17T03:41:47","slug":"gallo-piri-piri-sauce-piquante","status":"publish","type":"product","link":"https:\/\/dev.sos-shop.ch\/en\/shop\/gallo-piri-piri-sauce-piquante\/","title":{"rendered":"Gallo Piri-Piri Sauce Piquante 50ml"},"content":{"rendered":"<h5>Gallo<\/h5>\n<p>Produits authentiques du Portugal<\/p>\n<p>Le Portugal a beau \u00eatre un petit pays, sa cuisine n\u2019en est pas moins<br \/>\nsynonyme de diversit\u00e9. Simple et raffin\u00e9e, la cuisine portugaise traditionnelle<br \/>\nest influenc\u00e9e par sa proximit\u00e9 \u00e0 la mer et se compose ainsi de plats<br \/>\ng\u00e9n\u00e9reux \u00e0 base de poisson et de fruits de mer. La viande, les l\u00e9gumes, le<br \/>\nriz, les pommes de terre et les feij\u00e3o (haricots) font \u00e9galement partie<br \/>\nint\u00e9grante de cette cuisine savoureuse. Soupes et rago\u00fbts sont par exemple<br \/>\ndes mets particuli\u00e8rement appr\u00e9ci\u00e9s. Enfin, les plats sont souvent pr\u00e9par\u00e9s<br \/>\n\u00e0 l\u2019huile d\u2019olive. Notre gamme vous pr\u00e9sente aujourd\u2019hui tous les produits<br \/>\npr\u00e9f\u00e9r\u00e9s des Portugais depuis des g\u00e9n\u00e9rations!<\/p>\n<p>Valeurs nutritionnelles<br \/>\n100 ml contiennent:<br \/>\nPourcentage de quantit\u00e9 **<br \/>\n\u00c9nergie en KJ 3404 KJ<br \/>\n\u00c9nergie en Kcal 828 Kcal<br \/>\nMati\u00e8res grasses totales 92 ml<br \/>\n\u00e0 partir de ce:<br \/>\n&#8212; Acides gras satur\u00e9s 13 ml<br \/>\nGlucides totaux 0 ml<br \/>\n\u00e0 partir de ce:<br \/>\n&#8212; sucre 0 ml<br \/>\nBlanc d&#8217;oeuf 0 ml<br \/>\nSel 0,02 ml<\/p>","protected":false},"excerpt":{"rendered":"<p>Gallo Produits authentiques du Portugal Le Portugal a beau \u00eatre un petit pays, sa cuisine n\u2019en est pas moins synonyme de diversit\u00e9. Simple et raffin\u00e9e, la cuisine portugaise traditionnelle est influenc\u00e9e par sa proximit\u00e9 \u00e0 la mer et se compose ainsi de plats g\u00e9n\u00e9reux \u00e0 base de poisson et de fruits de mer. La viande,&hellip;<\/p>","protected":false},"featured_media":8440,"template":"","meta":[],"product_cat":[116],"product_tag":[],"acf":[],"_links":{"self":[{"href":"https:\/\/dev.sos-shop.ch\/en\/wp-json\/wp\/v2\/product\/8439"}],"collection":[{"href":"https:\/\/dev.sos-shop.ch\/en\/wp-json\/wp\/v2\/product"}],"about":[{"href":"https:\/\/dev.sos-shop.ch\/en\/wp-json\/wp\/v2\/types\/product"}],"version-history":[{"count":0,"href":"https:\/\/dev.sos-shop.ch\/en\/wp-json\/wp\/v2\/product\/8439\/revisions"}],"wp:featuredmedia":[{"embeddable":true,"href":"https:\/\/dev.sos-shop.ch\/en\/wp-json\/wp\/v2\/media\/8440"}],"wp:attachment":[{"href":"https:\/\/dev.sos-shop.ch\/en\/wp-json\/wp\/v2\/media?parent=8439"}],"wp:term":[{"taxonomy":"product_cat","embeddable":true,"href":"https:\/\/dev.sos-shop.ch\/en\/wp-json\/wp\/v2\/product_cat?post=8439"},{"taxonomy":"product_tag","embeddable":true,"href":"https:\/\/dev.sos-shop.ch\/en\/wp-json\/wp\/v2\/product_tag?post=8439"}],"curies":[{"name":"wp","href":"https:\/\/api.w.org\/{rel}","templated":true}]}}