{"id":8305,"date":"2020-09-24T11:11:18","date_gmt":"2020-09-24T10:11:18","guid":{"rendered":"https:\/\/sos-shop.ch\/?post_type=product&#038;p=8305"},"modified":"2025-03-17T04:41:47","modified_gmt":"2025-03-17T03:41:47","slug":"nissin-cup-noodles-boeuf__trashed","status":"publish","type":"product","link":"https:\/\/dev.sos-shop.ch\/en\/shop\/nissin-cup-noodles-boeuf__trashed\/","title":{"rendered":"Nissin Cup Noodles boeuf"},"content":{"rendered":"<h5><span>Description du produit<\/span><\/h5>\n<table class=\"table_top\">\n<tbody>\n<tr>\n<td class=\"descr\"><span>Description de l&#8217;article<\/span><\/td>\n<td class=\"black\"><span>Soupe \u00e9pic\u00e9e aux nouilles instantan\u00e9es, saveur de boeuf, style asiatique.<\/span><\/td>\n<\/tr>\n<tr>\n<td class=\"descr\"><span>Marque<\/span><\/td>\n<td class=\"black\"><span>Nissin<\/span><\/td>\n<\/tr>\n<tr>\n<td class=\"descr\"><span>Description du produit<\/span><\/td>\n<td class=\"black\"><span>Nissin Cup Noodles Boeuf 5 Epices<\/span><\/td>\n<\/tr>\n<tr>\n<td class=\"descr\"><span>Quantit\u00e9 de remplissage nette<\/span><\/td>\n<td class=\"black\"><span>64 g<\/span><\/td>\n<\/tr>\n<tr>\n<td class=\"descr\"><span>Pays d&#8217;origine de l&#8217;article<\/span><\/td>\n<td class=\"black\"><span>Hongrie<\/span><\/td>\n<\/tr>\n<\/tbody>\n<\/table>\n<h5><span>Valeurs nutritionnelles<\/span><\/h5>\n<p><span>100g contiennent:<\/span><\/p>\n<table class=\"nutdetail\">\n<tbody>\n<tr>\n<td class=\"naehr1\"><\/td>\n<td class=\"naehr2\"><\/td>\n<td class=\"naehr5\"><\/td>\n<td class=\"naehr3\"><span>quantit\u00e9<\/span><\/td>\n<td class=\"naehr4\"><span>Pourcentage**<\/span><\/td>\n<\/tr>\n<tr class=\"\">\n<td class=\"naehr1\"><span>\u00c9nergie en KJ<\/span><\/td>\n<td class=\"naehr2\"><\/td>\n<td class=\"black naehr5\"><\/td>\n<td class=\"black naehr3\"><span>340 KJ<\/span><\/td>\n<td class=\"black naehr4\"><\/td>\n<\/tr>\n<tr class=\"backgreen\">\n<td class=\"naehr1\"><span>\u00c9nergie en Kcal<\/span><\/td>\n<td class=\"naehr2\"><\/td>\n<td class=\"black naehr5\"><\/td>\n<td class=\"black naehr3\"><span>81 kilocalories<\/span><\/td>\n<td class=\"black naehr4\"><\/td>\n<\/tr>\n<tr class=\"\">\n<td class=\"naehr1\"><span>Graisse totale<\/span><\/td>\n<td class=\"naehr2\"><\/td>\n<td class=\"black naehr5\"><\/td>\n<td class=\"black naehr3\"><span>3,5 g<\/span><\/td>\n<td class=\"black naehr4\"><\/td>\n<\/tr>\n<tr class=\"backgreen\">\n<td colspan=\"5\"><span>\u00e0 partir de ce:<\/span><\/td>\n<\/tr>\n<tr class=\"\">\n<td class=\"naehr1\"><span>&#8212;<\/span><\/td>\n<td class=\"naehr2\"><span>Gras satur\u00e9<\/span><\/td>\n<td class=\"black naehr5\"><\/td>\n<td class=\"black naehr3\"><span>1,8 g<\/span><\/td>\n<td class=\"black naehr4\"><\/td>\n<\/tr>\n<tr class=\"backgreen\">\n<td class=\"naehr1\"><span>Glucides totaux<\/span><\/td>\n<td class=\"naehr2\"><\/td>\n<td class=\"black naehr5\"><\/td>\n<td class=\"black naehr3\"><span>9,6 g<\/span><\/td>\n<td class=\"black naehr4\"><\/td>\n<\/tr>\n<tr class=\"\">\n<td colspan=\"5\"><span>\u00e0 partir de ce:<\/span><\/td>\n<\/tr>\n<tr class=\"backgreen\">\n<td class=\"naehr1\"><span>&#8212;<\/span><\/td>\n<td class=\"naehr2\"><span>sucre<\/span><\/td>\n<td class=\"black naehr5\"><\/td>\n<td class=\"black naehr3\"><span>0,9 g<\/span><\/td>\n<td class=\"black naehr4\"><\/td>\n<\/tr>\n<tr class=\"\">\n<td class=\"naehr1\"><span>Prot\u00e9ine<\/span><\/td>\n<td class=\"naehr2\"><\/td>\n<td class=\"black naehr5\"><\/td>\n<td class=\"black naehr3\"><span>2,4 g<\/span><\/td>\n<td class=\"black naehr4\"><\/td>\n<\/tr>\n<tr class=\"backgreen\">\n<td class=\"naehr1\"><span>sel<\/span><\/td>\n<td class=\"naehr2\"><\/td>\n<td class=\"black naehr5\"><\/td>\n<td class=\"black naehr3\"><span>1,1 g<\/span><\/td>\n<td class=\"black naehr4\"><\/td>\n<\/tr>\n<\/tbody>\n<\/table>\n<p id=\"referenzmenge\"><span>** Apport de r\u00e9f\u00e9rence pour un adulte moyen (8400kJ \/ 2000kcal)<\/span><\/p>","protected":false},"excerpt":{"rendered":"<p>Description du produit Description de l&#8217;article Soupe \u00e9pic\u00e9e aux nouilles instantan\u00e9es, saveur de boeuf, style asiatique. Marque Nissin Description du produit Nissin Cup Noodles Boeuf 5 Epices Quantit\u00e9 de remplissage nette 64 g Pays d&#8217;origine de l&#8217;article Hongrie Valeurs nutritionnelles 100g contiennent: quantit\u00e9 Pourcentage** \u00c9nergie en KJ 340 KJ \u00c9nergie en Kcal 81 kilocalories Graisse&hellip;<\/p>","protected":false},"featured_media":8313,"template":"","meta":[],"product_cat":[116],"product_tag":[],"acf":[],"_links":{"self":[{"href":"https:\/\/dev.sos-shop.ch\/en\/wp-json\/wp\/v2\/product\/8305"}],"collection":[{"href":"https:\/\/dev.sos-shop.ch\/en\/wp-json\/wp\/v2\/product"}],"about":[{"href":"https:\/\/dev.sos-shop.ch\/en\/wp-json\/wp\/v2\/types\/product"}],"version-history":[{"count":0,"href":"https:\/\/dev.sos-shop.ch\/en\/wp-json\/wp\/v2\/product\/8305\/revisions"}],"wp:featuredmedia":[{"embeddable":true,"href":"https:\/\/dev.sos-shop.ch\/en\/wp-json\/wp\/v2\/media\/8313"}],"wp:attachment":[{"href":"https:\/\/dev.sos-shop.ch\/en\/wp-json\/wp\/v2\/media?parent=8305"}],"wp:term":[{"taxonomy":"product_cat","embeddable":true,"href":"https:\/\/dev.sos-shop.ch\/en\/wp-json\/wp\/v2\/product_cat?post=8305"},{"taxonomy":"product_tag","embeddable":true,"href":"https:\/\/dev.sos-shop.ch\/en\/wp-json\/wp\/v2\/product_tag?post=8305"}],"curies":[{"name":"wp","href":"https:\/\/api.w.org\/{rel}","templated":true}]}}