{"id":8189,"date":"2020-09-24T02:52:12","date_gmt":"2020-09-24T01:52:12","guid":{"rendered":"https:\/\/sos-shop.ch\/?post_type=product&#038;p=8189"},"modified":"2025-03-17T04:41:49","modified_gmt":"2025-03-17T03:41:49","slug":"del-duca-vinaigre-balsam-di-modena-gold-cap-spray","status":"publish","type":"product","link":"https:\/\/dev.sos-shop.ch\/en\/shop\/del-duca-vinaigre-balsam-di-modena-gold-cap-spray\/","title":{"rendered":"Del Duca Vinaigre Balsam di Modena Spray 250ml"},"content":{"rendered":"<h5>Description du produit<\/h5>\n<table class=\"table_top\">\n<tbody>\n<tr>\n<td class=\"descr\">Description de l&#8217;article<\/td>\n<td class=\"black\">Aceto Balsamico di Modena IGP<\/td>\n<\/tr>\n<tr>\n<td class=\"descr\">Marque<\/td>\n<td class=\"black\">Del Duca<\/td>\n<\/tr>\n<tr>\n<td class=\"descr\">Quantit\u00e9 de remplissage nette<\/td>\n<td class=\"black\">750 ml<\/td>\n<\/tr>\n<tr>\n<td class=\"descr\">Taille de la portion<\/td>\n<td class=\"black\">3 x 250 g<\/td>\n<\/tr>\n<tr>\n<td class=\"descr\">Pays d&#8217;origine de l&#8217;article<\/td>\n<td class=\"black\">Italie<\/td>\n<\/tr>\n<\/tbody>\n<\/table>\n<h5>Valeurs nutritionnelles<\/h5>\n<p>100g contiennent:<\/p>\n<table class=\"nutdetail\">\n<tbody>\n<tr>\n<td class=\"naehr1\"><\/td>\n<td class=\"naehr2\"><\/td>\n<td class=\"naehr5\"><\/td>\n<td class=\"naehr3\">montant<\/td>\n<td class=\"naehr4\">Pourcentage**<\/td>\n<\/tr>\n<tr class=\"\">\n<td class=\"naehr1\">\u00c9nergie en KJ<\/td>\n<td class=\"naehr2\"><\/td>\n<td class=\"black naehr5\"><\/td>\n<td class=\"black naehr3\">106 kJ<\/td>\n<td class=\"black naehr4\"><\/td>\n<\/tr>\n<tr class=\"backgreen\">\n<td class=\"naehr1\">\u00c9nergie en Kcal<\/td>\n<td class=\"naehr2\"><\/td>\n<td class=\"black naehr5\"><\/td>\n<td class=\"black naehr3\">452 kilocalories<\/td>\n<td class=\"black naehr4\"><\/td>\n<\/tr>\n<tr class=\"\">\n<td class=\"naehr1\">Graisse totale<\/td>\n<td class=\"naehr2\"><\/td>\n<td class=\"black naehr5\"><\/td>\n<td class=\"black naehr3\">0 g<\/td>\n<td class=\"black naehr4\"><\/td>\n<\/tr>\n<tr class=\"backgreen\">\n<td colspan=\"5\">\u00e0 partir de ce:<\/td>\n<\/tr>\n<tr class=\"\">\n<td class=\"naehr1\">&#8212;<\/td>\n<td class=\"naehr2\">Gras satur\u00e9<\/td>\n<td class=\"black naehr5\"><\/td>\n<td class=\"black naehr3\">0 g<\/td>\n<td class=\"black naehr4\"><\/td>\n<\/tr>\n<tr class=\"backgreen\">\n<td class=\"naehr1\">&#8212;<\/td>\n<td class=\"naehr2\">Acides gras monoinsatur\u00e9s<\/td>\n<td class=\"black naehr5\"><\/td>\n<td class=\"black naehr3\">0 g<\/td>\n<td class=\"black naehr4\"><\/td>\n<\/tr>\n<tr class=\"\">\n<td class=\"naehr1\">&#8212;<\/td>\n<td class=\"naehr2\">Acides gras polyinsatur\u00e9s<\/td>\n<td class=\"black naehr5\"><\/td>\n<td class=\"black naehr3\">0 g<\/td>\n<td class=\"black naehr4\"><\/td>\n<\/tr>\n<tr class=\"backgreen\">\n<td class=\"naehr1\">Glucides totaux<\/td>\n<td class=\"naehr2\"><\/td>\n<td class=\"black naehr5\"><\/td>\n<td class=\"black naehr3\">22 grammes<\/td>\n<td class=\"black naehr4\"><\/td>\n<\/tr>\n<tr class=\"\">\n<td colspan=\"5\">\u00e0 partir de ce:<\/td>\n<\/tr>\n<tr class=\"backgreen\">\n<td class=\"naehr1\">&#8212;<\/td>\n<td class=\"naehr2\">sucre<\/td>\n<td class=\"black naehr5\"><\/td>\n<td class=\"black naehr3\">22 grammes<\/td>\n<td class=\"black naehr4\"><\/td>\n<\/tr>\n<tr class=\"\">\n<td class=\"naehr1\">Prot\u00e9ine<\/td>\n<td class=\"naehr2\"><\/td>\n<td class=\"black naehr5\"><\/td>\n<td class=\"black naehr3\">0 g<\/td>\n<td class=\"black naehr4\"><\/td>\n<\/tr>\n<tr class=\"backgreen\">\n<td class=\"naehr1\">sel<\/td>\n<td class=\"naehr2\"><\/td>\n<td class=\"black naehr5\"><\/td>\n<td class=\"black naehr3\">0,03 g<\/td>\n<td class=\"black naehr4\"><\/td>\n<\/tr>\n<\/tbody>\n<\/table>\n<p id=\"referenzmenge\">** Apport de r\u00e9f\u00e9rence pour un adulte moyen (8400kJ \/ 2000kcal)<\/p>","protected":false},"excerpt":{"rendered":"<p>Description du produit Description de l&#8217;article Aceto Balsamico di Modena IGP Marque Del Duca Quantit\u00e9 de remplissage nette 750 ml Taille de la portion 3 x 250 g Pays d&#8217;origine de l&#8217;article Italie Valeurs nutritionnelles 100g contiennent: montant Pourcentage** \u00c9nergie en KJ 106 kJ \u00c9nergie en Kcal 452 kilocalories Graisse totale 0 g \u00e0 partir&hellip;<\/p>","protected":false},"featured_media":11502,"template":"","meta":[],"product_cat":[116],"product_tag":[],"acf":[],"_links":{"self":[{"href":"https:\/\/dev.sos-shop.ch\/en\/wp-json\/wp\/v2\/product\/8189"}],"collection":[{"href":"https:\/\/dev.sos-shop.ch\/en\/wp-json\/wp\/v2\/product"}],"about":[{"href":"https:\/\/dev.sos-shop.ch\/en\/wp-json\/wp\/v2\/types\/product"}],"version-history":[{"count":0,"href":"https:\/\/dev.sos-shop.ch\/en\/wp-json\/wp\/v2\/product\/8189\/revisions"}],"wp:featuredmedia":[{"embeddable":true,"href":"https:\/\/dev.sos-shop.ch\/en\/wp-json\/wp\/v2\/media\/11502"}],"wp:attachment":[{"href":"https:\/\/dev.sos-shop.ch\/en\/wp-json\/wp\/v2\/media?parent=8189"}],"wp:term":[{"taxonomy":"product_cat","embeddable":true,"href":"https:\/\/dev.sos-shop.ch\/en\/wp-json\/wp\/v2\/product_cat?post=8189"},{"taxonomy":"product_tag","embeddable":true,"href":"https:\/\/dev.sos-shop.ch\/en\/wp-json\/wp\/v2\/product_tag?post=8189"}],"curies":[{"name":"wp","href":"https:\/\/api.w.org\/{rel}","templated":true}]}}