{"id":7722,"date":"2020-09-21T05:02:18","date_gmt":"2020-09-21T04:02:18","guid":{"rendered":"https:\/\/sos-shop.ch\/?post_type=product&#038;p=7722"},"modified":"2025-03-17T04:41:49","modified_gmt":"2025-03-17T03:41:49","slug":"majestic-natura-graines-de-sesame-bio-bourgeon","status":"publish","type":"product","link":"https:\/\/dev.sos-shop.ch\/en\/shop\/majestic-natura-graines-de-sesame-bio-bourgeon\/","title":{"rendered":"Majestic Natura Graines de s\u00e9same BIO bourgeon"},"content":{"rendered":"<p>Nous ne travaillons qu\u2019avec des fournisseurs que nous connaissons personnellement et dont nous avons visit\u00e9 l\u2019entreprise. Nous n\u2019ach\u00e8terons jamais de produits \u00e0 l\u2019aveugle sur le march\u00e9 spot. Les partenariats de longue date avec nos fournisseurs nous permettent de garantir un niveau de qualit\u00e9 constant. En plus des caract\u00e9ristiques sp\u00e9cifiques des produits de la marque<\/p>\n<h5><span>Description du produit<\/span><\/h5>\n<table class=\"table_top\">\n<tbody>\n<tr>\n<td class=\"descr\"><span>Description de l&#8217;article<\/span><\/td>\n<td class=\"black\"><span>graines de s\u00e9same<\/span><\/td>\n<\/tr>\n<tr>\n<td class=\"descr\"><span>Marque<\/span><\/td>\n<td class=\"black\"><span>Majestic natura<\/span><\/td>\n<\/tr>\n<tr>\n<td class=\"descr\"><span>Description du produit<\/span><\/td>\n<td class=\"black\"><span>graines de s\u00e9same<\/span><\/td>\n<\/tr>\n<tr>\n<td class=\"descr\"><span>Quantit\u00e9 de remplissage nette<\/span><\/td>\n<td class=\"black\"><span>300 grammes<\/span><\/td>\n<\/tr>\n<tr>\n<td class=\"descr\"><span>Pays d&#8217;origine de l&#8217;article<\/span><\/td>\n<td class=\"black\"><span>Suisse<\/span><\/td>\n<\/tr>\n<\/tbody>\n<\/table>\n<h5><span>Valeurs nutritionnelles<\/span><\/h5>\n<p><span>100g contiennent:<\/span><\/p>\n<table class=\"nutdetail\">\n<tbody>\n<tr>\n<td class=\"naehr1\"><\/td>\n<td class=\"naehr2\"><\/td>\n<td class=\"naehr5\"><\/td>\n<td class=\"naehr3\"><span>montant<\/span><\/td>\n<td class=\"naehr4\"><span>Pourcentage**<\/span><\/td>\n<\/tr>\n<tr class=\"\">\n<td class=\"naehr1\"><span>\u00c9nergie en KJ<\/span><\/td>\n<td class=\"naehr2\"><\/td>\n<td class=\"black naehr5\"><\/td>\n<td class=\"black naehr3\"><span>2397 KJ<\/span><\/td>\n<td class=\"black naehr4\"><\/td>\n<\/tr>\n<tr class=\"backgreen\">\n<td class=\"naehr1\"><span>\u00c9nergie en Kcal<\/span><\/td>\n<td class=\"naehr2\"><\/td>\n<td class=\"black naehr5\"><\/td>\n<td class=\"black naehr3\"><span>573 kilocalories<\/span><\/td>\n<td class=\"black naehr4\"><\/td>\n<\/tr>\n<tr class=\"\">\n<td class=\"naehr1\"><span>Graisse totale<\/span><\/td>\n<td class=\"naehr2\"><\/td>\n<td class=\"black naehr5\"><\/td>\n<td class=\"black naehr3\"><span>50 grammes<\/span><\/td>\n<td class=\"black naehr4\"><\/td>\n<\/tr>\n<tr class=\"backgreen\">\n<td colspan=\"5\"><span>\u00e0 partir de ce:<\/span><\/td>\n<\/tr>\n<tr class=\"\">\n<td class=\"naehr1\"><span>&#8212;<\/span><\/td>\n<td class=\"naehr2\"><span>Gras satur\u00e9<\/span><\/td>\n<td class=\"black naehr5\"><\/td>\n<td class=\"black naehr3\"><span>7 grammes<\/span><\/td>\n<td class=\"black naehr4\"><\/td>\n<\/tr>\n<tr class=\"backgreen\">\n<td class=\"naehr1\"><span>Glucides totaux<\/span><\/td>\n<td class=\"naehr2\"><\/td>\n<td class=\"black naehr5\"><\/td>\n<td class=\"black naehr3\"><span>11,7 grammes<\/span><\/td>\n<td class=\"black naehr4\"><\/td>\n<\/tr>\n<tr class=\"\">\n<td colspan=\"5\"><span>\u00e0 partir de ce:<\/span><\/td>\n<\/tr>\n<tr class=\"backgreen\">\n<td class=\"naehr1\"><span>&#8212;<\/span><\/td>\n<td class=\"naehr2\"><span>sucre<\/span><\/td>\n<td class=\"black naehr5\"><\/td>\n<td class=\"black naehr3\"><span>0,3 g<\/span><\/td>\n<td class=\"black naehr4\"><\/td>\n<\/tr>\n<tr class=\"\">\n<td class=\"naehr1\"><span>Fibre<\/span><\/td>\n<td class=\"naehr2\"><\/td>\n<td class=\"black naehr5\"><\/td>\n<td class=\"black naehr3\"><span>11,8 g<\/span><\/td>\n<td class=\"black naehr4\"><\/td>\n<\/tr>\n<tr class=\"backgreen\">\n<td class=\"naehr1\"><span>Prot\u00e9ine<\/span><\/td>\n<td class=\"naehr2\"><\/td>\n<td class=\"black naehr5\"><\/td>\n<td class=\"black naehr3\"><span>17,7 grammes<\/span><\/td>\n<td class=\"black naehr4\"><\/td>\n<\/tr>\n<tr class=\"\">\n<td class=\"naehr1\"><span>sel<\/span><\/td>\n<td class=\"naehr2\"><\/td>\n<td class=\"black naehr5\"><\/td>\n<td class=\"black naehr3\"><span>0,03 g<\/span><\/td>\n<td class=\"black naehr4\"><\/td>\n<\/tr>\n<\/tbody>\n<\/table>\n<p id=\"referenzmenge\"><span>** Apport de r\u00e9f\u00e9rence pour un adulte moyen (8400kJ \/ 2000kcal)<\/span><\/p>","protected":false},"excerpt":{"rendered":"<p>Nous ne travaillons qu\u2019avec des fournisseurs que nous connaissons personnellement et dont nous avons visit\u00e9 l\u2019entreprise. Nous n\u2019ach\u00e8terons jamais de produits \u00e0 l\u2019aveugle sur le march\u00e9 spot. Les partenariats de longue date avec nos fournisseurs nous permettent de garantir un niveau de qualit\u00e9 constant. En plus des caract\u00e9ristiques sp\u00e9cifiques des produits de la marque Description&hellip;<\/p>","protected":false},"featured_media":7724,"template":"","meta":[],"product_cat":[116],"product_tag":[],"acf":[],"_links":{"self":[{"href":"https:\/\/dev.sos-shop.ch\/en\/wp-json\/wp\/v2\/product\/7722"}],"collection":[{"href":"https:\/\/dev.sos-shop.ch\/en\/wp-json\/wp\/v2\/product"}],"about":[{"href":"https:\/\/dev.sos-shop.ch\/en\/wp-json\/wp\/v2\/types\/product"}],"version-history":[{"count":0,"href":"https:\/\/dev.sos-shop.ch\/en\/wp-json\/wp\/v2\/product\/7722\/revisions"}],"wp:featuredmedia":[{"embeddable":true,"href":"https:\/\/dev.sos-shop.ch\/en\/wp-json\/wp\/v2\/media\/7724"}],"wp:attachment":[{"href":"https:\/\/dev.sos-shop.ch\/en\/wp-json\/wp\/v2\/media?parent=7722"}],"wp:term":[{"taxonomy":"product_cat","embeddable":true,"href":"https:\/\/dev.sos-shop.ch\/en\/wp-json\/wp\/v2\/product_cat?post=7722"},{"taxonomy":"product_tag","embeddable":true,"href":"https:\/\/dev.sos-shop.ch\/en\/wp-json\/wp\/v2\/product_tag?post=7722"}],"curies":[{"name":"wp","href":"https:\/\/api.w.org\/{rel}","templated":true}]}}