{"id":7454,"date":"2020-09-20T10:17:14","date_gmt":"2020-09-20T09:17:14","guid":{"rendered":"https:\/\/sos-shop.ch\/?post_type=product&#038;p=7454"},"modified":"2025-03-17T04:41:50","modified_gmt":"2025-03-17T03:41:50","slug":"manchego-plaza-mayor__trashed","status":"publish","type":"product","link":"https:\/\/dev.sos-shop.ch\/en\/shop\/manchego-plaza-mayor__trashed\/","title":{"rendered":"Plaza Mayor Manchego Fromage 200g"},"content":{"rendered":"<p>Made in : Spain<\/p>\n<p>Milk: Sheep<\/p>\n<p>The Manchego is produced in the La Mancha region of Spain. This Manchego cheese aged for 6 months and has a caramel and nutty flavor. It has distinct acidity. The intense taste and crumbly texture make it perfect to eat it as is, or can be served with olives, sun-dried tomatoes, crusty bread and a robust red wine (Rioja) or a dry sherry (Fino). It is equally enjoyable as a snack or dessert with fruit or fruit tarts.<\/p>\n<p>Le Manchego est produit dans la r\u00e9gion de La Mancha en Espagne.\u00a0Ce fromage Manchego a vieilli 6 mois et a une saveur de caramel et de noisette.\u00a0Il a une acidit\u00e9 distincte.\u00a0Son go\u00fbt intense et sa texture friable le rendent parfait pour le manger tel quel, ou peut \u00eatre servi avec des olives, des tomates s\u00e9ch\u00e9es au soleil, du pain croustillant et un vin rouge robuste (Rioja) ou un sherry sec (Fino).\u00a0Il est \u00e9galement agr\u00e9able en collation ou en dessert avec des tartes aux fruits ou aux fruits.<\/p>","protected":false},"excerpt":{"rendered":"<p>Made in : Spain Milk: Sheep The Manchego is produced in the La Mancha region of Spain. This Manchego cheese aged for 6 months and has a caramel and nutty flavor. It has distinct acidity. The intense taste and crumbly texture make it perfect to eat it as is, or can be served with olives,&hellip;<\/p>","protected":false},"featured_media":7455,"template":"","meta":[],"product_cat":[114],"product_tag":[],"acf":[],"_links":{"self":[{"href":"https:\/\/dev.sos-shop.ch\/en\/wp-json\/wp\/v2\/product\/7454"}],"collection":[{"href":"https:\/\/dev.sos-shop.ch\/en\/wp-json\/wp\/v2\/product"}],"about":[{"href":"https:\/\/dev.sos-shop.ch\/en\/wp-json\/wp\/v2\/types\/product"}],"version-history":[{"count":0,"href":"https:\/\/dev.sos-shop.ch\/en\/wp-json\/wp\/v2\/product\/7454\/revisions"}],"wp:featuredmedia":[{"embeddable":true,"href":"https:\/\/dev.sos-shop.ch\/en\/wp-json\/wp\/v2\/media\/7455"}],"wp:attachment":[{"href":"https:\/\/dev.sos-shop.ch\/en\/wp-json\/wp\/v2\/media?parent=7454"}],"wp:term":[{"taxonomy":"product_cat","embeddable":true,"href":"https:\/\/dev.sos-shop.ch\/en\/wp-json\/wp\/v2\/product_cat?post=7454"},{"taxonomy":"product_tag","embeddable":true,"href":"https:\/\/dev.sos-shop.ch\/en\/wp-json\/wp\/v2\/product_tag?post=7454"}],"curies":[{"name":"wp","href":"https:\/\/api.w.org\/{rel}","templated":true}]}}