{"id":7255,"date":"2020-09-19T11:59:21","date_gmt":"2020-09-19T10:59:21","guid":{"rendered":"https:\/\/sos-shop.ch\/?post_type=product&#038;p=7255"},"modified":"2025-03-17T04:41:50","modified_gmt":"2025-03-17T03:41:50","slug":"hirz-yogourt-mocca-avec-eclats__trashed","status":"publish","type":"product","link":"https:\/\/dev.sos-shop.ch\/en\/shop\/hirz-yogourt-mocca-avec-eclats__trashed\/","title":{"rendered":"Hirz Yogourt Mocca avec \u00e9clats 180ml"},"content":{"rendered":"<p><strong>Avis d&#8217;allerg\u00e8nes<\/strong><\/p>\n<p>Contient Lait (prot\u00e9ine + sucre de lait).\u00a0Peut contenir F\u00e8ves de soja, Fruits \u00e0 coque.<\/p>\n<p><strong>Valeurs nutritionnelles<\/strong><\/p>\n<table class=\"mat-table cdk-table\" role=\"grid\">\n<thead role=\"rowgroup\">\n<tr class=\"mat-header-row cdk-header-row ng-star-inserted\" role=\"row\">\n<th class=\"mat-header-cell cdk-header-cell cdk-column-nutritional-values mat-column-nutritional-values ng-star-inserted\" role=\"columnheader\"><\/th>\n<th class=\"mat-header-cell cdk-header-cell cdk-column-STANDARD mat-column-STANDARD ng-star-inserted\" role=\"columnheader\">100g<\/th>\n<\/tr>\n<\/thead>\n<tbody role=\"rowgroup\">\n<tr class=\"mat-row cdk-row ng-star-inserted\" role=\"row\">\n<td class=\"mat-cell cdk-cell cdk-column-nutritional-values mat-column-nutritional-values ng-star-inserted\" role=\"gridcell\">\u00c9nergie<\/td>\n<td class=\"mat-cell cdk-cell cdk-column-STANDARD mat-column-STANDARD ng-star-inserted\" role=\"gridcell\">527,0kj (125,0kcal)<\/td>\n<\/tr>\n<tr class=\"mat-row cdk-row ng-star-inserted\" role=\"row\">\n<td class=\"mat-cell cdk-cell cdk-column-nutritional-values mat-column-nutritional-values ng-star-inserted\" role=\"gridcell\">Lipides<\/td>\n<td class=\"mat-cell cdk-cell cdk-column-STANDARD mat-column-STANDARD ng-star-inserted\" role=\"gridcell\">4,7 g<\/td>\n<\/tr>\n<tr class=\"mat-row cdk-row ng-star-inserted\" role=\"row\">\n<td class=\"mat-cell cdk-cell cdk-column-nutritional-values mat-column-nutritional-values ng-star-inserted\" role=\"gridcell\">dont acides gras<\/td>\n<td class=\"mat-cell cdk-cell cdk-column-STANDARD mat-column-STANDARD ng-star-inserted\" role=\"gridcell\">2,8 g<\/td>\n<\/tr>\n<tr class=\"mat-row cdk-row ng-star-inserted\" role=\"row\">\n<td class=\"mat-cell cdk-cell cdk-column-nutritional-values mat-column-nutritional-values ng-star-inserted\" role=\"gridcell\">Les glucides<\/td>\n<td class=\"mat-cell cdk-cell cdk-column-STANDARD mat-column-STANDARD ng-star-inserted\" role=\"gridcell\">16 grammes<\/td>\n<\/tr>\n<tr class=\"mat-row cdk-row ng-star-inserted\" role=\"row\">\n<td class=\"mat-cell cdk-cell cdk-column-nutritional-values mat-column-nutritional-values ng-star-inserted\" role=\"gridcell\">dont sucres<\/td>\n<td class=\"mat-cell cdk-cell cdk-column-STANDARD mat-column-STANDARD ng-star-inserted\" role=\"gridcell\">15 grammes<\/td>\n<\/tr>\n<tr class=\"mat-row cdk-row ng-star-inserted\" role=\"row\">\n<td class=\"mat-cell cdk-cell cdk-column-nutritional-values mat-column-nutritional-values ng-star-inserted\" role=\"gridcell\">Fibres alimentaires<\/td>\n<td class=\"mat-cell cdk-cell cdk-column-STANDARD mat-column-STANDARD ng-star-inserted\" role=\"gridcell\">0 g<\/td>\n<\/tr>\n<tr class=\"mat-row cdk-row ng-star-inserted\" role=\"row\">\n<td class=\"mat-cell cdk-cell cdk-column-nutritional-values mat-column-nutritional-values ng-star-inserted\" role=\"gridcell\">Prot\u00e9ines<\/td>\n<td class=\"mat-cell cdk-cell cdk-column-STANDARD mat-column-STANDARD ng-star-inserted\" role=\"gridcell\">4,1 g<\/td>\n<\/tr>\n<tr class=\"mat-row cdk-row ng-star-inserted\" role=\"row\">\n<td class=\"mat-cell cdk-cell cdk-column-nutritional-values mat-column-nutritional-values ng-star-inserted\" role=\"gridcell\">Sodium<\/td>\n<td class=\"mat-cell cdk-cell cdk-column-STANDARD mat-column-STANDARD ng-star-inserted\" role=\"gridcell\">0,05 g<\/td>\n<\/tr>\n<tr class=\"mat-row cdk-row ng-star-inserted\" role=\"row\">\n<td class=\"mat-cell cdk-cell cdk-column-nutritional-values mat-column-nutritional-values ng-star-inserted\" role=\"gridcell\">Sel<\/td>\n<td class=\"mat-cell cdk-cell cdk-column-STANDARD mat-column-STANDARD ng-star-inserted\" role=\"gridcell\">0,13 g<\/td>\n<\/tr>\n<\/tbody>\n<\/table>\n<p><strong>Espace de rangement<\/strong><\/p>\n<p>Conserver \u00e0 max.\u00a05 \u00b0 C<\/p>\n<p><strong>Origine<\/strong><\/p>\n<p>Suisse<\/p>\n<p><strong>Nom du produit r\u00e9glement\u00e9<\/strong><\/p>\n<p>Yogourt doux avec 2.5% de pr\u00e9paration d&#8217;\u00e9clats d&#8217;extrait de caf\u00e9 d\u00e9caf\u00e9in\u00e9 (3.4% de mati\u00e8re grasse dans la partie lactique)<\/p>","protected":false},"excerpt":{"rendered":"<p>Avis d&#8217;allerg\u00e8nes Contient Lait (prot\u00e9ine + sucre de lait).\u00a0Peut contenir F\u00e8ves de soja, Fruits \u00e0 coque. Valeurs nutritionnelles 100g \u00c9nergie 527,0kj (125,0kcal) Lipides 4,7 g dont acides gras 2,8 g Les glucides 16 grammes dont sucres 15 grammes Fibres alimentaires 0 g Prot\u00e9ines 4,1 g Sodium 0,05 g Sel 0,13 g Espace de rangement Conserver&hellip;<\/p>","protected":false},"featured_media":7258,"template":"","meta":[],"product_cat":[114],"product_tag":[],"acf":[],"_links":{"self":[{"href":"https:\/\/dev.sos-shop.ch\/en\/wp-json\/wp\/v2\/product\/7255"}],"collection":[{"href":"https:\/\/dev.sos-shop.ch\/en\/wp-json\/wp\/v2\/product"}],"about":[{"href":"https:\/\/dev.sos-shop.ch\/en\/wp-json\/wp\/v2\/types\/product"}],"version-history":[{"count":0,"href":"https:\/\/dev.sos-shop.ch\/en\/wp-json\/wp\/v2\/product\/7255\/revisions"}],"wp:featuredmedia":[{"embeddable":true,"href":"https:\/\/dev.sos-shop.ch\/en\/wp-json\/wp\/v2\/media\/7258"}],"wp:attachment":[{"href":"https:\/\/dev.sos-shop.ch\/en\/wp-json\/wp\/v2\/media?parent=7255"}],"wp:term":[{"taxonomy":"product_cat","embeddable":true,"href":"https:\/\/dev.sos-shop.ch\/en\/wp-json\/wp\/v2\/product_cat?post=7255"},{"taxonomy":"product_tag","embeddable":true,"href":"https:\/\/dev.sos-shop.ch\/en\/wp-json\/wp\/v2\/product_tag?post=7255"}],"curies":[{"name":"wp","href":"https:\/\/api.w.org\/{rel}","templated":true}]}}