{"id":5564,"date":"2020-09-10T17:40:14","date_gmt":"2020-09-10T16:40:14","guid":{"rendered":"https:\/\/sos-shop.ch\/product\/import-placeholder-for-1000\/"},"modified":"2025-03-17T04:42:01","modified_gmt":"2025-03-17T03:42:01","slug":"majestic-olives-vertes-poivron","status":"publish","type":"product","link":"https:\/\/dev.sos-shop.ch\/en\/shop\/majestic-olives-vertes-poivron\/","title":{"rendered":"Majestic Olives Vertes Poivron 135g"},"content":{"rendered":"<p>Depuis plus de 50 ans, Majestic produit des conserves de fruits et de l\u00e9gumes fra\u00eechement cueillis dans le monde entier.<br \/>\nGr\u00e2ce \u00e0 nos relations de longue date avec nos fournisseurs, nous garantissons une qualit\u00e9 constante de nos produits. Majestic met tout en \u0153uvre pour obtenir les meilleures mati\u00e8res premi\u00e8res et toujours satisfaire ses clients suisses.<\/p>\n<p>Majestic est le seul fournisseur en Suisse \u00e0 proposer un assortiment complet de conserves de fruits, l\u00e9gumes, champignons et au vinaigre destin\u00e9 au secteur industriel, au commerce de d\u00e9tail et aux traiteurs. La durabilit\u00e9 est un aspect essentiel de la marque Majestic De plus, si les conditions sont conformes au march\u00e9, les produits Majestic sont toujours d&#8217;origine europ\u00e9enne<\/p>\n<h5>Description du produit<\/h5>\n<table class=\"table_top\">\n<tbody>\n<tr>\n<td class=\"descr\">Description de l&#8217;article<\/td>\n<td class=\"black\">Olives Manzanilla &#8211; farcies de p\u00e2te de paprika<\/td>\n<\/tr>\n<tr>\n<td class=\"descr\">Marque<\/td>\n<td class=\"black\">Majestueux<\/td>\n<\/tr>\n<tr>\n<td class=\"descr\">Description du produit<\/td>\n<td class=\"black\">Olives vertes &#8211; paprika<\/td>\n<\/tr>\n<tr>\n<td class=\"descr\">Quantit\u00e9 de remplissage nette<\/td>\n<td class=\"black\">230g<\/td>\n<\/tr>\n<tr>\n<td class=\"descr\">Poids brut<\/td>\n<td class=\"black\">381 g<\/td>\n<\/tr>\n<tr>\n<td class=\"descr\">Poids \u00e9goutt\u00e9<\/td>\n<td class=\"black\">135 g<\/td>\n<\/tr>\n<tr>\n<td class=\"descr\">Pays d&#8217;origine de l&#8217;article<\/td>\n<td class=\"black\">Espagne<\/td>\n<\/tr>\n<\/tbody>\n<\/table>\n<h5>Valeurs nutritionnelles<\/h5>\n<p>100g contiennent:<\/p>\n<table class=\"nutdetail\">\n<tbody>\n<tr>\n<td class=\"naehr1\"><\/td>\n<td class=\"naehr2\"><\/td>\n<td class=\"naehr5\"><\/td>\n<td class=\"naehr3\">montant<\/td>\n<td class=\"naehr4\">Pourcentage**<\/td>\n<\/tr>\n<tr class=\"\">\n<td class=\"naehr1\">\u00c9nergie en KJ<\/td>\n<td class=\"naehr2\"><\/td>\n<td class=\"black naehr5\"><\/td>\n<td class=\"black naehr3\">528 KJ<\/td>\n<td class=\"black naehr4\"><\/td>\n<\/tr>\n<tr class=\"backgreen\">\n<td class=\"naehr1\">\u00c9nergie en Kcal<\/td>\n<td class=\"naehr2\"><\/td>\n<td class=\"black naehr5\"><\/td>\n<td class=\"black naehr3\">128 kilocalories<\/td>\n<td class=\"black naehr4\"><\/td>\n<\/tr>\n<tr class=\"\">\n<td class=\"naehr1\">Graisse totale<\/td>\n<td class=\"naehr2\"><\/td>\n<td class=\"black naehr5\"><\/td>\n<td class=\"black naehr3\">11,8 g<\/td>\n<td class=\"black naehr4\"><\/td>\n<\/tr>\n<tr class=\"backgreen\">\n<td colspan=\"5\">\u00e0 partir de ce:<\/td>\n<\/tr>\n<tr class=\"\">\n<td class=\"naehr1\">&#8212;<\/td>\n<td class=\"naehr2\">Gras satur\u00e9<\/td>\n<td class=\"black naehr5\"><\/td>\n<td class=\"black naehr3\">1,82 grammes<\/td>\n<td class=\"black naehr4\"><\/td>\n<\/tr>\n<tr class=\"backgreen\">\n<td class=\"naehr1\">&#8212;<\/td>\n<td class=\"naehr2\">Acides gras monoinsatur\u00e9s<\/td>\n<td class=\"black naehr5\"><\/td>\n<td class=\"black naehr3\">9,03 g<\/td>\n<td class=\"black naehr4\"><\/td>\n<\/tr>\n<tr class=\"\">\n<td class=\"naehr1\">&#8212;<\/td>\n<td class=\"naehr2\">Acides gras polyinsatur\u00e9s<\/td>\n<td class=\"black naehr5\"><\/td>\n<td class=\"black naehr3\">1,06 g<\/td>\n<td class=\"black naehr4\"><\/td>\n<\/tr>\n<tr class=\"backgreen\">\n<td class=\"naehr1\">Glucides totaux<\/td>\n<td class=\"naehr2\"><\/td>\n<td class=\"black naehr5\"><\/td>\n<td class=\"black naehr3\">1,2 g<\/td>\n<td class=\"black naehr4\"><\/td>\n<\/tr>\n<tr class=\"\">\n<td colspan=\"5\">\u00e0 partir de ce:<\/td>\n<\/tr>\n<tr class=\"backgreen\">\n<td class=\"naehr1\">&#8212;<\/td>\n<td class=\"naehr2\">sucre<\/td>\n<td class=\"black naehr5\"><\/td>\n<td class=\"black naehr3\">0 g<\/td>\n<td class=\"black naehr4\"><\/td>\n<\/tr>\n<tr class=\"\">\n<td class=\"naehr1\">Fibre<\/td>\n<td class=\"naehr2\"><\/td>\n<td class=\"black naehr5\"><\/td>\n<td class=\"black naehr3\">6,8 g<\/td>\n<td class=\"black naehr4\"><\/td>\n<\/tr>\n<tr class=\"backgreen\">\n<td class=\"naehr1\">Prot\u00e9ine<\/td>\n<td class=\"naehr2\"><\/td>\n<td class=\"black naehr5\"><\/td>\n<td class=\"black naehr3\">0,9 g<\/td>\n<td class=\"black naehr4\"><\/td>\n<\/tr>\n<tr class=\"\">\n<td class=\"naehr1\">sel<\/td>\n<td class=\"naehr2\"><\/td>\n<td class=\"black naehr5\"><\/td>\n<td class=\"black naehr3\">2 840 grammes<\/td>\n<td class=\"black naehr4\"><\/td>\n<\/tr>\n<\/tbody>\n<\/table>\n<p id=\"referenzmenge\">** Apport de r\u00e9f\u00e9rence pour un adulte moyen (8400kJ \/ 2000kcal)<\/p>","protected":false},"excerpt":{"rendered":"<p>Depuis plus de 50 ans, Majestic produit des conserves de fruits et de l\u00e9gumes fra\u00eechement cueillis dans le monde entier. Gr\u00e2ce \u00e0 nos relations de longue date avec nos fournisseurs, nous garantissons une qualit\u00e9 constante de nos produits. Majestic met tout en \u0153uvre pour obtenir les meilleures mati\u00e8res premi\u00e8res et toujours satisfaire ses clients suisses.&hellip;<\/p>","protected":false},"featured_media":7543,"template":"","meta":[],"product_cat":[116],"product_tag":[],"acf":[],"_links":{"self":[{"href":"https:\/\/dev.sos-shop.ch\/en\/wp-json\/wp\/v2\/product\/5564"}],"collection":[{"href":"https:\/\/dev.sos-shop.ch\/en\/wp-json\/wp\/v2\/product"}],"about":[{"href":"https:\/\/dev.sos-shop.ch\/en\/wp-json\/wp\/v2\/types\/product"}],"version-history":[{"count":0,"href":"https:\/\/dev.sos-shop.ch\/en\/wp-json\/wp\/v2\/product\/5564\/revisions"}],"wp:featuredmedia":[{"embeddable":true,"href":"https:\/\/dev.sos-shop.ch\/en\/wp-json\/wp\/v2\/media\/7543"}],"wp:attachment":[{"href":"https:\/\/dev.sos-shop.ch\/en\/wp-json\/wp\/v2\/media?parent=5564"}],"wp:term":[{"taxonomy":"product_cat","embeddable":true,"href":"https:\/\/dev.sos-shop.ch\/en\/wp-json\/wp\/v2\/product_cat?post=5564"},{"taxonomy":"product_tag","embeddable":true,"href":"https:\/\/dev.sos-shop.ch\/en\/wp-json\/wp\/v2\/product_tag?post=5564"}],"curies":[{"name":"wp","href":"https:\/\/api.w.org\/{rel}","templated":true}]}}