{"id":5530,"date":"2020-09-10T18:39:26","date_gmt":"2020-09-10T17:39:26","guid":{"rendered":"https:\/\/sos-shop.ch\/product\/import-placeholder-for-990\/"},"modified":"2025-03-17T04:41:50","modified_gmt":"2025-03-17T03:41:50","slug":"raimond-frres-saladette-msc-mexicaine__trashed","status":"publish","type":"product","link":"https:\/\/dev.sos-shop.ch\/en\/shop\/raimond-frres-saladette-msc-mexicaine__trashed\/","title":{"rendered":"Raimond Fr\u00e8res Saladette MSC Mexicaine"},"content":{"rendered":"<p>160gr<\/p>\n<p>Carton: 12 pieces<\/p>\n<p>Ethnicity: No subdivision<br \/>\nProduct group: preserves &#8211; fish<br \/>\nCommodity group: OTHER PRESERVED FISH<br \/>\nProduct origin: Thailand<br \/>\nCountry origin: Thailand<br \/>\nPackaging: Aluminium can<\/p>\n<p><strong>Avis d&#8217;allerg\u00e8nes<\/strong><\/p>\n<p>Contient Poisson.<\/p>\n<p><strong>Valeurs nutritionnelles<\/strong><\/p>\n<table class=\"mat-table cdk-table\" role=\"grid\">\n<thead role=\"rowgroup\">\n<tr class=\"mat-header-row cdk-header-row ng-star-inserted\" role=\"row\">\n<th class=\"mat-header-cell cdk-header-cell cdk-column-nutritional-values mat-column-nutritional-values ng-star-inserted\" role=\"columnheader\"><\/th>\n<th class=\"mat-header-cell cdk-header-cell cdk-column-STANDARD mat-column-STANDARD ng-star-inserted\" role=\"columnheader\">100g<\/th>\n<\/tr>\n<\/thead>\n<tbody role=\"rowgroup\">\n<tr class=\"mat-row cdk-row ng-star-inserted\" role=\"row\">\n<td class=\"mat-cell cdk-cell cdk-column-nutritional-values mat-column-nutritional-values ng-star-inserted\" role=\"gridcell\">\u00c9nergie<\/td>\n<td class=\"mat-cell cdk-cell cdk-column-STANDARD mat-column-STANDARD ng-star-inserted\" role=\"gridcell\">456,0kj (109,0kcal)<\/td>\n<\/tr>\n<tr class=\"mat-row cdk-row ng-star-inserted\" role=\"row\">\n<td class=\"mat-cell cdk-cell cdk-column-nutritional-values mat-column-nutritional-values ng-star-inserted\" role=\"gridcell\">Lipides<\/td>\n<td class=\"mat-cell cdk-cell cdk-column-STANDARD mat-column-STANDARD ng-star-inserted\" role=\"gridcell\">4,8 g<\/td>\n<\/tr>\n<tr class=\"mat-row cdk-row ng-star-inserted\" role=\"row\">\n<td class=\"mat-cell cdk-cell cdk-column-nutritional-values mat-column-nutritional-values ng-star-inserted\" role=\"gridcell\">dont acides gras<\/td>\n<td class=\"mat-cell cdk-cell cdk-column-STANDARD mat-column-STANDARD ng-star-inserted\" role=\"gridcell\">0,5 g<\/td>\n<\/tr>\n<tr class=\"mat-row cdk-row ng-star-inserted\" role=\"row\">\n<td class=\"mat-cell cdk-cell cdk-column-nutritional-values mat-column-nutritional-values ng-star-inserted\" role=\"gridcell\">Les glucides<\/td>\n<td class=\"mat-cell cdk-cell cdk-column-STANDARD mat-column-STANDARD ng-star-inserted\" role=\"gridcell\">6,9 g<\/td>\n<\/tr>\n<tr class=\"mat-row cdk-row ng-star-inserted\" role=\"row\">\n<td class=\"mat-cell cdk-cell cdk-column-nutritional-values mat-column-nutritional-values ng-star-inserted\" role=\"gridcell\">dont sucres<\/td>\n<td class=\"mat-cell cdk-cell cdk-column-STANDARD mat-column-STANDARD ng-star-inserted\" role=\"gridcell\">0 g<\/td>\n<\/tr>\n<tr class=\"mat-row cdk-row ng-star-inserted\" role=\"row\">\n<td class=\"mat-cell cdk-cell cdk-column-nutritional-values mat-column-nutritional-values ng-star-inserted\" role=\"gridcell\">Prot\u00e9ines<\/td>\n<td class=\"mat-cell cdk-cell cdk-column-STANDARD mat-column-STANDARD ng-star-inserted\" role=\"gridcell\">9,5 grammes<\/td>\n<\/tr>\n<tr class=\"mat-row cdk-row ng-star-inserted\" role=\"row\">\n<td class=\"mat-cell cdk-cell cdk-column-nutritional-values mat-column-nutritional-values ng-star-inserted\" role=\"gridcell\">Sodium<\/td>\n<td class=\"mat-cell cdk-cell cdk-column-STANDARD mat-column-STANDARD ng-star-inserted\" role=\"gridcell\">0,4 g<\/td>\n<\/tr>\n<\/tbody>\n<\/table>\n<p>&nbsp;<\/p>\n<p><strong>Portion<\/strong><\/p>\n<p>3x160g<\/p>\n<p><strong>Origine<\/strong><\/p>\n<p>Tha\u00eflande<\/p>\n<p><strong>Nom du produit r\u00e9glement\u00e9<\/strong><\/p>\n<p>Salade de thon avec f\u00e8ves, ma\u00efs &amp; carottes<\/p>","protected":false},"excerpt":{"rendered":"<p>160gr Carton: 12 pieces Ethnicity: No subdivision Product group: preserves &#8211; fish Commodity group: OTHER PRESERVED FISH Product origin: Thailand Country origin: Thailand Packaging: Aluminium can Avis d&#8217;allerg\u00e8nes Contient Poisson. Valeurs nutritionnelles 100g \u00c9nergie 456,0kj (109,0kcal) Lipides 4,8 g dont acides gras 0,5 g Les glucides 6,9 g dont sucres 0 g Prot\u00e9ines 9,5 grammes&hellip;<\/p>","protected":false},"featured_media":6844,"template":"","meta":[],"product_cat":[116],"product_tag":[],"acf":[],"_links":{"self":[{"href":"https:\/\/dev.sos-shop.ch\/en\/wp-json\/wp\/v2\/product\/5530"}],"collection":[{"href":"https:\/\/dev.sos-shop.ch\/en\/wp-json\/wp\/v2\/product"}],"about":[{"href":"https:\/\/dev.sos-shop.ch\/en\/wp-json\/wp\/v2\/types\/product"}],"version-history":[{"count":0,"href":"https:\/\/dev.sos-shop.ch\/en\/wp-json\/wp\/v2\/product\/5530\/revisions"}],"wp:featuredmedia":[{"embeddable":true,"href":"https:\/\/dev.sos-shop.ch\/en\/wp-json\/wp\/v2\/media\/6844"}],"wp:attachment":[{"href":"https:\/\/dev.sos-shop.ch\/en\/wp-json\/wp\/v2\/media?parent=5530"}],"wp:term":[{"taxonomy":"product_cat","embeddable":true,"href":"https:\/\/dev.sos-shop.ch\/en\/wp-json\/wp\/v2\/product_cat?post=5530"},{"taxonomy":"product_tag","embeddable":true,"href":"https:\/\/dev.sos-shop.ch\/en\/wp-json\/wp\/v2\/product_tag?post=5530"}],"curies":[{"name":"wp","href":"https:\/\/api.w.org\/{rel}","templated":true}]}}