{"id":54230,"date":"2023-11-22T19:09:53","date_gmt":"2023-11-22T18:09:53","guid":{"rendered":"https:\/\/sos-shop.ch\/shop\/telecommande-universelle-nedis\/"},"modified":"2023-11-22T19:10:44","modified_gmt":"2023-11-22T18:10:44","slug":"telecommande-universelle-nedis","status":"publish","type":"product","link":"https:\/\/dev.sos-shop.ch\/en\/shop\/telecommande-universelle-nedis\/","title":{"rendered":"T\u00e9l\u00e9commande universelle Nedis"},"content":{"rendered":"","protected":false},"excerpt":{"rendered":"<p>T\u00e9l\u00e9commande universelle Nedis<\/p>","protected":false},"featured_media":54161,"template":"","meta":[],"product_cat":[722],"product_tag":[1202],"acf":[],"_links":{"self":[{"href":"https:\/\/dev.sos-shop.ch\/en\/wp-json\/wp\/v2\/product\/54230"}],"collection":[{"href":"https:\/\/dev.sos-shop.ch\/en\/wp-json\/wp\/v2\/product"}],"about":[{"href":"https:\/\/dev.sos-shop.ch\/en\/wp-json\/wp\/v2\/types\/product"}],"version-history":[{"count":0,"href":"https:\/\/dev.sos-shop.ch\/en\/wp-json\/wp\/v2\/product\/54230\/revisions"}],"wp:featuredmedia":[{"embeddable":true,"href":"https:\/\/dev.sos-shop.ch\/en\/wp-json\/wp\/v2\/media\/54161"}],"wp:attachment":[{"href":"https:\/\/dev.sos-shop.ch\/en\/wp-json\/wp\/v2\/media?parent=54230"}],"wp:term":[{"taxonomy":"product_cat","embeddable":true,"href":"https:\/\/dev.sos-shop.ch\/en\/wp-json\/wp\/v2\/product_cat?post=54230"},{"taxonomy":"product_tag","embeddable":true,"href":"https:\/\/dev.sos-shop.ch\/en\/wp-json\/wp\/v2\/product_tag?post=54230"}],"curies":[{"name":"wp","href":"https:\/\/api.w.org\/{rel}","templated":true}]}}