{"id":5368,"date":"2020-09-10T17:36:43","date_gmt":"2020-09-10T16:36:43","guid":{"rendered":"https:\/\/sos-shop.ch\/product\/import-placeholder-for-931\/"},"modified":"2025-03-17T04:42:02","modified_gmt":"2025-03-17T03:42:02","slug":"aktifit-drink-au-yogourt-fraise__trashed","status":"publish","type":"product","link":"https:\/\/dev.sos-shop.ch\/en\/shop\/aktifit-drink-au-yogourt-fraise__trashed\/","title":{"rendered":"Emmi Aktifit Yogourt Fraise 6x65ml"},"content":{"rendered":"<p><strong>Avis d&#8217;allerg\u00e8nes<\/strong><\/p>\n<p>Contient Lait (prot\u00e9ine + sucre de lait).<\/p>\n<p><strong>Valeurs nutritionnelles<\/strong><\/p>\n<table class=\"mat-table cdk-table\" role=\"grid\">\n<thead role=\"rowgroup\">\n<tr class=\"mat-header-row cdk-header-row ng-star-inserted\" role=\"row\">\n<th class=\"mat-header-cell cdk-header-cell cdk-column-nutritional-values mat-column-nutritional-values ng-star-inserted\" role=\"columnheader\"><\/th>\n<th class=\"mat-header-cell cdk-header-cell cdk-column-STANDARD mat-column-STANDARD ng-star-inserted\" role=\"columnheader\">100 ml<\/th>\n<\/tr>\n<\/thead>\n<tbody role=\"rowgroup\">\n<tr class=\"mat-row cdk-row ng-star-inserted\" role=\"row\">\n<td class=\"mat-cell cdk-cell cdk-column-nutritional-values mat-column-nutritional-values ng-star-inserted\" role=\"gridcell\">\u00c9nergie<\/td>\n<td class=\"mat-cell cdk-cell cdk-column-STANDARD mat-column-STANDARD ng-star-inserted\" role=\"gridcell\">338,0kj (80,0kcal)<\/td>\n<\/tr>\n<tr class=\"mat-row cdk-row ng-star-inserted\" role=\"row\">\n<td class=\"mat-cell cdk-cell cdk-column-nutritional-values mat-column-nutritional-values ng-star-inserted\" role=\"gridcell\">Lipides<\/td>\n<td class=\"mat-cell cdk-cell cdk-column-STANDARD mat-column-STANDARD ng-star-inserted\" role=\"gridcell\">1,5 g<\/td>\n<\/tr>\n<tr class=\"mat-row cdk-row ng-star-inserted\" role=\"row\">\n<td class=\"mat-cell cdk-cell cdk-column-nutritional-values mat-column-nutritional-values ng-star-inserted\" role=\"gridcell\">dont acides gras<\/td>\n<td class=\"mat-cell cdk-cell cdk-column-STANDARD mat-column-STANDARD ng-star-inserted\" role=\"gridcell\">0,8 g<\/td>\n<\/tr>\n<tr class=\"mat-row cdk-row ng-star-inserted\" role=\"row\">\n<td class=\"mat-cell cdk-cell cdk-column-nutritional-values mat-column-nutritional-values ng-star-inserted\" role=\"gridcell\">Les glucides<\/td>\n<td class=\"mat-cell cdk-cell cdk-column-STANDARD mat-column-STANDARD ng-star-inserted\" role=\"gridcell\">13 grammes<\/td>\n<\/tr>\n<tr class=\"mat-row cdk-row ng-star-inserted\" role=\"row\">\n<td class=\"mat-cell cdk-cell cdk-column-nutritional-values mat-column-nutritional-values ng-star-inserted\" role=\"gridcell\">dont sucres<\/td>\n<td class=\"mat-cell cdk-cell cdk-column-STANDARD mat-column-STANDARD ng-star-inserted\" role=\"gridcell\">13 grammes<\/td>\n<\/tr>\n<tr class=\"mat-row cdk-row ng-star-inserted\" role=\"row\">\n<td class=\"mat-cell cdk-cell cdk-column-nutritional-values mat-column-nutritional-values ng-star-inserted\" role=\"gridcell\">Prot\u00e9ines<\/td>\n<td class=\"mat-cell cdk-cell cdk-column-STANDARD mat-column-STANDARD ng-star-inserted\" role=\"gridcell\">2,7 grammes<\/td>\n<\/tr>\n<tr class=\"mat-row cdk-row ng-star-inserted\" role=\"row\">\n<td class=\"mat-cell cdk-cell cdk-column-nutritional-values mat-column-nutritional-values ng-star-inserted\" role=\"gridcell\">Sodium<\/td>\n<td class=\"mat-cell cdk-cell cdk-column-STANDARD mat-column-STANDARD ng-star-inserted\" role=\"gridcell\">0,04 g<\/td>\n<\/tr>\n<tr class=\"mat-row cdk-row ng-star-inserted\" role=\"row\">\n<td class=\"mat-cell cdk-cell cdk-column-nutritional-values mat-column-nutritional-values ng-star-inserted\" role=\"gridcell\">Sel<\/td>\n<td class=\"mat-cell cdk-cell cdk-column-STANDARD mat-column-STANDARD ng-star-inserted\" role=\"gridcell\">0,09 g<\/td>\n<\/tr>\n<\/tbody>\n<\/table>\n<p><strong>Espace de rangement<\/strong><\/p>\n<p>Conserver \u00e0 6\u00b0C au maximum<\/p>\n<p><strong>Origine<\/strong><\/p>\n<p>Suisse<\/p>\n<p><strong>Additional information<\/strong><\/p>\n<p>Boisson probiotique enrichie de cultures sp\u00e9ciales d&#8217;acide lactique LGG (= Lactobacillus Gorbach et Goldin) et d&#8217;acide folique. 1 flacon d&#8217;Aktifit couvre les doses journali\u00e8res en LGG et acide folique. L&#8217;acide folique est n\u00e9cessaire \u00e0 la formation du sang. &#8211; Favorise et r\u00e9gularise la digestion. &#8211; Active natuellement votre force de r\u00e9sistance. &#8211; Augmente votre bien-\u00eatre. &#8211; Concentre votre \u00e9nergie et vous remet chaque jour en pleine forme.<\/p>\n<p><strong>Conseils utiles<\/strong><\/p>\n<p>1x par jour<\/p>\n<p><strong>Nom du produit r\u00e9glement\u00e9<\/strong><\/p>\n<p>Yogourt \u00e0 boire partiellement \u00e9cr\u00e9m\u00e9 sans lactose (avec 1.8% de mati\u00e8re grasse dans la partie lactique), avec bact\u00e9ries lactiques LGG\u00ae et fraises<\/p>","protected":false},"excerpt":{"rendered":"<p>Avis d&#8217;allerg\u00e8nes Contient Lait (prot\u00e9ine + sucre de lait). Valeurs nutritionnelles 100 ml \u00c9nergie 338,0kj (80,0kcal) Lipides 1,5 g dont acides gras 0,8 g Les glucides 13 grammes dont sucres 13 grammes Prot\u00e9ines 2,7 grammes Sodium 0,04 g Sel 0,09 g Espace de rangement Conserver \u00e0 6\u00b0C au maximum Origine Suisse Information additionnelle Boisson probiotique&hellip;<\/p>","protected":false},"featured_media":6983,"template":"","meta":[],"product_cat":[114],"product_tag":[],"acf":[],"_links":{"self":[{"href":"https:\/\/dev.sos-shop.ch\/en\/wp-json\/wp\/v2\/product\/5368"}],"collection":[{"href":"https:\/\/dev.sos-shop.ch\/en\/wp-json\/wp\/v2\/product"}],"about":[{"href":"https:\/\/dev.sos-shop.ch\/en\/wp-json\/wp\/v2\/types\/product"}],"version-history":[{"count":0,"href":"https:\/\/dev.sos-shop.ch\/en\/wp-json\/wp\/v2\/product\/5368\/revisions"}],"wp:featuredmedia":[{"embeddable":true,"href":"https:\/\/dev.sos-shop.ch\/en\/wp-json\/wp\/v2\/media\/6983"}],"wp:attachment":[{"href":"https:\/\/dev.sos-shop.ch\/en\/wp-json\/wp\/v2\/media?parent=5368"}],"wp:term":[{"taxonomy":"product_cat","embeddable":true,"href":"https:\/\/dev.sos-shop.ch\/en\/wp-json\/wp\/v2\/product_cat?post=5368"},{"taxonomy":"product_tag","embeddable":true,"href":"https:\/\/dev.sos-shop.ch\/en\/wp-json\/wp\/v2\/product_tag?post=5368"}],"curies":[{"name":"wp","href":"https:\/\/api.w.org\/{rel}","templated":true}]}}