{"id":5305,"date":"2020-09-10T17:35:56","date_gmt":"2020-09-10T16:35:56","guid":{"rendered":"https:\/\/sos-shop.ch\/product\/import-placeholder-for-907\/"},"modified":"2025-03-17T04:42:02","modified_gmt":"2025-03-17T03:42:02","slug":"rosalp-beurre-sal","status":"publish","type":"product","link":"https:\/\/dev.sos-shop.ch\/en\/shop\/rosalp-beurre-sal\/","title":{"rendered":"Rosalp Beurre Sal\u00e9 200g"},"content":{"rendered":"<p>Rosalp Beurre sal\u00e9<\/p>\n<p><strong>Indications allerg\u00e8nes<\/strong><\/p>\n<p>Contient Lait (prot\u00e9ine + sucre de lait).<\/p>\n<p><strong>Valeurs nutritionnelles<\/strong><\/p>\n<table class=\"mat-table cdk-table\" role=\"grid\">\n<thead role=\"rowgroup\">\n<tr class=\"mat-header-row cdk-header-row ng-star-inserted\" role=\"row\">\n<th class=\"mat-header-cell cdk-header-cell cdk-column-nutritional-values mat-column-nutritional-values ng-star-inserted\" role=\"columnheader\"><\/th>\n<th class=\"mat-header-cell cdk-header-cell cdk-column-STANDARD mat-column-STANDARD ng-star-inserted\" role=\"columnheader\">100g<\/th>\n<\/tr>\n<\/thead>\n<tbody role=\"rowgroup\">\n<tr class=\"mat-row cdk-row ng-star-inserted\" role=\"row\">\n<td class=\"mat-cell cdk-cell cdk-column-nutritional-values mat-column-nutritional-values ng-star-inserted\" role=\"gridcell\">\u00c9nergie<\/td>\n<td class=\"mat-cell cdk-cell cdk-column-STANDARD mat-column-STANDARD ng-star-inserted\" role=\"gridcell\">2960,0 kj (720,0 kcal)<\/td>\n<\/tr>\n<tr class=\"mat-row cdk-row ng-star-inserted\" role=\"row\">\n<td class=\"mat-cell cdk-cell cdk-column-nutritional-values mat-column-nutritional-values ng-star-inserted\" role=\"gridcell\">Lipides<\/td>\n<td class=\"mat-cell cdk-cell cdk-column-STANDARD mat-column-STANDARD ng-star-inserted\" role=\"gridcell\">80 grammes<\/td>\n<\/tr>\n<tr class=\"mat-row cdk-row ng-star-inserted\" role=\"row\">\n<td class=\"mat-cell cdk-cell cdk-column-nutritional-values mat-column-nutritional-values ng-star-inserted\" role=\"gridcell\">dont acides gras<\/td>\n<td class=\"mat-cell cdk-cell cdk-column-STANDARD mat-column-STANDARD ng-star-inserted\" role=\"gridcell\">48 g<\/td>\n<\/tr>\n<tr class=\"mat-row cdk-row ng-star-inserted\" role=\"row\">\n<td class=\"mat-cell cdk-cell cdk-column-nutritional-values mat-column-nutritional-values ng-star-inserted\" role=\"gridcell\">Glucides<\/td>\n<td class=\"mat-cell cdk-cell cdk-column-STANDARD mat-column-STANDARD ng-star-inserted\" role=\"gridcell\">0 g<\/td>\n<\/tr>\n<tr class=\"mat-row cdk-row ng-star-inserted\" role=\"row\">\n<td class=\"mat-cell cdk-cell cdk-column-nutritional-values mat-column-nutritional-values ng-star-inserted\" role=\"gridcell\">dont Sucres<\/td>\n<td class=\"mat-cell cdk-cell cdk-column-STANDARD mat-column-STANDARD ng-star-inserted\" role=\"gridcell\">0 g<\/td>\n<\/tr>\n<tr class=\"mat-row cdk-row ng-star-inserted\" role=\"row\">\n<td class=\"mat-cell cdk-cell cdk-column-nutritional-values mat-column-nutritional-values ng-star-inserted\" role=\"gridcell\">Prot\u00e9ines<\/td>\n<td class=\"mat-cell cdk-cell cdk-column-STANDARD mat-column-STANDARD ng-star-inserted\" role=\"gridcell\">0 g<\/td>\n<\/tr>\n<tr class=\"mat-row cdk-row ng-star-inserted\" role=\"row\">\n<td class=\"mat-cell cdk-cell cdk-column-nutritional-values mat-column-nutritional-values ng-star-inserted\" role=\"gridcell\">Sodium<\/td>\n<td class=\"mat-cell cdk-cell cdk-column-STANDARD mat-column-STANDARD ng-star-inserted\" role=\"gridcell\">0,84 g<\/td>\n<\/tr>\n<\/tbody>\n<\/table>\n<p><strong>Pr\u00e9servation<\/strong><\/p>\n<p>Conserver \u00e0 5 \u00b0C au maximum<\/p>\n<p><strong>Provenance<\/strong><\/p>\n<p>Suisse<\/p>\n<p><strong>D\u00e9nomination sp\u00e9cifique<\/strong><\/p>\n<p>Beurre sal\u00e9<\/p>","protected":false},"excerpt":{"rendered":"<p>Rosalp Beurre sal\u00e9 Indications allerg\u00e8nes Contient Lait (prot\u00e9ine + sucre de lait). Valeurs nutritionnelles 100g \u00c9nergie 2960,0 kj (720,0 kcal) Lipides 80 grammes dont acides gras 48 g Glucides 0 g dont Sucres 0 g Prot\u00e9ines 0 g Sodium 0,84 g Pr\u00e9servation Conserver \u00e0 5 \u00b0C au maximum Provenance Suisse D\u00e9nomination sp\u00e9cifique Beurre sal\u00e9<\/p>","protected":false},"featured_media":7030,"template":"","meta":[],"product_cat":[114],"product_tag":[],"acf":[],"_links":{"self":[{"href":"https:\/\/dev.sos-shop.ch\/en\/wp-json\/wp\/v2\/product\/5305"}],"collection":[{"href":"https:\/\/dev.sos-shop.ch\/en\/wp-json\/wp\/v2\/product"}],"about":[{"href":"https:\/\/dev.sos-shop.ch\/en\/wp-json\/wp\/v2\/types\/product"}],"version-history":[{"count":0,"href":"https:\/\/dev.sos-shop.ch\/en\/wp-json\/wp\/v2\/product\/5305\/revisions"}],"wp:featuredmedia":[{"embeddable":true,"href":"https:\/\/dev.sos-shop.ch\/en\/wp-json\/wp\/v2\/media\/7030"}],"wp:attachment":[{"href":"https:\/\/dev.sos-shop.ch\/en\/wp-json\/wp\/v2\/media?parent=5305"}],"wp:term":[{"taxonomy":"product_cat","embeddable":true,"href":"https:\/\/dev.sos-shop.ch\/en\/wp-json\/wp\/v2\/product_cat?post=5305"},{"taxonomy":"product_tag","embeddable":true,"href":"https:\/\/dev.sos-shop.ch\/en\/wp-json\/wp\/v2\/product_tag?post=5305"}],"curies":[{"name":"wp","href":"https:\/\/api.w.org\/{rel}","templated":true}]}}