{"id":5192,"date":"2020-09-10T18:34:24","date_gmt":"2020-09-10T17:34:24","guid":{"rendered":"https:\/\/sos-shop.ch\/product\/import-placeholder-for-870\/"},"modified":"2025-03-17T04:41:52","modified_gmt":"2025-03-17T03:41:52","slug":"cailler-crme-dessert-chocolat-auf-lait__trashed","status":"publish","type":"product","link":"https:\/\/dev.sos-shop.ch\/en\/shop\/cailler-crme-dessert-chocolat-auf-lait__trashed\/","title":{"rendered":"Cailler Cr\u00e8me Dessert Chocolat Lait 2x100g"},"content":{"rendered":"<p>Common name: dessert r\u00e9frig\u00e9r\u00e9 au chocolat<\/p>\n<p>Quantity: 100 g<\/p>\n<p>Packaging: Pot<\/p>\n<p>Brands: Cailler<\/p>\n<p>Categories: Dairies, Desserts, Dairy desserts, Dessert creams, Chocolate desserts, Refrigerated dessert creams, Refrigerated chocolate custard dessert, fr:Dessert au chocolat r\u00e9frig\u00e9r\u00e9<\/p>\n<p>Origin of ingredients: Suisse<\/p>\n<p>Manufacturing or processing places: Suisse<\/p>\n<p>Stores: Coop<\/p>\n<p>Countries where sold: <strong>France, Switzerland<\/strong><\/p>","protected":false},"excerpt":{"rendered":"<p>Common name: dessert r\u00e9frig\u00e9r\u00e9 au chocolat Quantity: 100 g Packaging: Pot Brands: Cailler Categories: Dairies, Desserts, Dairy desserts, Dessert creams, Chocolate desserts, Refrigerated dessert creams, Refrigerated chocolate custard dessert, fr:Dessert au chocolat r\u00e9frig\u00e9r\u00e9 Origin of ingredients: Suisse Manufacturing or processing places: Suisse Stores: Coop Countries where sold: France, Switzerland<\/p>","protected":false},"featured_media":21772,"template":"","meta":[],"product_cat":[114],"product_tag":[],"acf":[],"_links":{"self":[{"href":"https:\/\/dev.sos-shop.ch\/en\/wp-json\/wp\/v2\/product\/5192"}],"collection":[{"href":"https:\/\/dev.sos-shop.ch\/en\/wp-json\/wp\/v2\/product"}],"about":[{"href":"https:\/\/dev.sos-shop.ch\/en\/wp-json\/wp\/v2\/types\/product"}],"version-history":[{"count":0,"href":"https:\/\/dev.sos-shop.ch\/en\/wp-json\/wp\/v2\/product\/5192\/revisions"}],"wp:featuredmedia":[{"embeddable":true,"href":"https:\/\/dev.sos-shop.ch\/en\/wp-json\/wp\/v2\/media\/21772"}],"wp:attachment":[{"href":"https:\/\/dev.sos-shop.ch\/en\/wp-json\/wp\/v2\/media?parent=5192"}],"wp:term":[{"taxonomy":"product_cat","embeddable":true,"href":"https:\/\/dev.sos-shop.ch\/en\/wp-json\/wp\/v2\/product_cat?post=5192"},{"taxonomy":"product_tag","embeddable":true,"href":"https:\/\/dev.sos-shop.ch\/en\/wp-json\/wp\/v2\/product_tag?post=5192"}],"curies":[{"name":"wp","href":"https:\/\/api.w.org\/{rel}","templated":true}]}}