{"id":4912,"date":"2020-09-10T17:31:02","date_gmt":"2020-09-10T16:31:02","guid":{"rendered":"https:\/\/sos-shop.ch\/product\/import-placeholder-for-763\/"},"modified":"2025-03-17T04:42:04","modified_gmt":"2025-03-17T03:42:04","slug":"cottage-cheese-hirz-ciboulette__trashed","status":"publish","type":"product","link":"https:\/\/dev.sos-shop.ch\/en\/shop\/cottage-cheese-hirz-ciboulette__trashed\/","title":{"rendered":"Cottage Cheese Hirz Ciboulette 200g"},"content":{"rendered":"<p><strong>Avis d&#8217;allerg\u00e8nes<\/strong><\/p>\n<p>Contient Lait (prot\u00e9ine + sucre de lait).<\/p>\n<p><strong>Valeurs nutritionnelles<\/strong><\/p>\n<table class=\"mat-table cdk-table\" role=\"grid\">\n<thead role=\"rowgroup\">\n<tr class=\"mat-header-row cdk-header-row ng-star-inserted\" role=\"row\">\n<th class=\"mat-header-cell cdk-header-cell cdk-column-nutritional-values mat-column-nutritional-values ng-star-inserted\" role=\"columnheader\"><\/th>\n<th class=\"mat-header-cell cdk-header-cell cdk-column-STANDARD mat-column-STANDARD ng-star-inserted\" role=\"columnheader\"><span>100g<\/span><\/th>\n<\/tr>\n<\/thead>\n<tbody role=\"rowgroup\">\n<tr class=\"mat-row cdk-row ng-star-inserted\" role=\"row\">\n<td class=\"mat-cell cdk-cell cdk-column-nutritional-values mat-column-nutritional-values ng-star-inserted\" role=\"gridcell\"><span>\u00c9nergie<\/span><\/td>\n<td class=\"mat-cell cdk-cell cdk-column-STANDARD mat-column-STANDARD ng-star-inserted\" role=\"gridcell\"><span>414,0kj (99,0kcal)<\/span><\/td>\n<\/tr>\n<tr class=\"mat-row cdk-row ng-star-inserted\" role=\"row\">\n<td class=\"mat-cell cdk-cell cdk-column-nutritional-values mat-column-nutritional-values ng-star-inserted\" role=\"gridcell\"><span>Lipides<\/span><\/td>\n<td class=\"mat-cell cdk-cell cdk-column-STANDARD mat-column-STANDARD ng-star-inserted\" role=\"gridcell\"><span>4,5 g<\/span><\/td>\n<\/tr>\n<tr class=\"mat-row cdk-row ng-star-inserted\" role=\"row\">\n<td class=\"mat-cell cdk-cell cdk-column-nutritional-values mat-column-nutritional-values ng-star-inserted\" role=\"gridcell\"><span>dont acides gras<\/span><\/td>\n<td class=\"mat-cell cdk-cell cdk-column-STANDARD mat-column-STANDARD ng-star-inserted\" role=\"gridcell\"><span>2,5 g<\/span><\/td>\n<\/tr>\n<tr class=\"mat-row cdk-row ng-star-inserted\" role=\"row\">\n<td class=\"mat-cell cdk-cell cdk-column-nutritional-values mat-column-nutritional-values ng-star-inserted\" role=\"gridcell\"><span>Les glucides<\/span><\/td>\n<td class=\"mat-cell cdk-cell cdk-column-STANDARD mat-column-STANDARD ng-star-inserted\" role=\"gridcell\"><span>3,7 g<\/span><\/td>\n<\/tr>\n<tr class=\"mat-row cdk-row ng-star-inserted\" role=\"row\">\n<td class=\"mat-cell cdk-cell cdk-column-nutritional-values mat-column-nutritional-values ng-star-inserted\" role=\"gridcell\"><span>dont sucres<\/span><\/td>\n<td class=\"mat-cell cdk-cell cdk-column-STANDARD mat-column-STANDARD ng-star-inserted\" role=\"gridcell\"><span>3,7 g<\/span><\/td>\n<\/tr>\n<tr class=\"mat-row cdk-row ng-star-inserted\" role=\"row\">\n<td class=\"mat-cell cdk-cell cdk-column-nutritional-values mat-column-nutritional-values ng-star-inserted\" role=\"gridcell\"><span>Fibres alimentaires<\/span><\/td>\n<td class=\"mat-cell cdk-cell cdk-column-STANDARD mat-column-STANDARD ng-star-inserted\" role=\"gridcell\"><span>0,1 g<\/span><\/td>\n<\/tr>\n<tr class=\"mat-row cdk-row ng-star-inserted\" role=\"row\">\n<td class=\"mat-cell cdk-cell cdk-column-nutritional-values mat-column-nutritional-values ng-star-inserted\" role=\"gridcell\"><span>Prot\u00e9ines<\/span><\/td>\n<td class=\"mat-cell cdk-cell cdk-column-STANDARD mat-column-STANDARD ng-star-inserted\" role=\"gridcell\"><span>10,9 g<\/span><\/td>\n<\/tr>\n<tr class=\"mat-row cdk-row ng-star-inserted\" role=\"row\">\n<td class=\"mat-cell cdk-cell cdk-column-nutritional-values mat-column-nutritional-values ng-star-inserted\" role=\"gridcell\"><span>Sodium<\/span><\/td>\n<td class=\"mat-cell cdk-cell cdk-column-STANDARD mat-column-STANDARD ng-star-inserted\" role=\"gridcell\"><span>0,36 g<\/span><\/td>\n<\/tr>\n<tr class=\"mat-row cdk-row ng-star-inserted\" role=\"row\">\n<td class=\"mat-cell cdk-cell cdk-column-nutritional-values mat-column-nutritional-values ng-star-inserted\" role=\"gridcell\"><span>Sel<\/span><\/td>\n<td class=\"mat-cell cdk-cell cdk-column-STANDARD mat-column-STANDARD ng-star-inserted\" role=\"gridcell\"><span>0,9 g<\/span><\/td>\n<\/tr>\n<\/tbody>\n<\/table>\n<p><strong>Espace de rangement<\/strong><\/p>\n<p>Conserver \u00e0 max. 5\u00b0C<\/p>\n<p><strong>Origine<\/strong><\/p>\n<p><span>Suisse<\/span><\/p>\n<p><strong>Nom du produit r\u00e9glement\u00e9<\/strong><\/p>\n<p>Pr\u00e9paration \u00e0 base de fromage frais granul\u00e9 (1\/4 gras) avec ciboulette<\/p>","protected":false},"excerpt":{"rendered":"<p>Avis d&#8217;allerg\u00e8nes Contient Lait (prot\u00e9ine + sucre de lait). Valeurs nutritionnelles 100g \u00c9nergie 414,0kj (99,0kcal) Lipides 4,5 g dont acides gras 2,5 g Les glucides 3,7 g dont sucres 3,7 g Fibres alimentaires 0,1 g Prot\u00e9ines 10,9 g Sodium 0,36 g Sel 0,9 g Espace de rangement Conserver \u00e0 max. 5\u00b0C Origine Suisse Nom du&hellip;<\/p>","protected":false},"featured_media":4931,"template":"","meta":[],"product_cat":[114],"product_tag":[],"acf":[],"_links":{"self":[{"href":"https:\/\/dev.sos-shop.ch\/en\/wp-json\/wp\/v2\/product\/4912"}],"collection":[{"href":"https:\/\/dev.sos-shop.ch\/en\/wp-json\/wp\/v2\/product"}],"about":[{"href":"https:\/\/dev.sos-shop.ch\/en\/wp-json\/wp\/v2\/types\/product"}],"version-history":[{"count":0,"href":"https:\/\/dev.sos-shop.ch\/en\/wp-json\/wp\/v2\/product\/4912\/revisions"}],"wp:featuredmedia":[{"embeddable":true,"href":"https:\/\/dev.sos-shop.ch\/en\/wp-json\/wp\/v2\/media\/4931"}],"wp:attachment":[{"href":"https:\/\/dev.sos-shop.ch\/en\/wp-json\/wp\/v2\/media?parent=4912"}],"wp:term":[{"taxonomy":"product_cat","embeddable":true,"href":"https:\/\/dev.sos-shop.ch\/en\/wp-json\/wp\/v2\/product_cat?post=4912"},{"taxonomy":"product_tag","embeddable":true,"href":"https:\/\/dev.sos-shop.ch\/en\/wp-json\/wp\/v2\/product_tag?post=4912"}],"curies":[{"name":"wp","href":"https:\/\/api.w.org\/{rel}","templated":true}]}}