{"id":4738,"date":"2020-09-10T17:28:04","date_gmt":"2020-09-10T16:28:04","guid":{"rendered":"https:\/\/sos-shop.ch\/product\/import-placeholder-for-686\/"},"modified":"2025-03-17T04:42:05","modified_gmt":"2025-03-17T03:42:05","slug":"le-gruyre-sale","status":"publish","type":"product","link":"https:\/\/dev.sos-shop.ch\/en\/shop\/le-gruyre-sale\/","title":{"rendered":"Le Gruy\u00e8re Sal\u00e9 240g"},"content":{"rendered":"<div class=\"section-bottom-md-padding\">\n<h5 class=\"mui-heading mui-heading-highlight\">Valeurs nutritionnelles<\/h5>\n<table id=\"nutrient-table\" class=\"table-list nutrient-table\">\n<thead>\n<tr class=\"nutrient-first-heading\">\n<th class=\"nutrient-standard-title\" colspan=\"2\"><\/th>\n<th colspan=\"2\">1 portion<\/th>\n<\/tr>\n<tr>\n<th><\/th>\n<th>100g<\/th>\n<th>40 grammes<\/th>\n<th>% *<\/th>\n<\/tr>\n<\/thead>\n<tbody>\n<tr>\n<td class=\"column-first\">\u00c9nergie<\/td>\n<td>1690 kJ (407 kcal)<\/td>\n<td>680 kJ (163 kcal)<\/td>\n<td>8%<\/td>\n<\/tr>\n<tr>\n<td class=\"column-first\">Lipides<\/td>\n<td>33 grammes<\/td>\n<td>13 grammes<\/td>\n<td>19%<\/td>\n<\/tr>\n<tr class=\"no-border\">\n<td class=\"column-first\">dont acides gras satur\u00e9s<\/td>\n<td>21 grammes<\/td>\n<td>8 grammes<\/td>\n<td>40%<\/td>\n<\/tr>\n<tr>\n<td class=\"column-first\">Glucides<\/td>\n<td>0,5 g<\/td>\n<td>&lt;0,5 g<\/td>\n<td>&lt;0,5%<\/td>\n<\/tr>\n<tr class=\"no-border\">\n<td class=\"column-first\">dont sucres<\/td>\n<td>0,1 g<\/td>\n<td>&lt;0,1 g<\/td>\n<td>&lt;0,5%<\/td>\n<\/tr>\n<tr>\n<td class=\"column-first\">Fibres alimentaires<\/td>\n<td>0 g<\/td>\n<td>0 g<\/td>\n<td><\/td>\n<\/tr>\n<tr>\n<td class=\"column-first\">Prot\u00e9ines<\/td>\n<td>27 grammes<\/td>\n<td>11 grammes<\/td>\n<td>22%<\/td>\n<\/tr>\n<tr>\n<td class=\"column-first\">Cellule<\/td>\n<td>1,5 g<\/td>\n<td>0,6 g<\/td>\n<td>dix%<\/td>\n<\/tr>\n<tr class=\"table-sub-paragraph\">\n<td colspan=\"4\">* % de l\u02bcapport de r\u00e9f\u00e9rence pour un adulte-type (8400 kJ\/2000 kcal)<\/td>\n<\/tr>\n<\/tbody>\n<\/table>\n<\/div>\n<div class=\"section-bottom-md-padding\">\n<h5 class=\"mui-heading mui-heading-highlight\">Informations sur le produit<\/h5>\n<table class=\"table-dotted table-list table-two-columns\">\n<tbody>\n<tr>\n<td class=\"column-first\">\u00c0 conserver au frais<\/td>\n<td>Oui<\/td>\n<\/tr>\n<tr>\n<td class=\"column-first\">Emballage<\/td>\n<td>Emballage en mati\u00e8re synth\u00e9tique<\/td>\n<\/tr>\n<tr>\n<td class=\"column-first\">Teneur en mati\u00e8res grasses<\/td>\n<td>Gras<\/td>\n<\/tr>\n<tr>\n<td class=\"column-first\">R\u00e9sistance<\/td>\n<td>Dur<\/td>\n<\/tr>\n<tr>\n<td class=\"column-first\">Forme\/nature du fromage<\/td>\n<td>Fromage \u00e0 p\u00e2te dure<\/td>\n<\/tr>\n<tr>\n<td class=\"column-first\">Vari\u00e9t\u00e9 de fromage<\/td>\n<td>Gruy\u00e8re<\/td>\n<\/tr>\n<tr>\n<td class=\"column-first\">Type de lait \/ mati\u00e8re premi\u00e8re<\/td>\n<td>Vache<\/td>\n<\/tr>\n<tr>\n<td class=\"column-first\">Saveur \u00e9pic\u00e9e<\/td>\n<td>Particuli\u00e8rement \u00e9pic\u00e9<\/td>\n<\/tr>\n<tr>\n<td class=\"column-first\">Type de traitement du lait<\/td>\n<td>Lait cru<\/td>\n<\/tr>\n<\/tbody>\n<\/table>\n<\/div>","protected":false},"excerpt":{"rendered":"<p>Valeurs nutritionnelles 1 portion 100g 40 grammes % * \u00c9nergie 1690 kJ (407 kcal) 680 kJ (163 kcal) 8% Lipides 33 grammes 13 grammes 19% dont acides gras satur\u00e9s 21 grammes 8 grammes 40% Glucides 0,5 g &lt;0,5 g &lt;0,5% dont sucres 0,1 g &lt;0,1 g &lt;0,5% Fibres alimentaires 0 g 0 g Prot\u00e9ines 27&hellip;<\/p>","protected":false},"featured_media":4784,"template":"","meta":[],"product_cat":[114],"product_tag":[],"acf":[],"_links":{"self":[{"href":"https:\/\/dev.sos-shop.ch\/en\/wp-json\/wp\/v2\/product\/4738"}],"collection":[{"href":"https:\/\/dev.sos-shop.ch\/en\/wp-json\/wp\/v2\/product"}],"about":[{"href":"https:\/\/dev.sos-shop.ch\/en\/wp-json\/wp\/v2\/types\/product"}],"version-history":[{"count":0,"href":"https:\/\/dev.sos-shop.ch\/en\/wp-json\/wp\/v2\/product\/4738\/revisions"}],"wp:featuredmedia":[{"embeddable":true,"href":"https:\/\/dev.sos-shop.ch\/en\/wp-json\/wp\/v2\/media\/4784"}],"wp:attachment":[{"href":"https:\/\/dev.sos-shop.ch\/en\/wp-json\/wp\/v2\/media?parent=4738"}],"wp:term":[{"taxonomy":"product_cat","embeddable":true,"href":"https:\/\/dev.sos-shop.ch\/en\/wp-json\/wp\/v2\/product_cat?post=4738"},{"taxonomy":"product_tag","embeddable":true,"href":"https:\/\/dev.sos-shop.ch\/en\/wp-json\/wp\/v2\/product_tag?post=4738"}],"curies":[{"name":"wp","href":"https:\/\/api.w.org\/{rel}","templated":true}]}}