{"id":4043,"date":"2020-09-10T18:16:07","date_gmt":"2020-09-10T17:16:07","guid":{"rendered":"https:\/\/sos-shop.ch\/product\/import-placeholder-for-452\/"},"modified":"2025-03-17T04:41:55","modified_gmt":"2025-03-17T03:41:55","slug":"lawa-crpes__trashed","status":"publish","type":"product","link":"https:\/\/dev.sos-shop.ch\/en\/shop\/lawa-crpes__trashed\/","title":{"rendered":"Lawa Cr\u00eapes"},"content":{"rendered":"<h5><span>D\u00e9tails du produit:<\/span><\/h5>\n<p><span>10 cr\u00eapes naturelles<\/span><\/p>\n<h5><span>Origine:<\/span><\/h5>\n<p><span>Allemagne<\/span><\/p>\n<h5><span>Avertissements sur le produit:<\/span><\/h5>\n<p><span>Ne pas recongeler apr\u00e8s d\u00e9cong\u00e9lation.<\/span><\/p>\n<h5><span>Utilisation du produit:<\/span><\/h5>\n<p><span>Cr\u00eape d\u00e9congel\u00e9e \u00e0 la po\u00eale 1 min.\u00a0\u00e0 l&#8217;huile Four 5 min.\u00a0180 \u00b0 C Micro-ondes 1 min.\u00a0650 W par pi\u00e8ce<\/span><\/p>\n<h5><span>Condition de stockage:<\/span><\/h5>\n<p><span>Gardez congel\u00e9 min.\u00a0-18 \u00b0 C<\/span><\/p>","protected":false},"excerpt":{"rendered":"<p>D\u00e9tails du produit: 10 cr\u00eapes naturelles Origine: Allemagne Avertissements sur le produit: Ne pas recongeler apr\u00e8s d\u00e9cong\u00e9lation. Utilisation du produit: Cr\u00eape d\u00e9congel\u00e9e \u00e0 la po\u00eale 1 min.\u00a0\u00e0 l&#8217;huile Four 5 min.\u00a0180 \u00b0 C Micro-ondes 1 min.\u00a0650 W par pi\u00e8ce Condition de stockage: Gardez congel\u00e9 min.\u00a0-18 \u00b0 C<\/p>","protected":false},"featured_media":7524,"template":"","meta":[],"product_cat":[116],"product_tag":[],"acf":[],"_links":{"self":[{"href":"https:\/\/dev.sos-shop.ch\/en\/wp-json\/wp\/v2\/product\/4043"}],"collection":[{"href":"https:\/\/dev.sos-shop.ch\/en\/wp-json\/wp\/v2\/product"}],"about":[{"href":"https:\/\/dev.sos-shop.ch\/en\/wp-json\/wp\/v2\/types\/product"}],"version-history":[{"count":0,"href":"https:\/\/dev.sos-shop.ch\/en\/wp-json\/wp\/v2\/product\/4043\/revisions"}],"wp:featuredmedia":[{"embeddable":true,"href":"https:\/\/dev.sos-shop.ch\/en\/wp-json\/wp\/v2\/media\/7524"}],"wp:attachment":[{"href":"https:\/\/dev.sos-shop.ch\/en\/wp-json\/wp\/v2\/media?parent=4043"}],"wp:term":[{"taxonomy":"product_cat","embeddable":true,"href":"https:\/\/dev.sos-shop.ch\/en\/wp-json\/wp\/v2\/product_cat?post=4043"},{"taxonomy":"product_tag","embeddable":true,"href":"https:\/\/dev.sos-shop.ch\/en\/wp-json\/wp\/v2\/product_tag?post=4043"}],"curies":[{"name":"wp","href":"https:\/\/api.w.org\/{rel}","templated":true}]}}