{"id":3665,"date":"2020-09-10T17:10:09","date_gmt":"2020-09-10T16:10:09","guid":{"rendered":"https:\/\/sos-shop.ch\/product\/import-placeholder-for-314\/"},"modified":"2025-03-17T04:42:08","modified_gmt":"2025-03-17T03:42:08","slug":"canape-au-salami__trashed","status":"publish","type":"product","link":"https:\/\/dev.sos-shop.ch\/en\/shop\/canape-au-salami__trashed\/","title":{"rendered":"Bigler Canape au Salami"},"content":{"rendered":"<h5>Origine<\/h5>\n<p>Elabor\u00e9 en Suisse avec de la viande suisse.<\/p>\n<h5>Valeurs nutritionnelles pour 100 g<\/h5>\n<p>Valeur \u00e9nerg\u00e9tique:1580 kJ \/ 380 kcal<\/p>\n<p>Lipides:28 g<\/p>\n<p>Glucides:21 g<\/p>\n<p>Prot\u00e9ines:11 g<\/p>\n<p>Sel de cuisine:2.2 g<\/p>\n<h5>Poids<\/h5>\n<p>80 g<\/p>\n<h5>Information pour personnes allergiques<\/h5>\n<p>E224, jaune d&#8217;oeuf, jaune d&#8217;oeuf, blanc d&#8217;oeuf, farine de malt d&#8217;orge, lait, lactose, moutarde, graines de moutarde, farine de froment, prot\u00e9ine de froment.<\/p>","protected":false},"excerpt":{"rendered":"<p>Origine Elabor\u00e9 en Suisse avec de la viande suisse. Valeurs nutritionnelles pour 100 g Valeur \u00e9nerg\u00e9tique:1580 kJ \/ 380 kcal Lipides:28 g Glucides:21 g Prot\u00e9ines:11 g Sel de cuisine:2.2 g Poids 80 g Information pour personnes allergiques E224, jaune d&#8217;oeuf, jaune d&#8217;oeuf, blanc d&#8217;oeuf, farine de malt d&#8217;orge, lait, lactose, moutarde, graines de moutarde, farine&hellip;<\/p>","protected":false},"featured_media":3744,"template":"","meta":[],"product_cat":[114],"product_tag":[],"acf":[],"_links":{"self":[{"href":"https:\/\/dev.sos-shop.ch\/en\/wp-json\/wp\/v2\/product\/3665"}],"collection":[{"href":"https:\/\/dev.sos-shop.ch\/en\/wp-json\/wp\/v2\/product"}],"about":[{"href":"https:\/\/dev.sos-shop.ch\/en\/wp-json\/wp\/v2\/types\/product"}],"version-history":[{"count":0,"href":"https:\/\/dev.sos-shop.ch\/en\/wp-json\/wp\/v2\/product\/3665\/revisions"}],"wp:featuredmedia":[{"embeddable":true,"href":"https:\/\/dev.sos-shop.ch\/en\/wp-json\/wp\/v2\/media\/3744"}],"wp:attachment":[{"href":"https:\/\/dev.sos-shop.ch\/en\/wp-json\/wp\/v2\/media?parent=3665"}],"wp:term":[{"taxonomy":"product_cat","embeddable":true,"href":"https:\/\/dev.sos-shop.ch\/en\/wp-json\/wp\/v2\/product_cat?post=3665"},{"taxonomy":"product_tag","embeddable":true,"href":"https:\/\/dev.sos-shop.ch\/en\/wp-json\/wp\/v2\/product_tag?post=3665"}],"curies":[{"name":"wp","href":"https:\/\/api.w.org\/{rel}","templated":true}]}}