{"id":3582,"date":"2020-09-10T17:08:49","date_gmt":"2020-09-10T17:08:49","guid":{"rendered":"https:\/\/sos-shop.ch\/product\/import-placeholder-for-282\/"},"modified":"2025-03-17T04:42:08","modified_gmt":"2025-03-17T03:42:08","slug":"coquelet-ca__trashed","status":"publish","type":"product","link":"https:\/\/dev.sos-shop.ch\/en\/shop\/coquelet-ca__trashed\/","title":{"rendered":"Coquelet ca."},"content":{"rendered":"<p><strong>Valeurs nutritionnelles<\/strong><\/p>\n<table class=\"mat-table cdk-table\" role=\"grid\">\n<thead role=\"rowgroup\">\n<tr class=\"mat-header-row cdk-header-row ng-star-inserted\" role=\"row\">\n<th class=\"mat-header-cell cdk-header-cell cdk-column-nutritional-values mat-column-nutritional-values ng-star-inserted\" role=\"columnheader\"><\/th>\n<th class=\"mat-header-cell cdk-header-cell cdk-column-STANDARD mat-column-STANDARD ng-star-inserted\" role=\"columnheader\"><span>100g<\/span><\/th>\n<th class=\"mat-header-cell cdk-header-cell cdk-column-PORTION mat-column-PORTION ng-star-inserted\" role=\"columnheader\"><span>1 portion (120 g)<\/span><\/th>\n<th class=\"mat-header-cell cdk-header-cell cdk-column-PORTION_RDA mat-column-PORTION_RDA ng-star-inserted\" role=\"columnheader\"><span>% *<\/span><\/th>\n<\/tr>\n<\/thead>\n<tbody role=\"rowgroup\">\n<tr class=\"mat-row cdk-row ng-star-inserted\" role=\"row\">\n<td class=\"mat-cell cdk-cell cdk-column-nutritional-values mat-column-nutritional-values ng-star-inserted\" role=\"gridcell\"><span>\u00c9nergie<\/span><\/td>\n<td class=\"mat-cell cdk-cell cdk-column-STANDARD mat-column-STANDARD ng-star-inserted\" role=\"gridcell\"><span>570,0kj (136,0kcal)<\/span><\/td>\n<td class=\"mat-cell cdk-cell cdk-column-PORTION mat-column-PORTION ng-star-inserted\" role=\"gridcell\"><span>680,0kj (163,0kcal)<\/span><\/td>\n<td class=\"mat-cell cdk-cell cdk-column-PORTION_RDA mat-column-PORTION_RDA ng-star-inserted\" role=\"gridcell\"><span>8%<\/span><\/td>\n<\/tr>\n<tr class=\"mat-row cdk-row ng-star-inserted\" role=\"row\">\n<td class=\"mat-cell cdk-cell cdk-column-nutritional-values mat-column-nutritional-values ng-star-inserted\" role=\"gridcell\"><span>Lipides<\/span><\/td>\n<td class=\"mat-cell cdk-cell cdk-column-STANDARD mat-column-STANDARD ng-star-inserted\" role=\"gridcell\"><span>6 grammes<\/span><\/td>\n<td class=\"mat-cell cdk-cell cdk-column-PORTION mat-column-PORTION ng-star-inserted\" role=\"gridcell\"><span>7 grammes<\/span><\/td>\n<td class=\"mat-cell cdk-cell cdk-column-PORTION_RDA mat-column-PORTION_RDA ng-star-inserted\" role=\"gridcell\"><span>dix%<\/span><\/td>\n<\/tr>\n<tr class=\"mat-row cdk-row ng-star-inserted\" role=\"row\">\n<td class=\"mat-cell cdk-cell cdk-column-nutritional-values mat-column-nutritional-values ng-star-inserted\" role=\"gridcell\"><span>dont acides gras<\/span><\/td>\n<td class=\"mat-cell cdk-cell cdk-column-STANDARD mat-column-STANDARD ng-star-inserted\" role=\"gridcell\"><span>1,5 g<\/span><\/td>\n<td class=\"mat-cell cdk-cell cdk-column-PORTION mat-column-PORTION ng-star-inserted\" role=\"gridcell\"><span>2 g<\/span><\/td>\n<td class=\"mat-cell cdk-cell cdk-column-PORTION_RDA mat-column-PORTION_RDA ng-star-inserted\" role=\"gridcell\"><span>dix%<\/span><\/td>\n<\/tr>\n<tr class=\"mat-row cdk-row ng-star-inserted\" role=\"row\">\n<td class=\"mat-cell cdk-cell cdk-column-nutritional-values mat-column-nutritional-values ng-star-inserted\" role=\"gridcell\"><span>Les glucides<\/span><\/td>\n<td class=\"mat-cell cdk-cell cdk-column-STANDARD mat-column-STANDARD ng-star-inserted\" role=\"gridcell\"><span>&lt;1 g<\/span><\/td>\n<td class=\"mat-cell cdk-cell cdk-column-PORTION mat-column-PORTION ng-star-inserted\" role=\"gridcell\"><span>&lt;1 g<\/span><\/td>\n<td class=\"mat-cell cdk-cell cdk-column-PORTION_RDA mat-column-PORTION_RDA ng-star-inserted\" role=\"gridcell\"><span>&lt;0,5%<\/span><\/td>\n<\/tr>\n<tr class=\"mat-row cdk-row ng-star-inserted\" role=\"row\">\n<td class=\"mat-cell cdk-cell cdk-column-nutritional-values mat-column-nutritional-values ng-star-inserted\" role=\"gridcell\"><span>dont sucres<\/span><\/td>\n<td class=\"mat-cell cdk-cell cdk-column-STANDARD mat-column-STANDARD ng-star-inserted\" role=\"gridcell\"><span>&lt;1 g<\/span><\/td>\n<td class=\"mat-cell cdk-cell cdk-column-PORTION mat-column-PORTION ng-star-inserted\" role=\"gridcell\"><span>&lt;1 g<\/span><\/td>\n<td class=\"mat-cell cdk-cell cdk-column-PORTION_RDA mat-column-PORTION_RDA ng-star-inserted\" role=\"gridcell\"><span>&lt;0,5%<\/span><\/td>\n<\/tr>\n<tr class=\"mat-row cdk-row ng-star-inserted\" role=\"row\">\n<td class=\"mat-cell cdk-cell cdk-column-nutritional-values mat-column-nutritional-values ng-star-inserted\" role=\"gridcell\"><span>Fibres alimentaires<\/span><\/td>\n<td class=\"mat-cell cdk-cell cdk-column-STANDARD mat-column-STANDARD ng-star-inserted\" role=\"gridcell\"><span>0,5 g<\/span><\/td>\n<td class=\"mat-cell cdk-cell cdk-column-PORTION mat-column-PORTION ng-star-inserted\" role=\"gridcell\"><span>0,5 g<\/span><\/td>\n<td class=\"mat-cell cdk-cell cdk-column-PORTION_RDA mat-column-PORTION_RDA ng-star-inserted\" role=\"gridcell\"><\/td>\n<\/tr>\n<tr class=\"mat-row cdk-row ng-star-inserted\" role=\"row\">\n<td class=\"mat-cell cdk-cell cdk-column-nutritional-values mat-column-nutritional-values ng-star-inserted\" role=\"gridcell\"><span>Prot\u00e9ines<\/span><\/td>\n<td class=\"mat-cell cdk-cell cdk-column-STANDARD mat-column-STANDARD ng-star-inserted\" role=\"gridcell\"><span>20 grammes<\/span><\/td>\n<td class=\"mat-cell cdk-cell cdk-column-PORTION mat-column-PORTION ng-star-inserted\" role=\"gridcell\"><span>24 grammes<\/span><\/td>\n<td class=\"mat-cell cdk-cell cdk-column-PORTION_RDA mat-column-PORTION_RDA ng-star-inserted\" role=\"gridcell\"><span>48%<\/span><\/td>\n<\/tr>\n<tr class=\"mat-row cdk-row ng-star-inserted\" role=\"row\">\n<td class=\"mat-cell cdk-cell cdk-column-nutritional-values mat-column-nutritional-values ng-star-inserted\" role=\"gridcell\"><span>Sodium<\/span><\/td>\n<td class=\"mat-cell cdk-cell cdk-column-STANDARD mat-column-STANDARD ng-star-inserted\" role=\"gridcell\"><span>0,05 g<\/span><\/td>\n<td class=\"mat-cell cdk-cell cdk-column-PORTION mat-column-PORTION ng-star-inserted\" role=\"gridcell\"><span>0,06 g<\/span><\/td>\n<td class=\"mat-cell cdk-cell cdk-column-PORTION_RDA mat-column-PORTION_RDA ng-star-inserted\" role=\"gridcell\"><span>3%<\/span><\/td>\n<\/tr>\n<\/tbody>\n<tfoot role=\"rowgroup\">\n<tr class=\"mat-footer-row cdk-footer-row ng-star-inserted\" role=\"row\">\n<td class=\"mat-footer-cell cdk-footer-cell cdk-column-footer mat-column-footer ng-star-inserted\" role=\"gridcell\" colspan=\"4\">\n<div><span>*% de l&#8217;apport quotidien de r\u00e9f\u00e9rence pour un adulte (8400kJ \/ 2000kcal)<\/span><\/div>\n<\/td>\n<\/tr>\n<\/tfoot>\n<\/table>\n<p>&nbsp;<\/p>\n<p><strong>Espace de rangement<\/strong><\/p>\n<p>Conserver sous r\u00e9frig\u00e9ration! Max. + 5\u00b0C<\/p>\n<p><strong>Origine<\/strong><\/p>\n<p>Origine: Suisse<\/p>\n<p><strong>Informations obligatoires sur l&#8217;\u00e9tiquette des additifs<\/strong><\/p>\n<p>Mention de l&#8217;hygi\u00e8ne en cuisine:Ne pas mettre la viande crue en contact avec d&#8217;autres denr\u00e9esalimentaires. Laver \u00e0 fond la vaisselle et les mains. Toujours servir laviande bien cuite\/r\u00f4tie.<\/p>","protected":false},"excerpt":{"rendered":"<p>Valeurs nutritionnelles 100g 1 portion (120 g) % * \u00c9nergie 570,0kj (136,0kcal) 680,0kj (163,0kcal) 8% Lipides 6 grammes 7 grammes dix% dont acides gras 1,5 g 2 g dix% Les glucides &lt;1 g &lt;1 g &lt;0,5% dont sucres &lt;1 g &lt;1 g &lt;0,5% Fibres alimentaires 0,5 g 0,5 g Prot\u00e9ines 20 grammes 24 grammes 48%&hellip;<\/p>","protected":false},"featured_media":0,"template":"","meta":[],"product_cat":[116],"product_tag":[],"acf":[],"_links":{"self":[{"href":"https:\/\/dev.sos-shop.ch\/en\/wp-json\/wp\/v2\/product\/3582"}],"collection":[{"href":"https:\/\/dev.sos-shop.ch\/en\/wp-json\/wp\/v2\/product"}],"about":[{"href":"https:\/\/dev.sos-shop.ch\/en\/wp-json\/wp\/v2\/types\/product"}],"version-history":[{"count":0,"href":"https:\/\/dev.sos-shop.ch\/en\/wp-json\/wp\/v2\/product\/3582\/revisions"}],"wp:attachment":[{"href":"https:\/\/dev.sos-shop.ch\/en\/wp-json\/wp\/v2\/media?parent=3582"}],"wp:term":[{"taxonomy":"product_cat","embeddable":true,"href":"https:\/\/dev.sos-shop.ch\/en\/wp-json\/wp\/v2\/product_cat?post=3582"},{"taxonomy":"product_tag","embeddable":true,"href":"https:\/\/dev.sos-shop.ch\/en\/wp-json\/wp\/v2\/product_tag?post=3582"}],"curies":[{"name":"wp","href":"https:\/\/api.w.org\/{rel}","templated":true}]}}