{"id":3561,"date":"2020-09-10T18:08:28","date_gmt":"2020-09-10T17:08:28","guid":{"rendered":"https:\/\/sos-shop.ch\/product\/import-placeholder-for-278\/"},"modified":"2025-03-17T04:41:57","modified_gmt":"2025-03-17T03:41:57","slug":"premium-escalope-poulet__trashed","status":"publish","type":"product","link":"https:\/\/dev.sos-shop.ch\/en\/shop\/premium-escalope-poulet__trashed\/","title":{"rendered":"Premium escalope poulet"},"content":{"rendered":"<p><strong>Valeurs nutritionnelles<\/strong><\/p>\n<table class=\"mat-table cdk-table\" role=\"grid\">\n<thead role=\"rowgroup\">\n<tr class=\"mat-header-row cdk-header-row ng-star-inserted\" role=\"row\">\n<th class=\"mat-header-cell cdk-header-cell cdk-column-nutritional-values mat-column-nutritional-values ng-star-inserted\" role=\"columnheader\"><\/th>\n<th class=\"mat-header-cell cdk-header-cell cdk-column-STANDARD mat-column-STANDARD ng-star-inserted\" role=\"columnheader\"><span>100g<\/span><\/th>\n<th class=\"mat-header-cell cdk-header-cell cdk-column-PORTION mat-column-PORTION ng-star-inserted\" role=\"columnheader\"><span>portion (120 g)<\/span><\/th>\n<th class=\"mat-header-cell cdk-header-cell cdk-column-PORTION_RDA mat-column-PORTION_RDA ng-star-inserted\" role=\"columnheader\"><span>% *<\/span><\/th>\n<\/tr>\n<\/thead>\n<tbody role=\"rowgroup\">\n<tr class=\"mat-row cdk-row ng-star-inserted\" role=\"row\">\n<td class=\"mat-cell cdk-cell cdk-column-nutritional-values mat-column-nutritional-values ng-star-inserted\" role=\"gridcell\">\u00c9nergie<\/td>\n<td class=\"mat-cell cdk-cell cdk-column-STANDARD mat-column-STANDARD ng-star-inserted\" role=\"gridcell\"><span>480,0kj (114,0kcal)<\/span><\/td>\n<td class=\"mat-cell cdk-cell cdk-column-PORTION mat-column-PORTION ng-star-inserted\" role=\"gridcell\"><span>580,0kj (137,0kcal)<\/span><\/td>\n<td class=\"mat-cell cdk-cell cdk-column-PORTION_RDA mat-column-PORTION_RDA ng-star-inserted\" role=\"gridcell\"><span>7%<\/span><\/td>\n<\/tr>\n<tr class=\"mat-row cdk-row ng-star-inserted\" role=\"row\">\n<td class=\"mat-cell cdk-cell cdk-column-nutritional-values mat-column-nutritional-values ng-star-inserted\" role=\"gridcell\">Lipides<\/td>\n<td class=\"mat-cell cdk-cell cdk-column-STANDARD mat-column-STANDARD ng-star-inserted\" role=\"gridcell\"><span>1,5 g<\/span><\/td>\n<td class=\"mat-cell cdk-cell cdk-column-PORTION mat-column-PORTION ng-star-inserted\" role=\"gridcell\"><span>2 g<\/span><\/td>\n<td class=\"mat-cell cdk-cell cdk-column-PORTION_RDA mat-column-PORTION_RDA ng-star-inserted\" role=\"gridcell\"><span>3%<\/span><\/td>\n<\/tr>\n<tr class=\"mat-row cdk-row ng-star-inserted\" role=\"row\">\n<td class=\"mat-cell cdk-cell cdk-column-nutritional-values mat-column-nutritional-values ng-star-inserted\" role=\"gridcell\">dont acides gras<\/td>\n<td class=\"mat-cell cdk-cell cdk-column-STANDARD mat-column-STANDARD ng-star-inserted\" role=\"gridcell\"><span>1 g<\/span><\/td>\n<td class=\"mat-cell cdk-cell cdk-column-PORTION mat-column-PORTION ng-star-inserted\" role=\"gridcell\"><span>1 g<\/span><\/td>\n<td class=\"mat-cell cdk-cell cdk-column-PORTION_RDA mat-column-PORTION_RDA ng-star-inserted\" role=\"gridcell\"><span>2%<\/span><\/td>\n<\/tr>\n<tr class=\"mat-row cdk-row ng-star-inserted\" role=\"row\">\n<td class=\"mat-cell cdk-cell cdk-column-nutritional-values mat-column-nutritional-values ng-star-inserted\" role=\"gridcell\">Glucides<\/td>\n<td class=\"mat-cell cdk-cell cdk-column-STANDARD mat-column-STANDARD ng-star-inserted\" role=\"gridcell\"><span>&lt;1 g<\/span><\/td>\n<td class=\"mat-cell cdk-cell cdk-column-PORTION mat-column-PORTION ng-star-inserted\" role=\"gridcell\"><span>&lt;1 g<\/span><\/td>\n<td class=\"mat-cell cdk-cell cdk-column-PORTION_RDA mat-column-PORTION_RDA ng-star-inserted\" role=\"gridcell\"><span>&lt;0,5%<\/span><\/td>\n<\/tr>\n<tr class=\"mat-row cdk-row ng-star-inserted\" role=\"row\">\n<td class=\"mat-cell cdk-cell cdk-column-nutritional-values mat-column-nutritional-values ng-star-inserted\" role=\"gridcell\">dont Sucres<\/td>\n<td class=\"mat-cell cdk-cell cdk-column-STANDARD mat-column-STANDARD ng-star-inserted\" role=\"gridcell\"><span>&lt;1 g<\/span><\/td>\n<td class=\"mat-cell cdk-cell cdk-column-PORTION mat-column-PORTION ng-star-inserted\" role=\"gridcell\"><span>&lt;1 g<\/span><\/td>\n<td class=\"mat-cell cdk-cell cdk-column-PORTION_RDA mat-column-PORTION_RDA ng-star-inserted\" role=\"gridcell\"><span>&lt;0,5%<\/span><\/td>\n<\/tr>\n<tr class=\"mat-row cdk-row ng-star-inserted\" role=\"row\">\n<td class=\"mat-cell cdk-cell cdk-column-nutritional-values mat-column-nutritional-values ng-star-inserted\" role=\"gridcell\">Fibres alimentaires<\/td>\n<td class=\"mat-cell cdk-cell cdk-column-STANDARD mat-column-STANDARD ng-star-inserted\" role=\"gridcell\"><span>0,5 g<\/span><\/td>\n<td class=\"mat-cell cdk-cell cdk-column-PORTION mat-column-PORTION ng-star-inserted\" role=\"gridcell\"><span>0,5 g<\/span><\/td>\n<td class=\"mat-cell cdk-cell cdk-column-PORTION_RDA mat-column-PORTION_RDA ng-star-inserted\" role=\"gridcell\"><\/td>\n<\/tr>\n<tr class=\"mat-row cdk-row ng-star-inserted\" role=\"row\">\n<td class=\"mat-cell cdk-cell cdk-column-nutritional-values mat-column-nutritional-values ng-star-inserted\" role=\"gridcell\">Prot\u00e9ines<\/td>\n<td class=\"mat-cell cdk-cell cdk-column-STANDARD mat-column-STANDARD ng-star-inserted\" role=\"gridcell\"><span>25 grammes<\/span><\/td>\n<td class=\"mat-cell cdk-cell cdk-column-PORTION mat-column-PORTION ng-star-inserted\" role=\"gridcell\"><span>30 grammes<\/span><\/td>\n<td class=\"mat-cell cdk-cell cdk-column-PORTION_RDA mat-column-PORTION_RDA ng-star-inserted\" role=\"gridcell\"><span>60%<\/span><\/td>\n<\/tr>\n<tr class=\"mat-row cdk-row ng-star-inserted\" role=\"row\">\n<td class=\"mat-cell cdk-cell cdk-column-nutritional-values mat-column-nutritional-values ng-star-inserted\" role=\"gridcell\"><span>Sodium<\/span><\/td>\n<td class=\"mat-cell cdk-cell cdk-column-STANDARD mat-column-STANDARD ng-star-inserted\" role=\"gridcell\"><span>0,04 g<\/span><\/td>\n<td class=\"mat-cell cdk-cell cdk-column-PORTION mat-column-PORTION ng-star-inserted\" role=\"gridcell\"><span>0,05 g<\/span><\/td>\n<td class=\"mat-cell cdk-cell cdk-column-PORTION_RDA mat-column-PORTION_RDA ng-star-inserted\" role=\"gridcell\"><span>2%<\/span><\/td>\n<\/tr>\n<tr class=\"mat-row cdk-row ng-star-inserted\" role=\"row\">\n<td class=\"mat-cell cdk-cell cdk-column-nutritional-values mat-column-nutritional-values ng-star-inserted\" role=\"gridcell\"><span>Cellule<\/span><\/td>\n<td class=\"mat-cell cdk-cell cdk-column-STANDARD mat-column-STANDARD ng-star-inserted\" role=\"gridcell\"><span>0 g<\/span><\/td>\n<td class=\"mat-cell cdk-cell cdk-column-PORTION mat-column-PORTION ng-star-inserted\" role=\"gridcell\"><\/td>\n<td class=\"mat-cell cdk-cell cdk-column-PORTION_RDA mat-column-PORTION_RDA ng-star-inserted\" role=\"gridcell\"><\/td>\n<\/tr>\n<\/tbody>\n<tfoot role=\"rowgroup\">\n<tr class=\"mat-footer-row cdk-footer-row ng-star-inserted\" role=\"row\">\n<td class=\"mat-footer-cell cdk-footer-cell cdk-column-footer mat-column-footer ng-star-inserted\" role=\"gridcell\" colspan=\"4\">\n<div>*% de l\u02bcapport journalier de r\u00e9f\u00e9rence pour un adulte-type (8400kJ\/2000kcal)<\/div>\n<\/td>\n<\/tr>\n<\/tfoot>\n<\/table>\n<p>&nbsp;<\/p>\n<p><strong>Portion<\/strong><\/p>\n<p>1-2 pi\u00e8ces<\/p>\n<p><strong>Pr\u00e9servation<\/strong><\/p>\n<p>Conserver sous r\u00e9frig\u00e9ration!Max. +5\u00b0C<\/p>\n<p><strong>Provenance<\/strong><\/p>\n<p>Origine: Suisse<\/p>\n<p><strong>Renseignements pratiques<\/strong><\/p>\n<p>A consommer cuit. \/ Mention d&#8217;hygi\u00e8ne en cuisine: A conserver au r\u00e9frig\u00e9rateur. Oter soigneusement l&#8217;emballage et le jeter. Eliminer le liquide d&#8217;\u00e9gouttement. Ne pas mettre la viande de volaille crue en contact avec d&#8217;autres d&#8217;enr\u00e9es alimentaires. Se laver soigneusement : les mains et la vaissellle utilis\u00e9e. La viande de volaille doit toujours \u00eatre bien cuite.<\/p>\n<p><strong>Informations suppl\u00e9mentaires obligatoires<\/strong><\/p>\n<p>Mention d&#8217;hygi\u00e8ne en cuisine:A conserver au r\u00e9frig\u00e9rateur. Oter soigneusement l&#8217;emballage et lejeter. Eliminer le liquide d&#8217;\u00e9gouttement. Ne pas mettre la viande devolaille crue en contact avec d&#8217;autres denr\u00e9es alimentaires. Se laversoigneusement: les mains et la vaisselle utilis\u00e9e. La viande de volailledoit toujours \u00eatre bien cuite.,Conditionn\u00e9 sous atmosph\u00e8re protectrice,Certification bio: CH-Bio-038,Viande Bio de MigrosLa viande Bio provient d&#8217;exploitations suisses Bio. Les producteurs sontcertifi\u00e9s par une organisation de contr\u00f4le ind\u00e9pendante. Toutes lesb\u00eates peuvent s&#8217;\u00e9battre en plein air r\u00e9guli\u00e8rement et re\u00e7oivent unfourrage majoritairement biologique. Vous trouverez d&#8217;autresinformations sur Migros-Bio sur le site www.migros.ch, sous la rubriqueproduits.<\/p>","protected":false},"excerpt":{"rendered":"<p>Valeurs nutritionnelles 100g portion (120 g) % * \u00c9nergie 480,0kj (114,0kcal) 580,0kj (137,0kcal) 7% Lipides 1,5 g 2 g 3% dont acides gras 1 g 1 g 2% Glucides &lt;1 g &lt;1 g &lt;0,5% dont Sucres &lt;1 g &lt;1 g &lt;0,5% Fibres alimentaires 0,5 g 0,5 g Prot\u00e9ines 25 grammes 30 grammes 60% Sodium 0,04&hellip;<\/p>","protected":false},"featured_media":6781,"template":"","meta":[],"product_cat":[114],"product_tag":[],"acf":[],"_links":{"self":[{"href":"https:\/\/dev.sos-shop.ch\/en\/wp-json\/wp\/v2\/product\/3561"}],"collection":[{"href":"https:\/\/dev.sos-shop.ch\/en\/wp-json\/wp\/v2\/product"}],"about":[{"href":"https:\/\/dev.sos-shop.ch\/en\/wp-json\/wp\/v2\/types\/product"}],"version-history":[{"count":0,"href":"https:\/\/dev.sos-shop.ch\/en\/wp-json\/wp\/v2\/product\/3561\/revisions"}],"wp:featuredmedia":[{"embeddable":true,"href":"https:\/\/dev.sos-shop.ch\/en\/wp-json\/wp\/v2\/media\/6781"}],"wp:attachment":[{"href":"https:\/\/dev.sos-shop.ch\/en\/wp-json\/wp\/v2\/media?parent=3561"}],"wp:term":[{"taxonomy":"product_cat","embeddable":true,"href":"https:\/\/dev.sos-shop.ch\/en\/wp-json\/wp\/v2\/product_cat?post=3561"},{"taxonomy":"product_tag","embeddable":true,"href":"https:\/\/dev.sos-shop.ch\/en\/wp-json\/wp\/v2\/product_tag?post=3561"}],"curies":[{"name":"wp","href":"https:\/\/api.w.org\/{rel}","templated":true}]}}