{"id":3556,"date":"2020-09-10T18:08:27","date_gmt":"2020-09-10T17:08:27","guid":{"rendered":"https:\/\/sos-shop.ch\/product\/import-placeholder-for-273\/"},"modified":"2025-03-17T04:41:57","modified_gmt":"2025-03-17T03:41:57","slug":"escalope-de-poulet-crispy-x2__trashed","status":"publish","type":"product","link":"https:\/\/dev.sos-shop.ch\/en\/shop\/escalope-de-poulet-crispy-x2__trashed\/","title":{"rendered":"Escalope de poulet Crispy x2"},"content":{"rendered":"<p>Une escalope de poulet fine avec une panade d\u00e9licieuse de Cornflakes.<\/p>\n<h5>Origine<\/h5>\n<p>Elabor\u00e9 en Suisse avec de la viande suisse.<\/p>\n<h5>Valeurs nutritionnelles pour 100 g<\/h5>\n<p>Valeur \u00e9nerg\u00e9tique:680 kJ \/ 162 kcal<\/p>\n<p>Lipides:1.5 g<\/p>\n<p>Glucides:15 g<\/p>\n<p>Prot\u00e9ines:22 g<\/p>\n<p>Sel de cuisine:1.3 g<\/p>\n<h5>Poids<\/h5>\n<p>200 g<\/p>\n<h5>D\u00e9nomination sp\u00e9cifique<\/h5>\n<p>Pr\u00e9paration de viande de poulet, \u00e0 consommer cuite<\/p>\n<h5>Information pour personnes allergiques<\/h5>\n<p>poudre d\u2019oeuf entier, farine de froment.<\/p>\n<h5>Emballage<\/h5>\n<p>Conditionn\u00e9 sous atmosph\u00e8re protectrice .<\/p>","protected":false},"excerpt":{"rendered":"<p>Une escalope de poulet fine avec une panade d\u00e9licieuse de Cornflakes. Origine Elabor\u00e9 en Suisse avec de la viande suisse. Valeurs nutritionnelles pour 100 g Valeur \u00e9nerg\u00e9tique:680 kJ \/ 162 kcal Lipides:1.5 g Glucides:15 g Prot\u00e9ines:22 g Sel de cuisine:1.3 g Poids 200 g D\u00e9nomination sp\u00e9cifique Pr\u00e9paration de viande de poulet, \u00e0 consommer cuite Information&hellip;<\/p>","protected":false},"featured_media":3625,"template":"","meta":[],"product_cat":[114],"product_tag":[],"acf":[],"_links":{"self":[{"href":"https:\/\/dev.sos-shop.ch\/en\/wp-json\/wp\/v2\/product\/3556"}],"collection":[{"href":"https:\/\/dev.sos-shop.ch\/en\/wp-json\/wp\/v2\/product"}],"about":[{"href":"https:\/\/dev.sos-shop.ch\/en\/wp-json\/wp\/v2\/types\/product"}],"version-history":[{"count":0,"href":"https:\/\/dev.sos-shop.ch\/en\/wp-json\/wp\/v2\/product\/3556\/revisions"}],"wp:featuredmedia":[{"embeddable":true,"href":"https:\/\/dev.sos-shop.ch\/en\/wp-json\/wp\/v2\/media\/3625"}],"wp:attachment":[{"href":"https:\/\/dev.sos-shop.ch\/en\/wp-json\/wp\/v2\/media?parent=3556"}],"wp:term":[{"taxonomy":"product_cat","embeddable":true,"href":"https:\/\/dev.sos-shop.ch\/en\/wp-json\/wp\/v2\/product_cat?post=3556"},{"taxonomy":"product_tag","embeddable":true,"href":"https:\/\/dev.sos-shop.ch\/en\/wp-json\/wp\/v2\/product_tag?post=3556"}],"curies":[{"name":"wp","href":"https:\/\/api.w.org\/{rel}","templated":true}]}}