{"id":33756,"date":"2021-07-07T12:59:37","date_gmt":"2021-07-07T11:59:37","guid":{"rendered":"https:\/\/sos-shop.ch\/shop\/petits-pois-a-letuvee-tres-fino-400g\/"},"modified":"2023-05-11T15:17:57","modified_gmt":"2023-05-11T14:17:57","slug":"petits-pois-a-letuvee-tres-fino-400g","status":"publish","type":"product","link":"https:\/\/dev.sos-shop.ch\/en\/shop\/petits-pois-a-letuvee-tres-fino-400g\/","title":{"rendered":"BELLE FRANCE PETITS POIS \u00c0 L\u2019\u00c9TUV\u00c9E TR\u00c8S FINO 400g"},"content":{"rendered":"","protected":false},"excerpt":{"rendered":"","protected":false},"featured_media":33733,"template":"","meta":[],"product_cat":[116],"product_tag":[],"acf":[],"_links":{"self":[{"href":"https:\/\/dev.sos-shop.ch\/en\/wp-json\/wp\/v2\/product\/33756"}],"collection":[{"href":"https:\/\/dev.sos-shop.ch\/en\/wp-json\/wp\/v2\/product"}],"about":[{"href":"https:\/\/dev.sos-shop.ch\/en\/wp-json\/wp\/v2\/types\/product"}],"version-history":[{"count":0,"href":"https:\/\/dev.sos-shop.ch\/en\/wp-json\/wp\/v2\/product\/33756\/revisions"}],"wp:featuredmedia":[{"embeddable":true,"href":"https:\/\/dev.sos-shop.ch\/en\/wp-json\/wp\/v2\/media\/33733"}],"wp:attachment":[{"href":"https:\/\/dev.sos-shop.ch\/en\/wp-json\/wp\/v2\/media?parent=33756"}],"wp:term":[{"taxonomy":"product_cat","embeddable":true,"href":"https:\/\/dev.sos-shop.ch\/en\/wp-json\/wp\/v2\/product_cat?post=33756"},{"taxonomy":"product_tag","embeddable":true,"href":"https:\/\/dev.sos-shop.ch\/en\/wp-json\/wp\/v2\/product_tag?post=33756"}],"curies":[{"name":"wp","href":"https:\/\/api.w.org\/{rel}","templated":true}]}}