{"id":32743,"date":"2021-06-30T11:58:33","date_gmt":"2021-06-30T10:58:33","guid":{"rendered":"https:\/\/sos-shop.ch\/?post_type=product&#038;p=32743"},"modified":"2023-05-11T15:16:52","modified_gmt":"2023-05-11T14:16:52","slug":"jack-daniels-whisky-70cl-2","status":"publish","type":"product","link":"https:\/\/dev.sos-shop.ch\/en\/shop\/jack-daniels-whisky-70cl-2\/","title":{"rendered":"Jack Daniel&#8217;s Whisky 70cl"},"content":{"rendered":"<p style=\"text-align: right\">Whiskey<br \/>\nLa pur\u00e9e de ma\u00efs est d&#8217;abord tremp\u00e9e dans l&#8217;eau et port\u00e9e \u00e0 \u00e9bullition.<br \/>\nLe m\u00e9lange est ensuite refroidi et du seigle est ajout\u00e9 pour aromatiser la pur\u00e9e et augmenter sa teneur en amidon.<br \/>\nLe m\u00e9lange est \u00e0 nouveau refroidi avant d&#8217;ajouter du malt d&#8217;orge.\u00a0Pour fermenter la pur\u00e9e enti\u00e8re, de la levure est ajout\u00e9e avec une partie d&#8217;une pur\u00e9e pr\u00e9alablement ferment\u00e9e qui contient encore de la levure vivante (pur\u00e9e \u00e9puis\u00e9e).\u00a0Ce processus est appel\u00e9 pur\u00e9e aigre.<br \/>\nIl cr\u00e9e la base du caract\u00e8re coh\u00e9rent du produit final.\u00a0Apr\u00e8s les processus de fermentation et de distillation, le whisky est filtr\u00e9 goutte \u00e0 goutte \u00e0 travers une couche de charbon d&#8217;\u00e9rable, ce qui lui conf\u00e8re son go\u00fbt caract\u00e9ristique et pleinement aromatique.<br \/>\nCe processus de filtration, appel\u00e9 adoucissement au charbon, dure 4 semaines.\u00a0Il s&#8217;agit d&#8217;une phase de raffinement qui n&#8217;a pas lieu lors de la production de whiskies bourbon.<\/p>","protected":false},"excerpt":{"rendered":"<p>Whisky La pur\u00e9e de ma\u00efs est d&#8217;abord tremp\u00e9e dans l&#8217;eau et port\u00e9e \u00e0 \u00e9bullition. Le m\u00e9lange est ensuite refroidi et du seigle est ajout\u00e9 pour aromatiser la pur\u00e9e et augmenter sa teneur en amidon. Le m\u00e9lange est \u00e0 nouveau refroidi avant d&#8217;ajouter du malt d&#8217;orge.\u00a0Pour fermenter la pur\u00e9e enti\u00e8re, de la levure est ajout\u00e9e avec&hellip;<\/p>","protected":false},"featured_media":16377,"template":"","meta":[],"product_cat":[416],"product_tag":[],"acf":[],"_links":{"self":[{"href":"https:\/\/dev.sos-shop.ch\/en\/wp-json\/wp\/v2\/product\/32743"}],"collection":[{"href":"https:\/\/dev.sos-shop.ch\/en\/wp-json\/wp\/v2\/product"}],"about":[{"href":"https:\/\/dev.sos-shop.ch\/en\/wp-json\/wp\/v2\/types\/product"}],"version-history":[{"count":0,"href":"https:\/\/dev.sos-shop.ch\/en\/wp-json\/wp\/v2\/product\/32743\/revisions"}],"wp:featuredmedia":[{"embeddable":true,"href":"https:\/\/dev.sos-shop.ch\/en\/wp-json\/wp\/v2\/media\/16377"}],"wp:attachment":[{"href":"https:\/\/dev.sos-shop.ch\/en\/wp-json\/wp\/v2\/media?parent=32743"}],"wp:term":[{"taxonomy":"product_cat","embeddable":true,"href":"https:\/\/dev.sos-shop.ch\/en\/wp-json\/wp\/v2\/product_cat?post=32743"},{"taxonomy":"product_tag","embeddable":true,"href":"https:\/\/dev.sos-shop.ch\/en\/wp-json\/wp\/v2\/product_tag?post=32743"}],"curies":[{"name":"wp","href":"https:\/\/api.w.org\/{rel}","templated":true}]}}