{"id":3218,"date":"2020-09-10T18:03:00","date_gmt":"2020-09-10T17:03:00","guid":{"rendered":"https:\/\/sos-shop.ch\/product\/import-placeholder-for-153\/"},"modified":"2025-03-17T04:41:58","modified_gmt":"2025-03-17T03:41:58","slug":"poiterine-de-poulet-pice__trashed","status":"publish","type":"product","link":"https:\/\/dev.sos-shop.ch\/en\/shop\/poiterine-de-poulet-pice__trashed\/","title":{"rendered":"Poiterine de poulet \u00e9pic\u00e9e"},"content":{"rendered":"<p>Poitrine de poulet \u00e0 un m\u00e9lange d\u2019\u00e9pices aromatique.<\/p>\n<h5><strong>Origine<\/strong><\/h5>\n<p>Elabor\u00e9 en Suisse avec de la viande suisse.<\/p>\n<h5><strong>Valeurs nutritionnelles pour 100 g<\/strong><\/h5>\n<p>Valeur \u00e9nerg\u00e9tique:\u00a0 \u00a0 \u00a0 \u00a0 \u00a0710 kJ \/ 170 kcal<br \/>\nLipides:\u00a0 \u00a0 \u00a0 \u00a0 \u00a0 \u00a0 \u00a0 \u00a0 \u00a0 \u00a0 \u00a0 \u00a0 \u00a0 \u00a0 \u00a0 \u00a0 \u00a0 \u00a0 \u00a0 \u00a0 \u00a0 \u00a010 g<br \/>\nGlucides:\u00a0 \u00a0 \u00a0 \u00a0 \u00a0 \u00a0 \u00a0 \u00a0 \u00a0 \u00a0 \u00a0 \u00a0 \u00a0 \u00a0 \u00a0 \u00a0 \u00a0 \u00a0 \u00a0 \u00a0 \u00a0 \u00a01 g<br \/>\nProt\u00e9ines:\u00a0 \u00a0 \u00a0 \u00a0 \u00a0 \u00a0 \u00a0 \u00a0 \u00a0 \u00a0 \u00a0 \u00a0 \u00a0 \u00a0 \u00a0 \u00a0 \u00a0 \u00a0 \u00a0 \u00a020 g<br \/>\nSel de cuisine:\u00a0 \u00a0 \u00a0 \u00a0 \u00a0 \u00a0 \u00a0 \u00a0 \u00a0 \u00a0 \u00a0 \u00a0 \u00a0 \u00a0 \u00a0 \u00a0 1.4 g<\/p>\n<h5><strong>Poids<\/strong><\/h5>\n<p>300 g<\/p>","protected":false},"excerpt":{"rendered":"<p>Poitrine de poulet \u00e0 un m\u00e9lange d\u2019\u00e9pices aromatique. Origine Elabor\u00e9 en Suisse avec de la viande suisse. Valeurs nutritionnelles pour 100 g Valeur \u00e9nerg\u00e9tique:\u00a0 \u00a0 \u00a0 \u00a0 \u00a0710 kJ \/ 170 kcal Lipides:\u00a0 \u00a0 \u00a0 \u00a0 \u00a0 \u00a0 \u00a0 \u00a0 \u00a0 \u00a0 \u00a0 \u00a0 \u00a0 \u00a0 \u00a0 \u00a0 \u00a0 \u00a0 \u00a0 \u00a0 \u00a0 \u00a010 g&hellip;<\/p>","protected":false},"featured_media":3287,"template":"","meta":[],"product_cat":[116,114],"product_tag":[],"acf":[],"_links":{"self":[{"href":"https:\/\/dev.sos-shop.ch\/en\/wp-json\/wp\/v2\/product\/3218"}],"collection":[{"href":"https:\/\/dev.sos-shop.ch\/en\/wp-json\/wp\/v2\/product"}],"about":[{"href":"https:\/\/dev.sos-shop.ch\/en\/wp-json\/wp\/v2\/types\/product"}],"version-history":[{"count":0,"href":"https:\/\/dev.sos-shop.ch\/en\/wp-json\/wp\/v2\/product\/3218\/revisions"}],"wp:featuredmedia":[{"embeddable":true,"href":"https:\/\/dev.sos-shop.ch\/en\/wp-json\/wp\/v2\/media\/3287"}],"wp:attachment":[{"href":"https:\/\/dev.sos-shop.ch\/en\/wp-json\/wp\/v2\/media?parent=3218"}],"wp:term":[{"taxonomy":"product_cat","embeddable":true,"href":"https:\/\/dev.sos-shop.ch\/en\/wp-json\/wp\/v2\/product_cat?post=3218"},{"taxonomy":"product_tag","embeddable":true,"href":"https:\/\/dev.sos-shop.ch\/en\/wp-json\/wp\/v2\/product_tag?post=3218"}],"curies":[{"name":"wp","href":"https:\/\/api.w.org\/{rel}","templated":true}]}}