{"id":2977,"date":"2020-09-10T17:59:04","date_gmt":"2020-09-10T16:59:04","guid":{"rendered":"https:\/\/sos-shop.ch\/product\/import-placeholder-for-70\/"},"modified":"2025-03-17T04:41:59","modified_gmt":"2025-03-17T03:41:59","slug":"kttbullar-avec-pure-de-pommes-de-terre__trashed","status":"publish","type":"product","link":"https:\/\/dev.sos-shop.ch\/en\/shop\/kttbullar-avec-pure-de-pommes-de-terre__trashed\/","title":{"rendered":"K\u00f6ttbullar avec pur\u00e9e de pommes de terre"},"content":{"rendered":"<div class=\"general-infos\">\n<div>\n<h5><strong>Origine<\/strong><\/h5>\n<p>Elabor\u00e9 en Suisse avec de la viande suisse.Pasteuris\u00e9 dans l&#8217;emballage.<\/p>\n<\/div>\n<h5><strong>Valeurs nutritionnelles pour 100 g<\/strong><\/h5>\n<div class=\"clearfix\"><span class=\"left-info\">Valeur \u00e9nerg\u00e9tique:\u00a0 \u00a0 \u00a0 <\/span><span class=\"right-info\">531 kJ \/ 127 kcal<\/span><\/div>\n<div class=\"clearfix\"><span class=\"left-info\">Lipides:\u00a0 \u00a0 \u00a0 \u00a0 \u00a0 \u00a0 \u00a0 \u00a0 \u00a0 \u00a0 \u00a0 \u00a0 \u00a0 \u00a0 \u00a0 \u00a0 \u00a0 \u00a0 \u00a0 \u00a0 \u00a0 <\/span><span class=\"right-info\">7 g<\/span><\/div>\n<div class=\"clearfix\"><span class=\"left-info\">Glucides:\u00a0 \u00a0 \u00a0 \u00a0 \u00a0 \u00a0 \u00a0 \u00a0 \u00a0 \u00a0 \u00a0 \u00a0 \u00a0 \u00a0 \u00a0 \u00a0 \u00a0 \u00a0 \u00a0 \u00a0<\/span><span class=\"right-info\">10 g<\/span><\/div>\n<div class=\"clearfix\"><span class=\"left-info\">Prot\u00e9ines:\u00a0 \u00a0 \u00a0 \u00a0 \u00a0 \u00a0 \u00a0 \u00a0 \u00a0 \u00a0 \u00a0 \u00a0 \u00a0 \u00a0 \u00a0 \u00a0 \u00a0 \u00a0 \u00a0 \u00a0<\/span><span class=\"right-info\">6 g<\/span><\/div>\n<div class=\"clearfix\"><span class=\"left-info\">Sel de cuisine:\u00a0 \u00a0 \u00a0 \u00a0 \u00a0 \u00a0 \u00a0 \u00a0 \u00a0 \u00a0 \u00a0 \u00a0 \u00a0 \u00a0 \u00a0 \u00a0 \u00a0<\/span><span class=\"right-info\">1 g<\/span><\/div>\n<div><\/div>\n<\/div>\n<h5><strong>Poids<\/strong><\/h5>\n<p>460 g<\/p>","protected":false},"excerpt":{"rendered":"<p>Origine Elabor\u00e9 en Suisse avec de la viande suisse.Pasteuris\u00e9 dans l&#8217;emballage. Valeurs nutritionnelles pour 100 g Valeur \u00e9nerg\u00e9tique:\u00a0 \u00a0 \u00a0 531 kJ \/ 127 kcal Lipides:\u00a0 \u00a0 \u00a0 \u00a0 \u00a0 \u00a0 \u00a0 \u00a0 \u00a0 \u00a0 \u00a0 \u00a0 \u00a0 \u00a0 \u00a0 \u00a0 \u00a0 \u00a0 \u00a0 \u00a0 \u00a0 7 g Glucides:\u00a0 \u00a0 \u00a0 \u00a0 \u00a0 \u00a0 \u00a0&hellip;<\/p>","protected":false},"featured_media":3054,"template":"","meta":[],"product_cat":[116],"product_tag":[],"acf":[],"_links":{"self":[{"href":"https:\/\/dev.sos-shop.ch\/en\/wp-json\/wp\/v2\/product\/2977"}],"collection":[{"href":"https:\/\/dev.sos-shop.ch\/en\/wp-json\/wp\/v2\/product"}],"about":[{"href":"https:\/\/dev.sos-shop.ch\/en\/wp-json\/wp\/v2\/types\/product"}],"version-history":[{"count":0,"href":"https:\/\/dev.sos-shop.ch\/en\/wp-json\/wp\/v2\/product\/2977\/revisions"}],"wp:featuredmedia":[{"embeddable":true,"href":"https:\/\/dev.sos-shop.ch\/en\/wp-json\/wp\/v2\/media\/3054"}],"wp:attachment":[{"href":"https:\/\/dev.sos-shop.ch\/en\/wp-json\/wp\/v2\/media?parent=2977"}],"wp:term":[{"taxonomy":"product_cat","embeddable":true,"href":"https:\/\/dev.sos-shop.ch\/en\/wp-json\/wp\/v2\/product_cat?post=2977"},{"taxonomy":"product_tag","embeddable":true,"href":"https:\/\/dev.sos-shop.ch\/en\/wp-json\/wp\/v2\/product_tag?post=2977"}],"curies":[{"name":"wp","href":"https:\/\/api.w.org\/{rel}","templated":true}]}}