{"id":2974,"date":"2020-09-10T17:59:04","date_gmt":"2020-09-10T16:59:04","guid":{"rendered":"https:\/\/sos-shop.ch\/product\/import-placeholder-for-67\/"},"modified":"2025-03-17T04:41:59","modified_gmt":"2025-03-17T03:41:59","slug":"mdaillon-de-rsti__trashed","status":"publish","type":"product","link":"https:\/\/dev.sos-shop.ch\/en\/shop\/mdaillon-de-rsti__trashed\/","title":{"rendered":"M\u00e9daillon de r\u00f6sti"},"content":{"rendered":"<div class=\"general-infos\">\n<div>\n<h5><strong>Origine<\/strong><\/h5>\n<p>Elabor\u00e9 en Autriche,<\/p>\n<\/div>\n<h5><strong>Valeurs nutritionnelles pour 100 g<\/strong><\/h5>\n<div class=\"clearfix\"><span class=\"left-info\">Valeur \u00e9nerg\u00e9tique:\u00a0 \u00a0 \u00a0<\/span><span class=\"right-info\">791 kJ \/ 189 kcal<\/span><\/div>\n<div class=\"clearfix\"><span class=\"left-info\">Lipides:\u00a0 \u00a0 \u00a0 \u00a0 \u00a0 \u00a0 \u00a0 \u00a0 \u00a0 \u00a0 \u00a0 \u00a0 \u00a0 \u00a0 \u00a0 \u00a0 \u00a0 \u00a0 \u00a0 \u00a0 <\/span><span class=\"right-info\">9 g<\/span><\/div>\n<div class=\"clearfix\"><span class=\"left-info\">Glucides:\u00a0 \u00a0 \u00a0 \u00a0 \u00a0 \u00a0 \u00a0 \u00a0 \u00a0 \u00a0 \u00a0 \u00a0 \u00a0 \u00a0 \u00a0 \u00a0 \u00a0 \u00a0 <\/span><span class=\"right-info\">22 g<\/span><\/div>\n<div class=\"clearfix\"><span class=\"left-info\">Prot\u00e9ines:\u00a0 \u00a0 \u00a0 \u00a0 \u00a0 \u00a0 \u00a0 \u00a0 \u00a0 \u00a0 \u00a0 \u00a0 \u00a0 \u00a0 \u00a0 \u00a0 \u00a0 <\/span><span class=\"right-info\">2.8 g<\/span><\/div>\n<div class=\"clearfix\"><span class=\"left-info\">Sel de cuisine:\u00a0 \u00a0 \u00a0 \u00a0 \u00a0 \u00a0 \u00a0 \u00a0 \u00a0 \u00a0 \u00a0 \u00a0 \u00a0 \u00a0 \u00a0<\/span><span class=\"right-info\">1.1 g<\/span><\/div>\n<div><\/div>\n<\/div>\n<h5><strong>Poids<\/strong><\/h5>\n<p>200 g<\/p>","protected":false},"excerpt":{"rendered":"<p>Origine Elabor\u00e9 en Autriche, Valeurs nutritionnelles pour 100 g Valeur \u00e9nerg\u00e9tique:\u00a0 \u00a0 \u00a0791 kJ \/ 189 kcal Lipides:\u00a0 \u00a0 \u00a0 \u00a0 \u00a0 \u00a0 \u00a0 \u00a0 \u00a0 \u00a0 \u00a0 \u00a0 \u00a0 \u00a0 \u00a0 \u00a0 \u00a0 \u00a0 \u00a0 \u00a0 9 g Glucides:\u00a0 \u00a0 \u00a0 \u00a0 \u00a0 \u00a0 \u00a0 \u00a0 \u00a0 \u00a0 \u00a0 \u00a0 \u00a0 \u00a0 \u00a0 \u00a0&hellip;<\/p>","protected":false},"featured_media":3043,"template":"","meta":[],"product_cat":[116],"product_tag":[],"acf":[],"_links":{"self":[{"href":"https:\/\/dev.sos-shop.ch\/en\/wp-json\/wp\/v2\/product\/2974"}],"collection":[{"href":"https:\/\/dev.sos-shop.ch\/en\/wp-json\/wp\/v2\/product"}],"about":[{"href":"https:\/\/dev.sos-shop.ch\/en\/wp-json\/wp\/v2\/types\/product"}],"version-history":[{"count":0,"href":"https:\/\/dev.sos-shop.ch\/en\/wp-json\/wp\/v2\/product\/2974\/revisions"}],"wp:featuredmedia":[{"embeddable":true,"href":"https:\/\/dev.sos-shop.ch\/en\/wp-json\/wp\/v2\/media\/3043"}],"wp:attachment":[{"href":"https:\/\/dev.sos-shop.ch\/en\/wp-json\/wp\/v2\/media?parent=2974"}],"wp:term":[{"taxonomy":"product_cat","embeddable":true,"href":"https:\/\/dev.sos-shop.ch\/en\/wp-json\/wp\/v2\/product_cat?post=2974"},{"taxonomy":"product_tag","embeddable":true,"href":"https:\/\/dev.sos-shop.ch\/en\/wp-json\/wp\/v2\/product_tag?post=2974"}],"curies":[{"name":"wp","href":"https:\/\/api.w.org\/{rel}","templated":true}]}}