{"id":2862,"date":"2020-09-10T17:57:32","date_gmt":"2020-09-10T16:57:32","guid":{"rendered":"https:\/\/sos-shop.ch\/product\/import-placeholder-for-25\/"},"modified":"2025-03-17T04:42:00","modified_gmt":"2025-03-17T03:42:00","slug":"pain-tessinois-avec-tilsiter-ca__trashed","status":"publish","type":"product","link":"https:\/\/dev.sos-shop.ch\/en\/shop\/pain-tessinois-avec-tilsiter-ca__trashed\/","title":{"rendered":"Pain tessinois avec Tilsiter ca"},"content":{"rendered":"<h5>Origine<\/h5>\n<p>Elabor\u00e9 en Suisse.<\/p>\n<h5>Valeurs nutritionnelles pour 100 g<\/h5>\n<p>Valeur \u00e9nerg\u00e9tique:\u00a0 \u00a0 \u00a0 \u00a0 1121 kJ \/ 267 kcal<br \/>\nLipides:\u00a0 \u00a0 \u00a0 \u00a0 \u00a0 \u00a0 \u00a0 \u00a0 \u00a0 \u00a0 \u00a0 \u00a0 \u00a0 \u00a0 \u00a0 \u00a0 \u00a0 \u00a0 \u00a0 \u00a0 \u00a0 \u00a0 11 g<br \/>\nGlucides:\u00a0 \u00a0 \u00a0 \u00a0 \u00a0 \u00a0 \u00a0 \u00a0 \u00a0 \u00a0 \u00a0 \u00a0 \u00a0 \u00a0 \u00a0 \u00a0 \u00a0 \u00a0 \u00a0 \u00a0 \u00a029 g<br \/>\nProt\u00e9ines:\u00a0 \u00a0 \u00a0 \u00a0 \u00a0 \u00a0 \u00a0 \u00a0 \u00a0 \u00a0 \u00a0 \u00a0 \u00a0 \u00a0 \u00a0 \u00a0 \u00a0 \u00a0 \u00a0 \u00a0 \u00a013 g<br \/>\nSel de cuisine:\u00a0 \u00a0 \u00a0 \u00a0 \u00a0 \u00a0 \u00a0 \u00a0 \u00a0 \u00a0 \u00a0 \u00a0 \u00a0 \u00a0 \u00a0 \u00a0 \u00a0 1.3 g<\/p>\n<h5>Poids<\/h5>\n<p>170 g<\/p>","protected":false},"excerpt":{"rendered":"<p>Origine Elabor\u00e9 en Suisse. Valeurs nutritionnelles pour 100 g Valeur \u00e9nerg\u00e9tique:\u00a0 \u00a0 \u00a0 \u00a0 1121 kJ \/ 267 kcal Lipides:\u00a0 \u00a0 \u00a0 \u00a0 \u00a0 \u00a0 \u00a0 \u00a0 \u00a0 \u00a0 \u00a0 \u00a0 \u00a0 \u00a0 \u00a0 \u00a0 \u00a0 \u00a0 \u00a0 \u00a0 \u00a0 \u00a0 11 g Glucides:\u00a0 \u00a0 \u00a0 \u00a0 \u00a0 \u00a0 \u00a0 \u00a0 \u00a0 \u00a0 \u00a0 \u00a0&hellip;<\/p>","protected":false},"featured_media":2922,"template":"","meta":[],"product_cat":[116],"product_tag":[],"acf":[],"_links":{"self":[{"href":"https:\/\/dev.sos-shop.ch\/en\/wp-json\/wp\/v2\/product\/2862"}],"collection":[{"href":"https:\/\/dev.sos-shop.ch\/en\/wp-json\/wp\/v2\/product"}],"about":[{"href":"https:\/\/dev.sos-shop.ch\/en\/wp-json\/wp\/v2\/types\/product"}],"version-history":[{"count":0,"href":"https:\/\/dev.sos-shop.ch\/en\/wp-json\/wp\/v2\/product\/2862\/revisions"}],"wp:featuredmedia":[{"embeddable":true,"href":"https:\/\/dev.sos-shop.ch\/en\/wp-json\/wp\/v2\/media\/2922"}],"wp:attachment":[{"href":"https:\/\/dev.sos-shop.ch\/en\/wp-json\/wp\/v2\/media?parent=2862"}],"wp:term":[{"taxonomy":"product_cat","embeddable":true,"href":"https:\/\/dev.sos-shop.ch\/en\/wp-json\/wp\/v2\/product_cat?post=2862"},{"taxonomy":"product_tag","embeddable":true,"href":"https:\/\/dev.sos-shop.ch\/en\/wp-json\/wp\/v2\/product_tag?post=2862"}],"curies":[{"name":"wp","href":"https:\/\/api.w.org\/{rel}","templated":true}]}}