{"id":18733,"date":"2020-10-26T12:23:15","date_gmt":"2020-10-26T11:23:15","guid":{"rendered":"https:\/\/sos-shop.ch\/?post_type=product&#038;p=18733"},"modified":"2025-03-17T04:40:39","modified_gmt":"2025-03-17T03:40:39","slug":"flash-oko-anzundwolle__trashed","status":"publish","type":"product","link":"https:\/\/dev.sos-shop.ch\/en\/shop\/flash-oko-anzundwolle__trashed\/","title":{"rendered":"Flash \u00d6ko-Anz\u00fcndwolle"},"content":{"rendered":"<p><span>Avec la laine \u00e9cologique de Flash, vous vous r\u00e9chauffez vraiment.\u00a0<\/span><span>La laine de bois imbib\u00e9e de cire convient pour \u00e9clairer l\u00e9g\u00e8rement les grils, les po\u00eales et les chemin\u00e9es.\u00a0<\/span><span>Il convainc par sa longue dur\u00e9e de combustion, est inodore et s\u00fbr \u00e0 utiliser et se compose de mati\u00e8res premi\u00e8res 100% renouvelables.\u00a0<\/span><span>Gr\u00e2ce au sac refermable, il est facile \u00e0 ranger m\u00eame apr\u00e8s ouverture du pack.<\/span><\/p>","protected":false},"excerpt":{"rendered":"<p>Avec la laine \u00e9cologique de Flash, vous vous r\u00e9chauffez vraiment.\u00a0La laine de bois imbib\u00e9e de cire convient pour \u00e9clairer l\u00e9g\u00e8rement les grils, les po\u00eales et les chemin\u00e9es.\u00a0Il convainc par sa longue dur\u00e9e de combustion, est inodore et s\u00fbr \u00e0 utiliser et se compose de mati\u00e8res premi\u00e8res 100% renouvelables.\u00a0Gr\u00e2ce au sac refermable, il est facile \u00e0&hellip;<\/p>","protected":false},"featured_media":18735,"template":"","meta":[],"product_cat":[683],"product_tag":[],"acf":[],"_links":{"self":[{"href":"https:\/\/dev.sos-shop.ch\/en\/wp-json\/wp\/v2\/product\/18733"}],"collection":[{"href":"https:\/\/dev.sos-shop.ch\/en\/wp-json\/wp\/v2\/product"}],"about":[{"href":"https:\/\/dev.sos-shop.ch\/en\/wp-json\/wp\/v2\/types\/product"}],"version-history":[{"count":0,"href":"https:\/\/dev.sos-shop.ch\/en\/wp-json\/wp\/v2\/product\/18733\/revisions"}],"wp:featuredmedia":[{"embeddable":true,"href":"https:\/\/dev.sos-shop.ch\/en\/wp-json\/wp\/v2\/media\/18735"}],"wp:attachment":[{"href":"https:\/\/dev.sos-shop.ch\/en\/wp-json\/wp\/v2\/media?parent=18733"}],"wp:term":[{"taxonomy":"product_cat","embeddable":true,"href":"https:\/\/dev.sos-shop.ch\/en\/wp-json\/wp\/v2\/product_cat?post=18733"},{"taxonomy":"product_tag","embeddable":true,"href":"https:\/\/dev.sos-shop.ch\/en\/wp-json\/wp\/v2\/product_tag?post=18733"}],"curies":[{"name":"wp","href":"https:\/\/api.w.org\/{rel}","templated":true}]}}