{"id":18377,"date":"2020-10-26T07:57:09","date_gmt":"2020-10-26T06:57:09","guid":{"rendered":"https:\/\/sos-shop.ch\/?post_type=product&#038;p=18377"},"modified":"2025-03-17T04:40:40","modified_gmt":"2025-03-17T03:40:40","slug":"cailler-branches-l__trashed","status":"publish","type":"product","link":"https:\/\/dev.sos-shop.ch\/en\/shop\/cailler-branches-l__trashed\/","title":{"rendered":"Cailler Branches L"},"content":{"rendered":"<p><span>Ce qui rend un Cailler Branche &#8220;Originale&#8221; si sp\u00e9cial, c&#8217;est la garniture secr\u00e8te et fondante de PRALINE, dissimul\u00e9e par une couche de chocolat au lait croquant aux noisettes.\u00a0<\/span><span>Un petit moment de plaisir pour votre journ\u00e9e.<\/span><\/p>\n<h5 class=\"field--title\"><span>INFORMATION NUTRITIONNELLE<\/span><\/h5>\n<div class=\"field--description\">\n<p><span>Pour 100g:<\/span><br \/>\n<span>\u00c9nergie 2319 kJ (556 kcal),<\/span><br \/>\n<span>Lipides 35g dont satur\u00e9s 14g,<\/span><br \/>\n<span>Glucides 50g Sucres 47g,<\/span><br \/>\n<span>Fibres 3,6g,<\/span><br \/>\n<span>Prot\u00e9ines 9,2g,<\/span><br \/>\n<span>Sel 0,17g<\/span><\/p>\n<\/div>","protected":false},"excerpt":{"rendered":"<p>Ce qui rend un Cailler Branche &#8220;Originale&#8221; si sp\u00e9cial, c&#8217;est la garniture secr\u00e8te et fondante de PRALINE, dissimul\u00e9e par une couche de chocolat au lait croquant aux noisettes.\u00a0Un petit moment de plaisir pour votre journ\u00e9e. INFORMATION NUTRITIONNELLE Pour 100g: \u00c9nergie 2319 kJ (556 kcal), Lipides 35g dont satur\u00e9s 14g, Glucides 50g Sucres 47g, Fibres 3,6g,&hellip;<\/p>","protected":false},"featured_media":18379,"template":"","meta":[],"product_cat":[116],"product_tag":[],"acf":[],"_links":{"self":[{"href":"https:\/\/dev.sos-shop.ch\/en\/wp-json\/wp\/v2\/product\/18377"}],"collection":[{"href":"https:\/\/dev.sos-shop.ch\/en\/wp-json\/wp\/v2\/product"}],"about":[{"href":"https:\/\/dev.sos-shop.ch\/en\/wp-json\/wp\/v2\/types\/product"}],"version-history":[{"count":0,"href":"https:\/\/dev.sos-shop.ch\/en\/wp-json\/wp\/v2\/product\/18377\/revisions"}],"wp:featuredmedia":[{"embeddable":true,"href":"https:\/\/dev.sos-shop.ch\/en\/wp-json\/wp\/v2\/media\/18379"}],"wp:attachment":[{"href":"https:\/\/dev.sos-shop.ch\/en\/wp-json\/wp\/v2\/media?parent=18377"}],"wp:term":[{"taxonomy":"product_cat","embeddable":true,"href":"https:\/\/dev.sos-shop.ch\/en\/wp-json\/wp\/v2\/product_cat?post=18377"},{"taxonomy":"product_tag","embeddable":true,"href":"https:\/\/dev.sos-shop.ch\/en\/wp-json\/wp\/v2\/product_tag?post=18377"}],"curies":[{"name":"wp","href":"https:\/\/api.w.org\/{rel}","templated":true}]}}