{"id":18354,"date":"2020-10-26T06:39:58","date_gmt":"2020-10-26T05:39:58","guid":{"rendered":"https:\/\/sos-shop.ch\/?post_type=product&#038;p=18354"},"modified":"2025-03-17T04:40:41","modified_gmt":"2025-03-17T03:40:41","slug":"fishermans-friends-mint","status":"publish","type":"product","link":"https:\/\/dev.sos-shop.ch\/en\/shop\/fishermans-friends-mint\/","title":{"rendered":"Fisherman&#8217;s Friends mint 25g"},"content":{"rendered":"<p>Pastille bei Husten und Heiserkeit<br \/>\nNe\u00a0soyez\u00a0jamais sans ami\u2026!\u00a0dit le pharmacien James Lofthouse en 1865 et d\u00e9veloppa des pastilles Fisherman&#8217;s Friend, con\u00e7ues pour les p\u00eacheurs de haute mer qui sortiraient en mer par toutes sortes de temps.<\/p>","protected":false},"excerpt":{"rendered":"<p>Pastille bei Husten und Heiserkeit Ne\u00a0soyez\u00a0jamais sans ami\u2026!\u00a0dit le pharmacien James Lofthouse en 1865 et d\u00e9veloppa des pastilles Fisherman&#8217;s Friend, con\u00e7ues pour les p\u00eacheurs de haute mer qui sortiraient en mer par toutes sortes de temps.<\/p>","protected":false},"featured_media":18357,"template":"","meta":[],"product_cat":[116],"product_tag":[],"acf":[],"_links":{"self":[{"href":"https:\/\/dev.sos-shop.ch\/en\/wp-json\/wp\/v2\/product\/18354"}],"collection":[{"href":"https:\/\/dev.sos-shop.ch\/en\/wp-json\/wp\/v2\/product"}],"about":[{"href":"https:\/\/dev.sos-shop.ch\/en\/wp-json\/wp\/v2\/types\/product"}],"version-history":[{"count":0,"href":"https:\/\/dev.sos-shop.ch\/en\/wp-json\/wp\/v2\/product\/18354\/revisions"}],"wp:featuredmedia":[{"embeddable":true,"href":"https:\/\/dev.sos-shop.ch\/en\/wp-json\/wp\/v2\/media\/18357"}],"wp:attachment":[{"href":"https:\/\/dev.sos-shop.ch\/en\/wp-json\/wp\/v2\/media?parent=18354"}],"wp:term":[{"taxonomy":"product_cat","embeddable":true,"href":"https:\/\/dev.sos-shop.ch\/en\/wp-json\/wp\/v2\/product_cat?post=18354"},{"taxonomy":"product_tag","embeddable":true,"href":"https:\/\/dev.sos-shop.ch\/en\/wp-json\/wp\/v2\/product_tag?post=18354"}],"curies":[{"name":"wp","href":"https:\/\/api.w.org\/{rel}","templated":true}]}}