{"id":18106,"date":"2020-10-25T12:33:40","date_gmt":"2020-10-25T11:33:40","guid":{"rendered":"https:\/\/sos-shop.ch\/?post_type=product&#038;p=18106"},"modified":"2025-03-17T04:40:41","modified_gmt":"2025-03-17T03:40:41","slug":"latsana-desinfectant-pour-les-mains","status":"publish","type":"product","link":"https:\/\/dev.sos-shop.ch\/en\/shop\/latsana-desinfectant-pour-les-mains\/","title":{"rendered":"LatSana D\u00e9sinfectant pour les mains"},"content":{"rendered":"<p>Excellente tol\u00e9rance. Bact\u00e9ricide, fongicide, tuberculocide, virucide contre les virus envelopp\u00e9s.<\/p>","protected":false},"excerpt":{"rendered":"<p>Excellente tol\u00e9rance. Bact\u00e9ricide, fongicide, tuberculocide, virucide contre les virus envelopp\u00e9s.<\/p>","protected":false},"featured_media":18107,"template":"","meta":[],"product_cat":[678],"product_tag":[],"acf":[],"_links":{"self":[{"href":"https:\/\/dev.sos-shop.ch\/en\/wp-json\/wp\/v2\/product\/18106"}],"collection":[{"href":"https:\/\/dev.sos-shop.ch\/en\/wp-json\/wp\/v2\/product"}],"about":[{"href":"https:\/\/dev.sos-shop.ch\/en\/wp-json\/wp\/v2\/types\/product"}],"version-history":[{"count":0,"href":"https:\/\/dev.sos-shop.ch\/en\/wp-json\/wp\/v2\/product\/18106\/revisions"}],"wp:featuredmedia":[{"embeddable":true,"href":"https:\/\/dev.sos-shop.ch\/en\/wp-json\/wp\/v2\/media\/18107"}],"wp:attachment":[{"href":"https:\/\/dev.sos-shop.ch\/en\/wp-json\/wp\/v2\/media?parent=18106"}],"wp:term":[{"taxonomy":"product_cat","embeddable":true,"href":"https:\/\/dev.sos-shop.ch\/en\/wp-json\/wp\/v2\/product_cat?post=18106"},{"taxonomy":"product_tag","embeddable":true,"href":"https:\/\/dev.sos-shop.ch\/en\/wp-json\/wp\/v2\/product_tag?post=18106"}],"curies":[{"name":"wp","href":"https:\/\/api.w.org\/{rel}","templated":true}]}}