{"id":16843,"date":"2020-10-22T12:43:07","date_gmt":"2020-10-22T11:43:07","guid":{"rendered":"https:\/\/sos-shop.ch\/?post_type=product&#038;p=16843"},"modified":"2025-03-17T04:40:43","modified_gmt":"2025-03-17T03:40:43","slug":"absolut-vodka-l","status":"publish","type":"product","link":"https:\/\/dev.sos-shop.ch\/en\/shop\/absolut-vodka-l\/","title":{"rendered":"Absolut Vodka 70 cl (interdit aux &#8211; 18 ans)"},"content":{"rendered":"<p>Absolut Vodka est une vodka su\u00e9doise fabriqu\u00e9e exclusivement \u00e0 partir d&#8217;ingr\u00e9dients naturels, et contrairement \u00e0 certaines autres vodkas, elle ne contient aucun sucre ajout\u00e9.\u00a0En fait, Absolut est aussi propre que la vodka peut l&#8217;\u00eatre.\u00a0Pourtant, il a un certain go\u00fbt: Riche, cors\u00e9 et complexe, mais doux et moelleux avec un caract\u00e8re distinct de grain, suivi d&#8217;un soup\u00e7on de fruits secs.<\/p>","protected":false},"excerpt":{"rendered":"<p>Absolut Vodka est une vodka su\u00e9doise fabriqu\u00e9e exclusivement \u00e0 partir d&#8217;ingr\u00e9dients naturels, et contrairement \u00e0 certaines autres vodkas, elle ne contient aucun sucre ajout\u00e9.\u00a0En fait, Absolut est aussi propre que la vodka peut l&#8217;\u00eatre.\u00a0Pourtant, il a un certain go\u00fbt: Riche, cors\u00e9 et complexe, mais doux et moelleux avec un caract\u00e8re distinct de grain, suivi d&#8217;un&hellip;<\/p>","protected":false},"featured_media":16850,"template":"","meta":[],"product_cat":[416],"product_tag":[],"acf":[],"_links":{"self":[{"href":"https:\/\/dev.sos-shop.ch\/en\/wp-json\/wp\/v2\/product\/16843"}],"collection":[{"href":"https:\/\/dev.sos-shop.ch\/en\/wp-json\/wp\/v2\/product"}],"about":[{"href":"https:\/\/dev.sos-shop.ch\/en\/wp-json\/wp\/v2\/types\/product"}],"version-history":[{"count":0,"href":"https:\/\/dev.sos-shop.ch\/en\/wp-json\/wp\/v2\/product\/16843\/revisions"}],"wp:featuredmedia":[{"embeddable":true,"href":"https:\/\/dev.sos-shop.ch\/en\/wp-json\/wp\/v2\/media\/16850"}],"wp:attachment":[{"href":"https:\/\/dev.sos-shop.ch\/en\/wp-json\/wp\/v2\/media?parent=16843"}],"wp:term":[{"taxonomy":"product_cat","embeddable":true,"href":"https:\/\/dev.sos-shop.ch\/en\/wp-json\/wp\/v2\/product_cat?post=16843"},{"taxonomy":"product_tag","embeddable":true,"href":"https:\/\/dev.sos-shop.ch\/en\/wp-json\/wp\/v2\/product_tag?post=16843"}],"curies":[{"name":"wp","href":"https:\/\/api.w.org\/{rel}","templated":true}]}}