{"id":16644,"date":"2020-10-22T10:38:30","date_gmt":"2020-10-22T09:38:30","guid":{"rendered":"https:\/\/sos-shop.ch\/?post_type=product&#038;p=16644"},"modified":"2025-03-17T04:40:44","modified_gmt":"2025-03-17T03:40:44","slug":"disaronno-amaretto","status":"publish","type":"product","link":"https:\/\/dev.sos-shop.ch\/en\/shop\/disaronno-amaretto\/","title":{"rendered":"Disaronno Amaretto 70cl (interdit aux &#8211; 18 ans)"},"content":{"rendered":"<p>Processus de production de\u00a0liqueur\u00a0: Recette secr\u00e8te inchang\u00e9e depuis 1525.<br \/>\nDisaronno est l&#8217;Amaretto original et l&#8217;une des liqueurs les plus anciennes et les plus c\u00e9l\u00e8bres d&#8217;Italie.\u00a0Alc.\u00a028% vol.\u00a0700 ml.<\/p>","protected":false},"excerpt":{"rendered":"<p>Processus de production de\u00a0liqueur\u00a0: Recette secr\u00e8te inchang\u00e9e depuis 1525. Disaronno est l&#8217;Amaretto original et l&#8217;une des liqueurs les plus anciennes et les plus c\u00e9l\u00e8bres d&#8217;Italie.\u00a0Alc.\u00a028% vol.\u00a0700 ml.<\/p>","protected":false},"featured_media":16646,"template":"","meta":[],"product_cat":[416],"product_tag":[],"acf":[],"_links":{"self":[{"href":"https:\/\/dev.sos-shop.ch\/en\/wp-json\/wp\/v2\/product\/16644"}],"collection":[{"href":"https:\/\/dev.sos-shop.ch\/en\/wp-json\/wp\/v2\/product"}],"about":[{"href":"https:\/\/dev.sos-shop.ch\/en\/wp-json\/wp\/v2\/types\/product"}],"version-history":[{"count":0,"href":"https:\/\/dev.sos-shop.ch\/en\/wp-json\/wp\/v2\/product\/16644\/revisions"}],"wp:featuredmedia":[{"embeddable":true,"href":"https:\/\/dev.sos-shop.ch\/en\/wp-json\/wp\/v2\/media\/16646"}],"wp:attachment":[{"href":"https:\/\/dev.sos-shop.ch\/en\/wp-json\/wp\/v2\/media?parent=16644"}],"wp:term":[{"taxonomy":"product_cat","embeddable":true,"href":"https:\/\/dev.sos-shop.ch\/en\/wp-json\/wp\/v2\/product_cat?post=16644"},{"taxonomy":"product_tag","embeddable":true,"href":"https:\/\/dev.sos-shop.ch\/en\/wp-json\/wp\/v2\/product_tag?post=16644"}],"curies":[{"name":"wp","href":"https:\/\/api.w.org\/{rel}","templated":true}]}}