{"id":16452,"date":"2020-10-22T08:36:59","date_gmt":"2020-10-22T07:36:59","guid":{"rendered":"https:\/\/sos-shop.ch\/?post_type=product&#038;p=16452"},"modified":"2025-03-17T04:40:45","modified_gmt":"2025-03-17T03:40:45","slug":"nivea-sun-protect-refresh-dry-touch-spray-solaire-ip-30__trashed","status":"publish","type":"product","link":"https:\/\/dev.sos-shop.ch\/en\/shop\/nivea-sun-protect-refresh-dry-touch-spray-solaire-ip-30__trashed\/","title":{"rendered":"Nivea Sun Protect &amp; Refresh Dry Touch  Spray solaire IP 30"},"content":{"rendered":"<p><span>B\u00e9n\u00e9ficiez d&#8217;une protection solaire facile et instantan\u00e9e avec le spray rafra\u00eechissant invisible NIVEA Sun, Protect &amp; Refresh FPS 30. Le spray solaire rafra\u00eechissant invisible offre une protection imm\u00e9diate contre les rayons UVA et UVB du soleil.\u00a0La cr\u00e8me solaire est \u00e9galement r\u00e9sistante \u00e0 l&#8217;eau et laisse la peau fra\u00eeche et soyeuse sans laisser de traces blanches sur la peau.\u00a0Le flacon pulv\u00e9risateur facile \u00e0 utiliser rend l&#8217;application tr\u00e8s simple.\u00a0Alors vaporisez et amusez-vous au soleil!<\/span><\/p>\n<p>&nbsp;<\/p>","protected":false},"excerpt":{"rendered":"<p>B\u00e9n\u00e9ficiez d&#8217;une protection solaire facile et instantan\u00e9e avec le spray rafra\u00eechissant invisible NIVEA Sun, Protect &amp; Refresh FPS 30. Le spray solaire rafra\u00eechissant invisible offre une protection imm\u00e9diate contre les rayons UVA et UVB du soleil.\u00a0La cr\u00e8me solaire est \u00e9galement r\u00e9sistante \u00e0 l&#8217;eau et laisse la peau fra\u00eeche et soyeuse sans laisser de traces blanches&hellip;<\/p>","protected":false},"featured_media":16433,"template":"","meta":[],"product_cat":[678],"product_tag":[],"acf":[],"_links":{"self":[{"href":"https:\/\/dev.sos-shop.ch\/en\/wp-json\/wp\/v2\/product\/16452"}],"collection":[{"href":"https:\/\/dev.sos-shop.ch\/en\/wp-json\/wp\/v2\/product"}],"about":[{"href":"https:\/\/dev.sos-shop.ch\/en\/wp-json\/wp\/v2\/types\/product"}],"version-history":[{"count":0,"href":"https:\/\/dev.sos-shop.ch\/en\/wp-json\/wp\/v2\/product\/16452\/revisions"}],"wp:featuredmedia":[{"embeddable":true,"href":"https:\/\/dev.sos-shop.ch\/en\/wp-json\/wp\/v2\/media\/16433"}],"wp:attachment":[{"href":"https:\/\/dev.sos-shop.ch\/en\/wp-json\/wp\/v2\/media?parent=16452"}],"wp:term":[{"taxonomy":"product_cat","embeddable":true,"href":"https:\/\/dev.sos-shop.ch\/en\/wp-json\/wp\/v2\/product_cat?post=16452"},{"taxonomy":"product_tag","embeddable":true,"href":"https:\/\/dev.sos-shop.ch\/en\/wp-json\/wp\/v2\/product_tag?post=16452"}],"curies":[{"name":"wp","href":"https:\/\/api.w.org\/{rel}","templated":true}]}}