{"id":16332,"date":"2020-10-22T05:59:12","date_gmt":"2020-10-22T04:59:12","guid":{"rendered":"https:\/\/sos-shop.ch\/?post_type=product&#038;p=16332"},"modified":"2025-03-17T04:40:46","modified_gmt":"2025-03-17T03:40:46","slug":"tullamore-dew-irish-whiskey__trashed","status":"publish","type":"product","link":"https:\/\/dev.sos-shop.ch\/en\/shop\/tullamore-dew-irish-whiskey__trashed\/","title":{"rendered":"Tullamore Dew Irish Whiskey 70cl (interdit aux &#8211; 18 ans)"},"content":{"rendered":"<p>Whiskey<br \/>\nTullamore Dew: Le l\u00e9gendaire whisky irlandais.<br \/>\nDistill\u00e9 triple.<br \/>\nApr\u00e8s une triple distillation, Tullamore Dew est \u00e9lev\u00e9 dans des f\u00fbts de ch\u00eane s\u00e9lectionn\u00e9s, o\u00f9 il d\u00e9veloppe sa saveur d\u00e9licate sur une p\u00e9riode de six \u00e0 huit ans, et acquiert son caract\u00e8re unique gr\u00e2ce \u00e0 un assemblage minutieux.\u00a0Le processus sp\u00e9cial de s\u00e9chage du malt donne \u00e0 Tullamore Dew un bouquet doux qui diff\u00e8re du go\u00fbt de tourbe fum\u00e9 du scotch.\u00a040% vol.\u00a0700 ml.<\/p>","protected":false},"excerpt":{"rendered":"<p>Whisky Tullamore Dew: Le l\u00e9gendaire whisky irlandais. Distill\u00e9 triple. Apr\u00e8s une triple distillation, Tullamore Dew est \u00e9lev\u00e9 dans des f\u00fbts de ch\u00eane s\u00e9lectionn\u00e9s, o\u00f9 il d\u00e9veloppe sa saveur d\u00e9licate sur une p\u00e9riode de six \u00e0 huit ans, et acquiert son caract\u00e8re unique gr\u00e2ce \u00e0 un assemblage minutieux.\u00a0Le processus sp\u00e9cial de s\u00e9chage du malt donne \u00e0&hellip;<\/p>","protected":false},"featured_media":16335,"template":"","meta":[],"product_cat":[416],"product_tag":[],"acf":[],"_links":{"self":[{"href":"https:\/\/dev.sos-shop.ch\/en\/wp-json\/wp\/v2\/product\/16332"}],"collection":[{"href":"https:\/\/dev.sos-shop.ch\/en\/wp-json\/wp\/v2\/product"}],"about":[{"href":"https:\/\/dev.sos-shop.ch\/en\/wp-json\/wp\/v2\/types\/product"}],"version-history":[{"count":0,"href":"https:\/\/dev.sos-shop.ch\/en\/wp-json\/wp\/v2\/product\/16332\/revisions"}],"wp:featuredmedia":[{"embeddable":true,"href":"https:\/\/dev.sos-shop.ch\/en\/wp-json\/wp\/v2\/media\/16335"}],"wp:attachment":[{"href":"https:\/\/dev.sos-shop.ch\/en\/wp-json\/wp\/v2\/media?parent=16332"}],"wp:term":[{"taxonomy":"product_cat","embeddable":true,"href":"https:\/\/dev.sos-shop.ch\/en\/wp-json\/wp\/v2\/product_cat?post=16332"},{"taxonomy":"product_tag","embeddable":true,"href":"https:\/\/dev.sos-shop.ch\/en\/wp-json\/wp\/v2\/product_tag?post=16332"}],"curies":[{"name":"wp","href":"https:\/\/api.w.org\/{rel}","templated":true}]}}