{"id":15962,"date":"2020-10-21T05:33:33","date_gmt":"2020-10-21T04:33:33","guid":{"rendered":"https:\/\/sos-shop.ch\/?post_type=product&#038;p=15962"},"modified":"2025-03-17T04:40:48","modified_gmt":"2025-03-17T03:40:48","slug":"tetesept-vitamines-complexe-a-z","status":"publish","type":"product","link":"https:\/\/dev.sos-shop.ch\/en\/shop\/tetesept-vitamines-complexe-a-z\/","title":{"rendered":"Tetesept Vitamines Complexe A-Z 32 Tablettes"},"content":{"rendered":"<p>Le besoin de nutriments ne peut pas toujours \u00eatre satisfait avec l&#8217;alimentation quotidienne.\u00a0Les comprim\u00e9s complexes tetesept A &#8211; Z contiennent des vitamines, des min\u00e9raux et des oligo-\u00e9l\u00e9ments soigneusement coordonn\u00e9s, de la vitamine A \u00e0 l&#8217;oligo-\u00e9l\u00e9ment zinc.\u00a0Ces nutriments apportent une contribution importante \u00e0 l&#8217;approvisionnement de votre corps en substances vitales.<\/p>","protected":false},"excerpt":{"rendered":"<p>Le besoin de nutriments ne peut pas toujours \u00eatre satisfait avec l&#8217;alimentation quotidienne.\u00a0Les comprim\u00e9s complexes tetesept A &#8211; Z contiennent des vitamines, des min\u00e9raux et des oligo-\u00e9l\u00e9ments soigneusement coordonn\u00e9s, de la vitamine A \u00e0 l&#8217;oligo-\u00e9l\u00e9ment zinc.\u00a0Ces nutriments apportent une contribution importante \u00e0 l&#8217;approvisionnement de votre corps en substances vitales.<\/p>","protected":false},"featured_media":15968,"template":"","meta":[],"product_cat":[678],"product_tag":[],"acf":[],"_links":{"self":[{"href":"https:\/\/dev.sos-shop.ch\/en\/wp-json\/wp\/v2\/product\/15962"}],"collection":[{"href":"https:\/\/dev.sos-shop.ch\/en\/wp-json\/wp\/v2\/product"}],"about":[{"href":"https:\/\/dev.sos-shop.ch\/en\/wp-json\/wp\/v2\/types\/product"}],"version-history":[{"count":0,"href":"https:\/\/dev.sos-shop.ch\/en\/wp-json\/wp\/v2\/product\/15962\/revisions"}],"wp:featuredmedia":[{"embeddable":true,"href":"https:\/\/dev.sos-shop.ch\/en\/wp-json\/wp\/v2\/media\/15968"}],"wp:attachment":[{"href":"https:\/\/dev.sos-shop.ch\/en\/wp-json\/wp\/v2\/media?parent=15962"}],"wp:term":[{"taxonomy":"product_cat","embeddable":true,"href":"https:\/\/dev.sos-shop.ch\/en\/wp-json\/wp\/v2\/product_cat?post=15962"},{"taxonomy":"product_tag","embeddable":true,"href":"https:\/\/dev.sos-shop.ch\/en\/wp-json\/wp\/v2\/product_tag?post=15962"}],"curies":[{"name":"wp","href":"https:\/\/api.w.org\/{rel}","templated":true}]}}