{"id":15306,"date":"2020-10-17T13:43:40","date_gmt":"2020-10-17T12:43:40","guid":{"rendered":"https:\/\/sos-shop.ch\/?post_type=product&#038;p=15306"},"modified":"2025-03-17T04:40:52","modified_gmt":"2025-03-17T03:40:52","slug":"colgate-zahnpasta-blue-fresh-gel__trashed","status":"publish","type":"product","link":"https:\/\/dev.sos-shop.ch\/en\/shop\/colgate-zahnpasta-blue-fresh-gel__trashed\/","title":{"rendered":"Colgate Blue Fresh Gel 125 ml"},"content":{"rendered":"<p>Allumez le pouvoir de la fra\u00eecheur avec le dentifrice Colgate Maxfre qui vous rafra\u00eechit et vous aide \u00e0 saisir la journ\u00e9e car chaque matin est un nouveau d\u00e9part.\u00a0Le dentifrice en gel bleu contient des cyrstals de refroidissement uniques qui vous procurent un refroidissement intense pendant que vous vous brossez.\u00a0Colgate est la marque de soins bucco-dentaires la plus fiable en Inde.\u00a0En tant que partenaire de confiance, nous nous engageons \u00e0 faire des affaires avec int\u00e9grit\u00e9 et respect pour toutes les personnes et le monde qui vous entoure.\u00a0Colgate propose des produits de soins bucco-dentaires de qualit\u00e9, notamment des dentifrices et des brosses \u00e0 dents, ainsi que des informations d&#8217;experts sur la sant\u00e9 dentaire.\u00a0Les dentifrices Colgate sont toujours 100% v\u00e9g\u00e9tariens, sans sucre et sans gluten.\u00a0Nous nous soucions de notre environnement, Colgate India est le premier pays \u00e0 obtenir la certification True Zero Waste Platinum pour ses quatre sites de fabrication en Inde, de Green Business Certification Inc. (GBCI).<\/p>","protected":false},"excerpt":{"rendered":"<p>Allumez le pouvoir de la fra\u00eecheur avec le dentifrice Colgate Maxfre qui vous rafra\u00eechit et vous aide \u00e0 saisir la journ\u00e9e car chaque matin est un nouveau d\u00e9part.\u00a0Le dentifrice en gel bleu contient des cyrstals de refroidissement uniques qui vous procurent un refroidissement intense pendant que vous vous brossez.\u00a0Colgate est la marque de soins bucco-dentaires&hellip;<\/p>","protected":false},"featured_media":15307,"template":"","meta":[],"product_cat":[678],"product_tag":[],"acf":[],"_links":{"self":[{"href":"https:\/\/dev.sos-shop.ch\/en\/wp-json\/wp\/v2\/product\/15306"}],"collection":[{"href":"https:\/\/dev.sos-shop.ch\/en\/wp-json\/wp\/v2\/product"}],"about":[{"href":"https:\/\/dev.sos-shop.ch\/en\/wp-json\/wp\/v2\/types\/product"}],"version-history":[{"count":0,"href":"https:\/\/dev.sos-shop.ch\/en\/wp-json\/wp\/v2\/product\/15306\/revisions"}],"wp:featuredmedia":[{"embeddable":true,"href":"https:\/\/dev.sos-shop.ch\/en\/wp-json\/wp\/v2\/media\/15307"}],"wp:attachment":[{"href":"https:\/\/dev.sos-shop.ch\/en\/wp-json\/wp\/v2\/media?parent=15306"}],"wp:term":[{"taxonomy":"product_cat","embeddable":true,"href":"https:\/\/dev.sos-shop.ch\/en\/wp-json\/wp\/v2\/product_cat?post=15306"},{"taxonomy":"product_tag","embeddable":true,"href":"https:\/\/dev.sos-shop.ch\/en\/wp-json\/wp\/v2\/product_tag?post=15306"}],"curies":[{"name":"wp","href":"https:\/\/api.w.org\/{rel}","templated":true}]}}