{"id":15214,"date":"2020-10-17T05:29:09","date_gmt":"2020-10-17T04:29:09","guid":{"rendered":"https:\/\/sos-shop.ch\/?post_type=product&#038;p=15214"},"modified":"2025-03-17T04:40:52","modified_gmt":"2025-03-17T03:40:52","slug":"denner-mouchoirs-boite-4-plis-100-lingettes","status":"publish","type":"product","link":"https:\/\/dev.sos-shop.ch\/en\/shop\/denner-mouchoirs-boite-4-plis-100-lingettes\/","title":{"rendered":"Denner Mouchoirs Boite 4 plis 100 feuilles"},"content":{"rendered":"<p>Ce lot de 21 bo\u00eetes rectangulaires de mouchoirs \u00e0 2 plis doux, r\u00e9sistants et absorbants est id\u00e9al pour tous les environnements soucieux de projeter une image de haute qualit\u00e9 (bureaux, h\u00f4tels\u2026). Les clients et employ\u00e9s b\u00e9n\u00e9ficient \u00e9galement de la douceur et des performances qu\u2019ils attendent d\u2019une grande marque de confiance. Vous renvoyez ainsi une image \u00e9l\u00e9gante et professionnelle tout en g\u00e9rant les co\u00fbts gr\u00e2ce au syst\u00e8me de distribution feuille \u00e0 feuille anti-gaspillage. Les mouchoirs en papier Kleenex portent le label FSC, ce qui garantit que ces produits sont fabriqu\u00e9s \u00e0 partir de bois ou contiennent du bois provenant de for\u00eats certifi\u00e9es FSC. Ces derni\u00e8res sont g\u00e9r\u00e9es de mani\u00e8re \u00e0 r\u00e9pondre aux besoins sociaux, \u00e9conomiques et \u00e9cologiques des g\u00e9n\u00e9rations actuelles et futures. 21 bo\u00eetes de 100 mouchoirs (2100 pi\u00e8ces au total). 2 \u00e9paisseurs. Blanc. Dimensions d\u2019une bo\u00eete (LxlxH) : 23 cm x 11,4 cm x 4,8 cm, Dimensions d\u2019une feuille (Lxl) : 21,5 cm x 18,6 cm, Couleur : Blanc, Art : 08835020<\/p>","protected":false},"excerpt":{"rendered":"<p>Ce lot de 21 bo\u00eetes rectangulaires de mouchoirs \u00e0 2 plis doux, r\u00e9sistants et absorbants est id\u00e9al pour tous les environnements soucieux de projeter une image de haute qualit\u00e9 (bureaux, h\u00f4tels\u2026). Les clients et employ\u00e9s b\u00e9n\u00e9ficient \u00e9galement de la douceur et des performances qu\u2019ils attendent d\u2019une grande marque de confiance. Vous renvoyez ainsi une image&hellip;<\/p>","protected":false},"featured_media":20472,"template":"","meta":[],"product_cat":[678],"product_tag":[],"acf":[],"_links":{"self":[{"href":"https:\/\/dev.sos-shop.ch\/en\/wp-json\/wp\/v2\/product\/15214"}],"collection":[{"href":"https:\/\/dev.sos-shop.ch\/en\/wp-json\/wp\/v2\/product"}],"about":[{"href":"https:\/\/dev.sos-shop.ch\/en\/wp-json\/wp\/v2\/types\/product"}],"version-history":[{"count":0,"href":"https:\/\/dev.sos-shop.ch\/en\/wp-json\/wp\/v2\/product\/15214\/revisions"}],"wp:featuredmedia":[{"embeddable":true,"href":"https:\/\/dev.sos-shop.ch\/en\/wp-json\/wp\/v2\/media\/20472"}],"wp:attachment":[{"href":"https:\/\/dev.sos-shop.ch\/en\/wp-json\/wp\/v2\/media?parent=15214"}],"wp:term":[{"taxonomy":"product_cat","embeddable":true,"href":"https:\/\/dev.sos-shop.ch\/en\/wp-json\/wp\/v2\/product_cat?post=15214"},{"taxonomy":"product_tag","embeddable":true,"href":"https:\/\/dev.sos-shop.ch\/en\/wp-json\/wp\/v2\/product_tag?post=15214"}],"curies":[{"name":"wp","href":"https:\/\/api.w.org\/{rel}","templated":true}]}}